{"id":3179,"date":"2024-10-23T14:50:12","date_gmt":"2024-10-23T12:50:12","guid":{"rendered":"http:\/\/billigtrikots.com\/?post_type=product&#038;p=3179"},"modified":"2025-06-16T16:03:57","modified_gmt":"2025-06-16T14:03:57","slug":"kinder-fussball-trikot-juventus-turin-heimtrikot-2021-22-mit-aufdruck-bernardeschi-33","status":"publish","type":"product","link":"https:\/\/www.billigtrikotde.com\/fr\/kinder-fussball-trikot-juventus-turin-heimtrikot-2021-22-mit-aufdruck-bernardeschi-33\/","title":{"rendered":"Maillot de football pour enfants Juventus Turin maillot domicile 2021\/22 avec impression Bernardeschi 33"},"content":{"rendered":"<p>adidas Acc. enfant Juventus Turin maillot domicile 2021\/22. Un hommage au stade \u00e0 domicile. Ce maillot pour enfants et adolescents f\u00eate le 10e anniversaire du l\u00e9gendaire Allianz Stadium. Les \u00e9toiles marquantes du b\u00e2timent se retrouvent dans le design et apportent une touche sp\u00e9ciale au look classique avec les rayures noires. Le mat\u00e9riau doux et la technologie absorbant l'humidit\u00e9 AEROREADY assure une sensation de port agr\u00e9ablement s\u00e8che. Un maillot de fan avec des qualit\u00e9s de star. Logo du club Juventus Turin tiss\u00e9. Coupe r\u00e9guli\u00e8re. Encolure V c\u00f4tel\u00e9e. \u00c0 absorbeur d\u2019humidit\u00e9. Maille c\u00f4tel\u00e9e. Ce produit est Primegreen: fabriqu\u00e9 avec divers mat\u00e9riaux recycl\u00e9s fonctionnels. Mat\u00e9riau: 100% Polyester.<\/p>\n<p>Conseils pour l'impression : Si le nom et le num\u00e9ro figurant sur l'image correspondent exactement \u00e0 ce que vous souhaitez, vous ne devez pas les saisir \u00e0 nouveau. Si ce n'est pas le cas, vous devez saisir le nom et le num\u00e9ro que vous souhaitez.<\/p>\n<p>Conseils pour le lavage : Il est recommand\u00e9 de laver les maillots de football \u00e0 la main. Si vous souhaitez utiliser la machine \u00e0 laver, pensez \u00e0 retourner les maillots de football avant de les laver. Remplissez la machine avec de l'eau froide et utilisez un cycle de lavage d\u00e9licat pour mieux prot\u00e9ger les couleurs.<\/p>","protected":false},"excerpt":{"rendered":"<p>adidas Kinder Juventus Turin Home Trikot 2021\/22. Eine Hommage an das Heimstadion. Dieses Trikot f\u00fcr Kinder und Teens feiert das 10-j\u00e4hrige Jubil\u00e4um des legend\u00e4ren Allianz Stadiums. Die auff\u00e4lligen Sterne des Geb\u00e4udes finden sich auf dem Design wieder und verleihen dem klassischen Look mit den schwarzen Streifen einen besonderen Touch. Das weiche Material und die feuchtigkeitsabsorbierende [&hellip;]<\/p>","protected":false},"featured_media":3220,"comment_status":"open","ping_status":"closed","template":"","meta":[],"product_brand":[],"product_cat":[148],"product_tag":[20,60,61,149,94],"class_list":{"0":"post-3179","1":"product","2":"type-product","3":"status-publish","4":"has-post-thumbnail","6":"product_cat-juventus-kindertrikot","7":"product_tag-coole-fussballtrikots","8":"product_tag-juventus-heimtrikot","9":"product_tag-juventus-trikots","10":"product_tag-juventus-trikotsatz-fuer-kinder","11":"product_tag-kinder-fussball-trikotsatz","13":"first","14":"instock","15":"shipping-taxable","16":"purchasable","17":"product-type-variable"},"_links":{"self":[{"href":"https:\/\/www.billigtrikotde.com\/fr\/wp-json\/wp\/v2\/product\/3179","targetHints":{"allow":["GET"]}}],"collection":[{"href":"https:\/\/www.billigtrikotde.com\/fr\/wp-json\/wp\/v2\/product"}],"about":[{"href":"https:\/\/www.billigtrikotde.com\/fr\/wp-json\/wp\/v2\/types\/product"}],"replies":[{"embeddable":true,"href":"https:\/\/www.billigtrikotde.com\/fr\/wp-json\/wp\/v2\/comments?post=3179"}],"wp:featuredmedia":[{"embeddable":true,"href":"https:\/\/www.billigtrikotde.com\/fr\/wp-json\/wp\/v2\/media\/3220"}],"wp:attachment":[{"href":"https:\/\/www.billigtrikotde.com\/fr\/wp-json\/wp\/v2\/media?parent=3179"}],"wp:term":[{"taxonomy":"product_brand","embeddable":true,"href":"https:\/\/www.billigtrikotde.com\/fr\/wp-json\/wp\/v2\/product_brand?post=3179"},{"taxonomy":"product_cat","embeddable":true,"href":"https:\/\/www.billigtrikotde.com\/fr\/wp-json\/wp\/v2\/product_cat?post=3179"},{"taxonomy":"product_tag","embeddable":true,"href":"https:\/\/www.billigtrikotde.com\/fr\/wp-json\/wp\/v2\/product_tag?post=3179"}],"curies":[{"name":"wp","href":"https:\/\/api.w.org\/{rel}","templated":true}]}}