{"id":3139,"date":"2024-10-23T14:48:26","date_gmt":"2024-10-23T12:48:26","guid":{"rendered":"http:\/\/billigtrikots.com\/?post_type=product&#038;p=3139"},"modified":"2025-06-16T16:04:08","modified_gmt":"2025-06-16T14:04:08","slug":"juventus-turin-trikot-away-2021-22-fuer-kinder-schwarz-mit-aufdruck-de-ligt-4","status":"publish","type":"product","link":"https:\/\/www.billigtrikotde.com\/fr\/juventus-turin-trikot-away-2021-22-fuer-kinder-schwarz-mit-aufdruck-de-ligt-4\/","title":{"rendered":"Maillot Juventus Turin Ext\u00e9rieur 2021\/22 pour enfants noir avec impression De Ligt 4"},"content":{"rendered":"<p>Zeige deinen Teamstolz und unterst\u00fctze Juventus Turin in der Saison 2021\/2022 im offiziellen adidas Ausw\u00e4rtstrikot. Die Fan-Version des Away Jerseys f\u00fcr Kinder sieht aus wie das Modell, das die Juve-Profis auf dem Platz tragen. Das Design mit bunten Details und den 3-Streifen mit Farbverlauf ist von der energiegeladenen Elektro-Szene Turins inspiriert. Das nachhaltige Primegreen-Material besteht aus recyceltem Polyester und sorgt dank der feuchtigkeitsableitenden AEROREADY-Technologie f\u00fcr ein angenehm trockenes Tragegef\u00fchl. Authentische Teamdetails wie das Vereinswappen auf der Brust bezeugen deine Verbundenheit zur \u201aAlten Dame\u2018.<\/p>\n<p>Conseils pour l'impression : Si le nom et le num\u00e9ro figurant sur l'image correspondent exactement \u00e0 ce que vous souhaitez, vous ne devez pas les saisir \u00e0 nouveau. Si ce n'est pas le cas, vous devez saisir le nom et le num\u00e9ro que vous souhaitez.<\/p>\n<p>Conseils pour le lavage : Il est recommand\u00e9 de laver les maillots de football \u00e0 la main. Si vous souhaitez utiliser la machine \u00e0 laver, pensez \u00e0 retourner les maillots de football avant de les laver. Remplissez la machine avec de l'eau froide et utilisez un cycle de lavage d\u00e9licat pour mieux prot\u00e9ger les couleurs.<\/p>","protected":false},"excerpt":{"rendered":"<p>Montre ta fiert\u00e9 d'\u00e9quipe et soutiens Juventus Turin lors de la saison 2021\/2022 avec le maillot ext\u00e9rieur officiel adidas. La version fan du maillot ext\u00e9rieur pour enfants ressemble au mod\u00e8le port\u00e9 par les professionnels de la Juve sur le terrain. Le design avec des d\u00e9tails color\u00e9s et les 3 bandes d\u00e9grad\u00e9es est inspir\u00e9 par la sc\u00e8ne \u00e9lectro \u00e9nergique de Turin. Le mat\u00e9riau durable Primegreen est compos\u00e9 [\u2026]<\/p>","protected":false},"featured_media":3173,"comment_status":"open","ping_status":"closed","template":"","meta":[],"product_brand":[],"product_cat":[148],"product_tag":[20,150,61,149,94],"class_list":{"0":"post-3139","1":"product","2":"type-product","3":"status-publish","4":"has-post-thumbnail","6":"product_cat-juventus-kindertrikot","7":"product_tag-coole-fussballtrikots","8":"product_tag-juventus-auswaertstrikot","9":"product_tag-juventus-trikots","10":"product_tag-juventus-trikotsatz-fuer-kinder","11":"product_tag-kinder-fussball-trikotsatz","13":"first","14":"instock","15":"shipping-taxable","16":"purchasable","17":"product-type-variable"},"_links":{"self":[{"href":"https:\/\/www.billigtrikotde.com\/fr\/wp-json\/wp\/v2\/product\/3139","targetHints":{"allow":["GET"]}}],"collection":[{"href":"https:\/\/www.billigtrikotde.com\/fr\/wp-json\/wp\/v2\/product"}],"about":[{"href":"https:\/\/www.billigtrikotde.com\/fr\/wp-json\/wp\/v2\/types\/product"}],"replies":[{"embeddable":true,"href":"https:\/\/www.billigtrikotde.com\/fr\/wp-json\/wp\/v2\/comments?post=3139"}],"wp:featuredmedia":[{"embeddable":true,"href":"https:\/\/www.billigtrikotde.com\/fr\/wp-json\/wp\/v2\/media\/3173"}],"wp:attachment":[{"href":"https:\/\/www.billigtrikotde.com\/fr\/wp-json\/wp\/v2\/media?parent=3139"}],"wp:term":[{"taxonomy":"product_brand","embeddable":true,"href":"https:\/\/www.billigtrikotde.com\/fr\/wp-json\/wp\/v2\/product_brand?post=3139"},{"taxonomy":"product_cat","embeddable":true,"href":"https:\/\/www.billigtrikotde.com\/fr\/wp-json\/wp\/v2\/product_cat?post=3139"},{"taxonomy":"product_tag","embeddable":true,"href":"https:\/\/www.billigtrikotde.com\/fr\/wp-json\/wp\/v2\/product_tag?post=3139"}],"curies":[{"name":"wp","href":"https:\/\/api.w.org\/{rel}","templated":true}]}}