{"id":3133,"date":"2024-10-23T14:47:58","date_gmt":"2024-10-23T12:47:58","guid":{"rendered":"http:\/\/billigtrikots.com\/?post_type=product&#038;p=3133"},"modified":"2025-06-16T16:04:08","modified_gmt":"2025-06-16T14:04:08","slug":"juventus-turin-auswaertstrikot-2021-22-fuer-kinder-schwarz-mit-aufdruck-chiellini-3","status":"publish","type":"product","link":"https:\/\/www.billigtrikotde.com\/fr\/juventus-turin-auswaertstrikot-2021-22-fuer-kinder-schwarz-mit-aufdruck-chiellini-3\/","title":{"rendered":"Maillot ext\u00e9rieur de Juventus Turin 2021\/22 pour enfants noir avec impression Chiellini 3"},"content":{"rendered":"<p>M\u00eame les d\u00e9placements \u00e0 l\u2019ext\u00e9rieur n\u2019\u00f4tent pas le rythme aux professionnels de la Juventus Turin. Les d\u00e9tails color\u00e9s et les 3 bandes avec un d\u00e9grad\u00e9 de couleur sur ce maillot de football pour enfants et adolescents s\u2019inspirent de l\u2019\u00e9nergie \u00e9lectrique de Turin. Le tissu doux, avec la technologie AEROREADY qui absorbe l\u2019humidit\u00e9, garantit une sensation de port agr\u00e9able et s\u00e8che. Et le logo du sponsor tiss\u00e9 indique \u00e0 chacun pour quelle \u00e9quipe votre c\u0153ur bat. Ce produit est Primegreen : fabriqu\u00e9 avec divers mat\u00e9riaux recycl\u00e9s fonctionnels.<\/p>\n<p>Conseils pour l'impression : Si le nom et le num\u00e9ro figurant sur l'image correspondent exactement \u00e0 ce que vous souhaitez, vous ne devez pas les saisir \u00e0 nouveau. Si ce n'est pas le cas, vous devez saisir le nom et le num\u00e9ro que vous souhaitez.<\/p>\n<p>Conseils pour le lavage : Il est recommand\u00e9 de laver les maillots de football \u00e0 la main. Si vous souhaitez utiliser la machine \u00e0 laver, pensez \u00e0 retourner les maillots de football avant de les laver. Remplissez la machine avec de l'eau froide et utilisez un cycle de lavage d\u00e9licat pour mieux prot\u00e9ger les couleurs.<\/p>","protected":false},"excerpt":{"rendered":"<p>Auch Ausw\u00e4rtsspiele bringen die Profis von Juventus Turin nicht aus dem Rhythmus. Die bunten Details und die 3-Streifen mit Farbverlauf auf diesem Fu\u00dfballtrikot f\u00fcr Kinder und Teens sind von der energiegeladenen Elektro-Szene Turins inspiriert. Das weiche Material mit feuchtigkeitsabsorbierender AEROREADY Technologie garantiert ein angenehm trockenes Tragegef\u00fchl. Und das gewebte Verbandslogo zeigt jedem, f\u00fcr welches Team [&hellip;]<\/p>","protected":false},"featured_media":3172,"comment_status":"open","ping_status":"closed","template":"","meta":[],"product_brand":[],"product_cat":[148],"product_tag":[20,150,61,149,94],"class_list":{"0":"post-3133","1":"product","2":"type-product","3":"status-publish","4":"has-post-thumbnail","6":"product_cat-juventus-kindertrikot","7":"product_tag-coole-fussballtrikots","8":"product_tag-juventus-auswaertstrikot","9":"product_tag-juventus-trikots","10":"product_tag-juventus-trikotsatz-fuer-kinder","11":"product_tag-kinder-fussball-trikotsatz","13":"first","14":"instock","15":"shipping-taxable","16":"purchasable","17":"product-type-variable"},"_links":{"self":[{"href":"https:\/\/www.billigtrikotde.com\/fr\/wp-json\/wp\/v2\/product\/3133","targetHints":{"allow":["GET"]}}],"collection":[{"href":"https:\/\/www.billigtrikotde.com\/fr\/wp-json\/wp\/v2\/product"}],"about":[{"href":"https:\/\/www.billigtrikotde.com\/fr\/wp-json\/wp\/v2\/types\/product"}],"replies":[{"embeddable":true,"href":"https:\/\/www.billigtrikotde.com\/fr\/wp-json\/wp\/v2\/comments?post=3133"}],"wp:featuredmedia":[{"embeddable":true,"href":"https:\/\/www.billigtrikotde.com\/fr\/wp-json\/wp\/v2\/media\/3172"}],"wp:attachment":[{"href":"https:\/\/www.billigtrikotde.com\/fr\/wp-json\/wp\/v2\/media?parent=3133"}],"wp:term":[{"taxonomy":"product_brand","embeddable":true,"href":"https:\/\/www.billigtrikotde.com\/fr\/wp-json\/wp\/v2\/product_brand?post=3133"},{"taxonomy":"product_cat","embeddable":true,"href":"https:\/\/www.billigtrikotde.com\/fr\/wp-json\/wp\/v2\/product_cat?post=3133"},{"taxonomy":"product_tag","embeddable":true,"href":"https:\/\/www.billigtrikotde.com\/fr\/wp-json\/wp\/v2\/product_tag?post=3133"}],"curies":[{"name":"wp","href":"https:\/\/api.w.org\/{rel}","templated":true}]}}