{"id":3106,"date":"2024-10-23T14:46:48","date_gmt":"2024-10-23T12:46:48","guid":{"rendered":"http:\/\/billigtrikots.com\/?post_type=product&#038;p=3106"},"modified":"2024-10-23T14:48:55","modified_gmt":"2024-10-23T12:48:55","slug":"kindertrikot-fc-barcelona-2021-22-heim-trikotsatz-blau-rot-mit-aufdruck-neto-13","status":"publish","type":"product","link":"https:\/\/www.billigtrikotde.com\/fr\/kindertrikot-fc-barcelona-2021-22-heim-trikotsatz-blau-rot-mit-aufdruck-neto-13\/","title":{"rendered":"Maillot domicile du FC Barcelone pour enfants 2021\/22 Ensemble Bleu et Rouge avec impression NETO 13"},"content":{"rendered":"<p>Le maillot pour enfants de Nike en bleu te permet de porter les couleurs de ton club et de montrer \u00e0 tous ce que ton c\u0153ur soutient. \u00c9largis ta collection FC Barcelone avec le maillot domicile que portent \u00e9galement les joueurs de la Primera Division. Nous recommandons ce mod\u00e8le l\u00e9ger, confortable, respirant et \u00e9vacuant la transpiration avec une sensation agr\u00e9able au port\u00e9. C'est un maillot de sport qui peut faire sensation gr\u00e2ce au blason du club sur la poitrine. Ainsi, tu seras encore plus performant et tu pourras donner le meilleur de toi-m\u00eame \u00e0 chaque s\u00e9ance. Le superbe mod\u00e8le bleu avec motif \u00e0 rayures a vraiment fi\u00e8re allure.<\/p>\n<p>Conseils pour l'impression : Si le nom et le num\u00e9ro figurant sur l'image correspondent exactement \u00e0 ce que vous souhaitez, vous ne devez pas les saisir \u00e0 nouveau. Si ce n'est pas le cas, vous devez saisir le nom et le num\u00e9ro que vous souhaitez.<\/p>\n<p>Conseils pour le lavage : Il est recommand\u00e9 de laver les maillots de football \u00e0 la main. Si vous souhaitez utiliser la machine \u00e0 laver, pensez \u00e0 retourner les maillots de football avant de les laver. Remplissez la machine avec de l'eau froide et utilisez un cycle de lavage d\u00e9licat pour mieux prot\u00e9ger les couleurs.<\/p>","protected":false},"excerpt":{"rendered":"<p>Le maillot pour enfants de Nike en bleu vous permet de porter les couleurs de votre club et de montrer \u00e0 tous pour qui votre c\u0153ur bat. \u00c9largissez votre collection FC Barcelone avec le maillot domicile, port\u00e9 \u00e9galement par les joueurs en Primera Division. Nous recommandons ce mod\u00e8le l\u00e9ger, confortable, respirant et \u00e9vacuant la transpiration, avec une sensation agr\u00e9able au port\u00e9. Il s'agit d'un maillot de sport qui par [\u2026]<\/p>","protected":false},"featured_media":3146,"comment_status":"open","ping_status":"closed","template":"","meta":[],"product_brand":[],"product_cat":[146],"product_tag":[32,147,20,33,21,22,23,24,94],"class_list":{"0":"post-3106","1":"product","2":"type-product","3":"status-publish","4":"has-post-thumbnail","6":"product_cat-barcelona-kindertrikot","7":"product_tag-barcelona-heimtrikot","8":"product_tag-barcelona-trikotsatz-fuer-kinder","9":"product_tag-coole-fussballtrikots","10":"product_tag-fc-barcelona-trikots","11":"product_tag-fussballtrikot-fuer-herren","12":"product_tag-fussballtrikot-guenstig-kaufen","13":"product_tag-fussballtrikot-kurzarm","14":"product_tag-guenstiges-fussballtrikot","15":"product_tag-kinder-fussball-trikotsatz","17":"first","18":"instock","19":"shipping-taxable","20":"purchasable","21":"product-type-variable"},"_links":{"self":[{"href":"https:\/\/www.billigtrikotde.com\/fr\/wp-json\/wp\/v2\/product\/3106","targetHints":{"allow":["GET"]}}],"collection":[{"href":"https:\/\/www.billigtrikotde.com\/fr\/wp-json\/wp\/v2\/product"}],"about":[{"href":"https:\/\/www.billigtrikotde.com\/fr\/wp-json\/wp\/v2\/types\/product"}],"replies":[{"embeddable":true,"href":"https:\/\/www.billigtrikotde.com\/fr\/wp-json\/wp\/v2\/comments?post=3106"}],"wp:featuredmedia":[{"embeddable":true,"href":"https:\/\/www.billigtrikotde.com\/fr\/wp-json\/wp\/v2\/media\/3146"}],"wp:attachment":[{"href":"https:\/\/www.billigtrikotde.com\/fr\/wp-json\/wp\/v2\/media?parent=3106"}],"wp:term":[{"taxonomy":"product_brand","embeddable":true,"href":"https:\/\/www.billigtrikotde.com\/fr\/wp-json\/wp\/v2\/product_brand?post=3106"},{"taxonomy":"product_cat","embeddable":true,"href":"https:\/\/www.billigtrikotde.com\/fr\/wp-json\/wp\/v2\/product_cat?post=3106"},{"taxonomy":"product_tag","embeddable":true,"href":"https:\/\/www.billigtrikotde.com\/fr\/wp-json\/wp\/v2\/product_tag?post=3106"}],"curies":[{"name":"wp","href":"https:\/\/api.w.org\/{rel}","templated":true}]}}