{"id":3045,"date":"2024-10-23T14:43:57","date_gmt":"2024-10-23T12:43:57","guid":{"rendered":"http:\/\/billigtrikots.com\/?post_type=product&#038;p=3045"},"modified":"2024-10-23T14:46:06","modified_gmt":"2024-10-23T12:46:06","slug":"kinder-fussballtrikot-fc-barcelona-2021-22-auswaerts-trikot-mit-aufdruck-sergio-5","status":"publish","type":"product","link":"https:\/\/www.billigtrikotde.com\/fr\/kinder-fussballtrikot-fc-barcelona-2021-22-auswaerts-trikot-mit-aufdruck-sergio-5\/","title":{"rendered":"Maillot de football FC Barcelone pour enfants 2021\/22, maillot ext\u00e9rieur avec impression SERGIO 5"},"content":{"rendered":"<p>Les fans les plus jeunes montrent leur soutien \u00e0 travers le mod\u00e8le rafra\u00eechissant en violet. Nike a cr\u00e9\u00e9 un produit tr\u00e8s parfait avec le maillot de sport pour enfants. Aime ton \u00e9quipe \u2013 avec le maillot de sport ext\u00e9rieur du FC Barcelone, port\u00e9 m\u00eame par les joueurs en Primera Division, tu montres pour qui ton c\u0153ur bat. La fonctionnalit\u00e9 confortable, rafra\u00eechissante, \u00e9vacuant la transpiration, respirante et l\u00e9g\u00e8re permet de le convaincre. Le superbe look de ce maillot est renforc\u00e9 par un blason du club sur la poitrine. Avec ce maillot, tu es parfaitement \u00e9quip\u00e9 pour la prochaine s\u00e9ance.<\/p>\n<p>Conseils pour l'impression : Si le nom et le num\u00e9ro figurant sur l'image correspondent exactement \u00e0 ce que vous souhaitez, vous ne devez pas les saisir \u00e0 nouveau. Si ce n'est pas le cas, vous devez saisir le nom et le num\u00e9ro que vous souhaitez.<\/p>\n<p>Conseils pour le lavage : Il est recommand\u00e9 de laver les maillots de football \u00e0 la main. Si vous souhaitez utiliser la machine \u00e0 laver, pensez \u00e0 retourner les maillots de football avant de les laver. Remplissez la machine avec de l'eau froide et utilisez un cycle de lavage d\u00e9licat pour mieux prot\u00e9ger les couleurs.<\/p>","protected":false},"excerpt":{"rendered":"<p>Die j\u00fcngsten Fans zeigen ihre Unterst\u00fctzung durch das k\u00fchlende Modell in Lila. Nike hat mit dem Kinder-Sporttop ein sehr perfektes Produkt erschaffen. Liebe deine Mannschaft \u2013 mit dem Ausw\u00e4rts-Sporttop des FC Barcelona, das sogar von den Spielern in der Primera Division getragen wird, zeigst du, f\u00fcr wen dein Herz schl\u00e4gt. Die bequeme, k\u00fchlende, schwei\u00dfableitende, atmungsaktive [&hellip;]<\/p>","protected":false},"featured_media":3080,"comment_status":"open","ping_status":"closed","template":"","meta":[],"product_brand":[],"product_cat":[146],"product_tag":[36,147,20,33,21,22,23,24,94],"class_list":{"0":"post-3045","1":"product","2":"type-product","3":"status-publish","4":"has-post-thumbnail","6":"product_cat-barcelona-kindertrikot","7":"product_tag-barcelona-auswaertstrikot","8":"product_tag-barcelona-trikotsatz-fuer-kinder","9":"product_tag-coole-fussballtrikots","10":"product_tag-fc-barcelona-trikots","11":"product_tag-fussballtrikot-fuer-herren","12":"product_tag-fussballtrikot-guenstig-kaufen","13":"product_tag-fussballtrikot-kurzarm","14":"product_tag-guenstiges-fussballtrikot","15":"product_tag-kinder-fussball-trikotsatz","17":"first","18":"instock","19":"shipping-taxable","20":"purchasable","21":"product-type-variable"},"_links":{"self":[{"href":"https:\/\/www.billigtrikotde.com\/fr\/wp-json\/wp\/v2\/product\/3045","targetHints":{"allow":["GET"]}}],"collection":[{"href":"https:\/\/www.billigtrikotde.com\/fr\/wp-json\/wp\/v2\/product"}],"about":[{"href":"https:\/\/www.billigtrikotde.com\/fr\/wp-json\/wp\/v2\/types\/product"}],"replies":[{"embeddable":true,"href":"https:\/\/www.billigtrikotde.com\/fr\/wp-json\/wp\/v2\/comments?post=3045"}],"wp:featuredmedia":[{"embeddable":true,"href":"https:\/\/www.billigtrikotde.com\/fr\/wp-json\/wp\/v2\/media\/3080"}],"wp:attachment":[{"href":"https:\/\/www.billigtrikotde.com\/fr\/wp-json\/wp\/v2\/media?parent=3045"}],"wp:term":[{"taxonomy":"product_brand","embeddable":true,"href":"https:\/\/www.billigtrikotde.com\/fr\/wp-json\/wp\/v2\/product_brand?post=3045"},{"taxonomy":"product_cat","embeddable":true,"href":"https:\/\/www.billigtrikotde.com\/fr\/wp-json\/wp\/v2\/product_cat?post=3045"},{"taxonomy":"product_tag","embeddable":true,"href":"https:\/\/www.billigtrikotde.com\/fr\/wp-json\/wp\/v2\/product_tag?post=3045"}],"curies":[{"name":"wp","href":"https:\/\/api.w.org\/{rel}","templated":true}]}}