{"id":3033,"date":"2024-10-23T14:43:26","date_gmt":"2024-10-23T12:43:26","guid":{"rendered":"http:\/\/billigtrikots.com\/?post_type=product&#038;p=3033"},"modified":"2024-10-23T14:45:30","modified_gmt":"2024-10-23T12:45:30","slug":"manchester-city-auswaertstrikot-replica-2022-fuer-kinder","status":"publish","type":"product","link":"https:\/\/www.billigtrikotde.com\/fr\/manchester-city-auswaertstrikot-replica-2022-fuer-kinder\/","title":{"rendered":"Maillot ext\u00e9rieur Manchester City r\u00e9plique 2022 pour enfants"},"content":{"rendered":"<p>Un incontournable pour les fans de Manchester City. Ce maillot de football exceptionnel est une r\u00e9plique authentique du maillot que portent les stars de l'\u00e9quipe lors des matchs \u00e0 l'ext\u00e9rieur. Le meilleur, c'est que la technologie d'\u00e9vacuation de l'humidit\u00e9 dryCELL de PUMA te garde le dos au sec et que le maillot est fabriqu\u00e9 \u00e0 partir de fibres recycl\u00e9es, afin que tu puisses afficher ton soutien avec fiert\u00e9 et en toute conscience.<\/p>\n<p>Conseils pour l'impression : Si le nom et le num\u00e9ro figurant sur l'image correspondent exactement \u00e0 ce que vous souhaitez, vous ne devez pas les saisir \u00e0 nouveau. Si ce n'est pas le cas, vous devez saisir le nom et le num\u00e9ro que vous souhaitez.<\/p>\n<p>Conseils pour le lavage : Il est recommand\u00e9 de laver les maillots de football \u00e0 la main. Si vous souhaitez utiliser la machine \u00e0 laver, pensez \u00e0 retourner les maillots de football avant de les laver. Remplissez la machine avec de l'eau froide et utilisez un cycle de lavage d\u00e9licat pour mieux prot\u00e9ger les couleurs.<\/p>","protected":false},"excerpt":{"rendered":"<p>Un incontournable pour les fans de Manchester City. Ce maillot de football exceptionnel est une r\u00e9plique authentique du maillot que portent les stars de l'\u00e9quipe lors des matchs \u00e0 l'ext\u00e9rieur. Le meilleur, c'est que la technologie d'\u00e9vacuation de l'humidit\u00e9 dryCELL de PUMA te garde le dos au sec et que le maillot est fabriqu\u00e9 \u00e0 partir de fibres recycl\u00e9es, afin que tu puisses afficher ton soutien avec fiert\u00e9 et en toute conscience.<\/p>","protected":false},"featured_media":3067,"comment_status":"open","ping_status":"closed","template":"","meta":[],"product_brand":[],"product_cat":[144],"product_tag":[20,94,83,84,145],"class_list":{"0":"post-3033","1":"product","2":"type-product","3":"status-publish","4":"has-post-thumbnail","6":"product_cat-manchester-city-kindertrikot","7":"product_tag-coole-fussballtrikots","8":"product_tag-kinder-fussball-trikotsatz","9":"product_tag-manchester-city-auswaertstrikot","10":"product_tag-manchester-city-trikots","11":"product_tag-manchester-city-trikotsatz-fuer-kinder","13":"first","14":"instock","15":"shipping-taxable","16":"purchasable","17":"product-type-variable"},"_links":{"self":[{"href":"https:\/\/www.billigtrikotde.com\/fr\/wp-json\/wp\/v2\/product\/3033","targetHints":{"allow":["GET"]}}],"collection":[{"href":"https:\/\/www.billigtrikotde.com\/fr\/wp-json\/wp\/v2\/product"}],"about":[{"href":"https:\/\/www.billigtrikotde.com\/fr\/wp-json\/wp\/v2\/types\/product"}],"replies":[{"embeddable":true,"href":"https:\/\/www.billigtrikotde.com\/fr\/wp-json\/wp\/v2\/comments?post=3033"}],"wp:featuredmedia":[{"embeddable":true,"href":"https:\/\/www.billigtrikotde.com\/fr\/wp-json\/wp\/v2\/media\/3067"}],"wp:attachment":[{"href":"https:\/\/www.billigtrikotde.com\/fr\/wp-json\/wp\/v2\/media?parent=3033"}],"wp:term":[{"taxonomy":"product_brand","embeddable":true,"href":"https:\/\/www.billigtrikotde.com\/fr\/wp-json\/wp\/v2\/product_brand?post=3033"},{"taxonomy":"product_cat","embeddable":true,"href":"https:\/\/www.billigtrikotde.com\/fr\/wp-json\/wp\/v2\/product_cat?post=3033"},{"taxonomy":"product_tag","embeddable":true,"href":"https:\/\/www.billigtrikotde.com\/fr\/wp-json\/wp\/v2\/product_tag?post=3033"}],"curies":[{"name":"wp","href":"https:\/\/api.w.org\/{rel}","templated":true}]}}