{"id":303,"date":"2024-10-23T12:13:24","date_gmt":"2024-10-23T10:13:24","guid":{"rendered":"http:\/\/billigtrikots.com\/?post_type=product&#038;p=303"},"modified":"2024-10-23T12:15:54","modified_gmt":"2024-10-23T10:15:54","slug":"fc-barcelona-2021-22-auswaertstrikot-lila-gelb-mit-aufdruck-kun-agueero-19","status":"publish","type":"product","link":"https:\/\/www.billigtrikotde.com\/fr\/fc-barcelona-2021-22-auswaertstrikot-lila-gelb-mit-aufdruck-kun-agueero-19\/","title":{"rendered":"FC Barcelone 2021\/22 Maillot Ext\u00e9rieur violet\/jaune avec impression Kun Ag\u00fcero 19"},"content":{"rendered":"<p>Comme d'autres maillots de notre collection de stade, le maillot du FC Barcelone associe des d\u00e9tails de conception reproduits \u00e0 un mat\u00e9riau qui \u00e9vacue la transpiration, pour vous offrir un look pr\u00eat \u00e0 jouer, inspir\u00e9 par votre \u00e9quipe favorite.<\/p>\n<p>La technologie Nike Dri-FIT \u00e9vacue la transpiration pour une \u00e9vaporation plus rapide de votre peau et vous aide \u00e0 rester sec et confortable.<\/p>\n<p>Conseils pour l'impression : Si le nom et le num\u00e9ro figurant sur l'image correspondent exactement \u00e0 ce que vous souhaitez, vous ne devez pas les saisir \u00e0 nouveau. Si ce n'est pas le cas, vous devez saisir le nom et le num\u00e9ro que vous souhaitez.<\/p>\n<p>Conseils pour le lavage : Il est recommand\u00e9 de laver les maillots de football \u00e0 la main. Si vous souhaitez utiliser la machine \u00e0 laver, pensez \u00e0 retourner les maillots de football avant de les laver. Remplissez la machine avec de l'eau froide et utilisez un cycle de lavage d\u00e9licat pour mieux prot\u00e9ger les couleurs.<\/p>","protected":false},"excerpt":{"rendered":"<p>Wie andere Trikots aus unserer Stadion-Kollektion kombiniert das FC Barcelona Trikot nachgebildete Designdetails mit schwei\u00dfableitendem Material, um dir einen spielbereiten Look zu verleihen, der von deiner Lieblingsmannschaft inspiriert wurde. Die Nike Dri-FIT-Technologie leitet Schwei\u00df f\u00fcr eine schnellere Verdunstung von deiner Haut weg und hilft dir, trocken und bequem zu bleiben. Tipps zum Drucken: Wenn der [&hellip;]<\/p>","protected":false},"featured_media":359,"comment_status":"open","ping_status":"closed","template":"","meta":[],"product_brand":[],"product_cat":[31],"product_tag":[36,20,33,21,22,23,24],"class_list":{"0":"post-303","1":"product","2":"type-product","3":"status-publish","4":"has-post-thumbnail","6":"product_cat-fc-barcelona","7":"product_tag-barcelona-auswaertstrikot","8":"product_tag-coole-fussballtrikots","9":"product_tag-fc-barcelona-trikots","10":"product_tag-fussballtrikot-fuer-herren","11":"product_tag-fussballtrikot-guenstig-kaufen","12":"product_tag-fussballtrikot-kurzarm","13":"product_tag-guenstiges-fussballtrikot","15":"first","16":"instock","17":"shipping-taxable","18":"purchasable","19":"product-type-variable"},"_links":{"self":[{"href":"https:\/\/www.billigtrikotde.com\/fr\/wp-json\/wp\/v2\/product\/303","targetHints":{"allow":["GET"]}}],"collection":[{"href":"https:\/\/www.billigtrikotde.com\/fr\/wp-json\/wp\/v2\/product"}],"about":[{"href":"https:\/\/www.billigtrikotde.com\/fr\/wp-json\/wp\/v2\/types\/product"}],"replies":[{"embeddable":true,"href":"https:\/\/www.billigtrikotde.com\/fr\/wp-json\/wp\/v2\/comments?post=303"}],"wp:featuredmedia":[{"embeddable":true,"href":"https:\/\/www.billigtrikotde.com\/fr\/wp-json\/wp\/v2\/media\/359"}],"wp:attachment":[{"href":"https:\/\/www.billigtrikotde.com\/fr\/wp-json\/wp\/v2\/media?parent=303"}],"wp:term":[{"taxonomy":"product_brand","embeddable":true,"href":"https:\/\/www.billigtrikotde.com\/fr\/wp-json\/wp\/v2\/product_brand?post=303"},{"taxonomy":"product_cat","embeddable":true,"href":"https:\/\/www.billigtrikotde.com\/fr\/wp-json\/wp\/v2\/product_cat?post=303"},{"taxonomy":"product_tag","embeddable":true,"href":"https:\/\/www.billigtrikotde.com\/fr\/wp-json\/wp\/v2\/product_tag?post=303"}],"curies":[{"name":"wp","href":"https:\/\/api.w.org\/{rel}","templated":true}]}}