{"id":2985,"date":"2024-10-23T14:41:18","date_gmt":"2024-10-23T12:41:18","guid":{"rendered":"http:\/\/billigtrikots.com\/?post_type=product&#038;p=2985"},"modified":"2024-10-23T14:43:21","modified_gmt":"2024-10-23T12:43:21","slug":"manchester-united-auswaertstrikot-2022-fuer-kinder-weiss-mit-aufdruck-greenwood-11","status":"publish","type":"product","link":"https:\/\/www.billigtrikotde.com\/fr\/manchester-united-auswaertstrikot-2022-fuer-kinder-weiss-mit-aufdruck-greenwood-11\/","title":{"rendered":"Maillot ext\u00e9rieur de Manchester United 2022 pour enfants Blanc avec impression Greenwood 11"},"content":{"rendered":"<p>N'oublie jamais d'o\u00f9 tu viens ! La lettre \u00ab M \u00bb pour la ville natale du club a souvent trouv\u00e9 sa place sur les \u00e9quipements l\u00e9gendaires de Manchester United. Ce maillot de football adidas en version pour enfants et adolescents reprend cette lettre et adopte un look moderne rappelant un maillot classique des ann\u00e9es 90. Le mat\u00e9riau double tricot doux et la technologie absorbante d'humidit\u00e9 AEROREADY garantissent une sensation de confort sec. Le logo du club tiss\u00e9 montre \u00e9galement que tu es un vrai fan de Manchester United. Ce produit est Primegreen : fabriqu\u00e9 avec divers mat\u00e9riaux recycl\u00e9s fonctionnels.<\/p>\n<p>Conseils pour l'impression : Si le nom et le num\u00e9ro figurant sur l'image correspondent exactement \u00e0 ce que vous souhaitez, vous ne devez pas les saisir \u00e0 nouveau. Si ce n'est pas le cas, vous devez saisir le nom et le num\u00e9ro que vous souhaitez.<\/p>\n<p>Conseils pour le lavage : Il est recommand\u00e9 de laver les maillots de football \u00e0 la main. Si vous souhaitez utiliser la machine \u00e0 laver, pensez \u00e0 retourner les maillots de football avant de les laver. Remplissez la machine avec de l'eau froide et utilisez un cycle de lavage d\u00e9licat pour mieux prot\u00e9ger les couleurs.<\/p>","protected":false},"excerpt":{"rendered":"<p>N'oublie jamais d'o\u00f9 tu viens ! La lettre \u00ab M \u00bb pour la ville natale du club a souvent trouv\u00e9 sa place sur les \u00e9quipements l\u00e9gendaires de Manchester United. Ce maillot de football adidas en version pour enfants et adolescents reprend cette lettre et adopte un look moderne, rappelant un maillot classique des premi\u00e8res ann\u00e9es [\u2026]<\/p>","protected":false},"featured_media":3027,"comment_status":"open","ping_status":"closed","template":"","meta":[],"product_brand":[],"product_cat":[140],"product_tag":[20,94,51,52,142],"class_list":{"0":"post-2985","1":"product","2":"type-product","3":"status-publish","4":"has-post-thumbnail","6":"product_cat-manchester-united-kindertrikot","7":"product_tag-coole-fussballtrikots","8":"product_tag-kinder-fussball-trikotsatz","9":"product_tag-manchester-united-auswaertstrikot","10":"product_tag-manchester-united-trikots","11":"product_tag-manchester-united-trikotsatz-fuer-kinder","13":"first","14":"instock","15":"shipping-taxable","16":"purchasable","17":"product-type-variable"},"_links":{"self":[{"href":"https:\/\/www.billigtrikotde.com\/fr\/wp-json\/wp\/v2\/product\/2985","targetHints":{"allow":["GET"]}}],"collection":[{"href":"https:\/\/www.billigtrikotde.com\/fr\/wp-json\/wp\/v2\/product"}],"about":[{"href":"https:\/\/www.billigtrikotde.com\/fr\/wp-json\/wp\/v2\/types\/product"}],"replies":[{"embeddable":true,"href":"https:\/\/www.billigtrikotde.com\/fr\/wp-json\/wp\/v2\/comments?post=2985"}],"wp:featuredmedia":[{"embeddable":true,"href":"https:\/\/www.billigtrikotde.com\/fr\/wp-json\/wp\/v2\/media\/3027"}],"wp:attachment":[{"href":"https:\/\/www.billigtrikotde.com\/fr\/wp-json\/wp\/v2\/media?parent=2985"}],"wp:term":[{"taxonomy":"product_brand","embeddable":true,"href":"https:\/\/www.billigtrikotde.com\/fr\/wp-json\/wp\/v2\/product_brand?post=2985"},{"taxonomy":"product_cat","embeddable":true,"href":"https:\/\/www.billigtrikotde.com\/fr\/wp-json\/wp\/v2\/product_cat?post=2985"},{"taxonomy":"product_tag","embeddable":true,"href":"https:\/\/www.billigtrikotde.com\/fr\/wp-json\/wp\/v2\/product_tag?post=2985"}],"curies":[{"name":"wp","href":"https:\/\/api.w.org\/{rel}","templated":true}]}}