{"id":2827,"date":"2024-10-23T14:34:17","date_gmt":"2024-10-23T12:34:17","guid":{"rendered":"http:\/\/billigtrikots.com\/?post_type=product&#038;p=2827"},"modified":"2024-10-23T14:36:19","modified_gmt":"2024-10-23T12:36:19","slug":"trikotsatz-as-roma-heim-trikot-2022-rot-fuer-kinder-pellegrini-7","status":"publish","type":"product","link":"https:\/\/www.billigtrikotde.com\/fr\/trikotsatz-as-roma-heim-trikot-2022-rot-fuer-kinder-pellegrini-7\/","title":{"rendered":"Jeu de maillots AS Roma domicile 2022 rouge pour enfants PELLEGRINI 7"},"content":{"rendered":"<p>Avec le nouveau maillot domicile de la Roma dans le look original de vos h\u00e9ros, vous ne faites pas seulement sensation dans le stade, mais vous pouvez aussi briller lors de vos entra\u00eenements ! Il est disponible dans les couleurs traditionnelles de domicile, en rouge et jaune, et est orn\u00e9 des d\u00e9tails officiels du club et des logos des sponsors. Pour la premi\u00e8re fois, les jaunes et rouges seront port\u00e9s par la saison \u00e0 venir par les joueurs de New [\u2026]<\/p>\n<p>Neben dem Design, haben auch Material und Schnitt einiges zu bieten. So kommt das Home Jersey in bester Qualit\u00e4t und wird aus 100% langlebigem Polyester hergestellt. Dar\u00fcber hinaus leitet das NB Dry-Material Schwei\u00df sofort vom K\u00f6rper ab und du bleibst stets trocken und k\u00fchl. Die bequeme, regul\u00e4re Passform l\u00e4sst dir viel Bewegungsfreiheit und der weiche V-Kragen legt sich geschmeidig an die Haut.<\/p>\n<p>Conseils pour l'impression : Si le nom et le num\u00e9ro figurant sur l'image correspondent exactement \u00e0 ce que vous souhaitez, vous ne devez pas les saisir \u00e0 nouveau. Si ce n'est pas le cas, vous devez saisir le nom et le num\u00e9ro que vous souhaitez.<\/p>\n<p>Conseils pour le lavage : Il est recommand\u00e9 de laver les maillots de football \u00e0 la main. Si vous souhaitez utiliser la machine \u00e0 laver, pensez \u00e0 retourner les maillots de football avant de les laver. Remplissez la machine avec de l'eau froide et utilisez un cycle de lavage d\u00e9licat pour mieux prot\u00e9ger les couleurs.<\/p>","protected":false},"excerpt":{"rendered":"<p>Avec le nouveau maillot domicile de la Roma dans le look original de vos h\u00e9ros, vous ne faites pas seulement sensation dans le stade, mais vous pouvez aussi briller lors de vos entra\u00eenements ! Il est disponible dans les couleurs traditionnelles de domicile, en rouge et jaune, et est orn\u00e9 des d\u00e9tails officiels du club et des logos des sponsors. Pour la premi\u00e8re fois, les jaunes et rouges seront port\u00e9s par la saison \u00e0 venir par les joueurs de New [\u2026]<\/p>","protected":false},"featured_media":2868,"comment_status":"open","ping_status":"closed","template":"","meta":[],"product_brand":[],"product_cat":[133],"product_tag":[86,87,134,20,94],"class_list":{"0":"post-2827","1":"product","2":"type-product","3":"status-publish","4":"has-post-thumbnail","6":"product_cat-as-roma-kindertrikot","7":"product_tag-as-roma-heimtrikot","8":"product_tag-as-roma-trikots","9":"product_tag-as-roma-trikotsatz-fuer-kinder","10":"product_tag-coole-fussballtrikots","11":"product_tag-kinder-fussball-trikotsatz","13":"first","14":"instock","15":"shipping-taxable","16":"purchasable","17":"product-type-variable"},"_links":{"self":[{"href":"https:\/\/www.billigtrikotde.com\/fr\/wp-json\/wp\/v2\/product\/2827","targetHints":{"allow":["GET"]}}],"collection":[{"href":"https:\/\/www.billigtrikotde.com\/fr\/wp-json\/wp\/v2\/product"}],"about":[{"href":"https:\/\/www.billigtrikotde.com\/fr\/wp-json\/wp\/v2\/types\/product"}],"replies":[{"embeddable":true,"href":"https:\/\/www.billigtrikotde.com\/fr\/wp-json\/wp\/v2\/comments?post=2827"}],"wp:featuredmedia":[{"embeddable":true,"href":"https:\/\/www.billigtrikotde.com\/fr\/wp-json\/wp\/v2\/media\/2868"}],"wp:attachment":[{"href":"https:\/\/www.billigtrikotde.com\/fr\/wp-json\/wp\/v2\/media?parent=2827"}],"wp:term":[{"taxonomy":"product_brand","embeddable":true,"href":"https:\/\/www.billigtrikotde.com\/fr\/wp-json\/wp\/v2\/product_brand?post=2827"},{"taxonomy":"product_cat","embeddable":true,"href":"https:\/\/www.billigtrikotde.com\/fr\/wp-json\/wp\/v2\/product_cat?post=2827"},{"taxonomy":"product_tag","embeddable":true,"href":"https:\/\/www.billigtrikotde.com\/fr\/wp-json\/wp\/v2\/product_tag?post=2827"}],"curies":[{"name":"wp","href":"https:\/\/api.w.org\/{rel}","templated":true}]}}