{"id":2815,"date":"2024-10-23T14:33:45","date_gmt":"2024-10-23T12:33:45","guid":{"rendered":"http:\/\/billigtrikots.com\/?post_type=product&#038;p=2815"},"modified":"2024-10-23T14:35:47","modified_gmt":"2024-10-23T12:35:47","slug":"fussballtrikot-spanien-heim-2022-erwachsene-rot-mit-aufdruck-morata-7","status":"publish","type":"product","link":"https:\/\/www.billigtrikotde.com\/fr\/fussballtrikot-spanien-heim-2022-erwachsene-rot-mit-aufdruck-morata-7\/","title":{"rendered":"Maillot de foot Espagne domicile 2022 adulte rouge avec impression MORATA 7"},"content":{"rendered":"<p>adidas lance avec le maillot rouge un produit avec lequel tu peux soutenir ton club pr\u00e9f\u00e9r\u00e9 dans les bons comme dans les mauvais moments avec amour et d\u00e9vouement. \u00c9largis ta collection avec le maillot domicile, que portent \u00e9galement les joueurs lors du championnat d'Europe. Sa respirabilit\u00e9, son confort, sa l\u00e9g\u00e8ret\u00e9 et sa capacit\u00e9 \u00e0 \u00e9vacuer la transpiration en font un choix convaincant. Ainsi, tu es encore plus performant et peux donner le meilleur de toi-m\u00eame \u00e0 chaque entra\u00eenement. Il devient un v\u00e9ritable point fort gr\u00e2ce au logo du club sur la poitrine.<\/p>\n<p>Conseils pour l'impression : Si le nom et le num\u00e9ro figurant sur l'image correspondent exactement \u00e0 ce que vous souhaitez, vous ne devez pas les saisir \u00e0 nouveau. Si ce n'est pas le cas, vous devez saisir le nom et le num\u00e9ro que vous souhaitez.<\/p>\n<p>Conseils pour le lavage : Il est recommand\u00e9 de laver les maillots de football \u00e0 la main. Si vous souhaitez utiliser la machine \u00e0 laver, pensez \u00e0 retourner les maillots de football avant de les laver. Remplissez la machine avec de l'eau froide et utilisez un cycle de lavage d\u00e9licat pour mieux prot\u00e9ger les couleurs.<\/p>","protected":false},"excerpt":{"rendered":"<p>adidas bringt mit dem Trikot in Rot ein Produkt heraus, mit dem du deinen Lieblingsverein in guten wie in schlechten Zeiten mit Liebe und Hingabe unterst\u00fctzen kannst. Erweitere deine Kollektion mit dem Heim-Trikot, das auch die Spieler bei der Europameisterschaft tragen. Die atmungsaktive, bequeme, leichte und schwei\u00dfableitende Funktionsweise l\u00e4sst es \u00fcberzeugen. So bist du noch [&hellip;]<\/p>","protected":false},"featured_media":2855,"comment_status":"open","ping_status":"closed","template":"","meta":[],"product_brand":[],"product_cat":[131],"product_tag":[20,21,22,23,24,132],"class_list":{"0":"post-2815","1":"product","2":"type-product","3":"status-publish","4":"has-post-thumbnail","6":"product_cat-spanien-trikots","7":"product_tag-coole-fussballtrikots","8":"product_tag-fussballtrikot-fuer-herren","9":"product_tag-fussballtrikot-guenstig-kaufen","10":"product_tag-fussballtrikot-kurzarm","11":"product_tag-guenstiges-fussballtrikot","12":"product_tag-spanien-heimtrikot","14":"first","15":"instock","16":"shipping-taxable","17":"purchasable","18":"product-type-variable"},"_links":{"self":[{"href":"https:\/\/www.billigtrikotde.com\/fr\/wp-json\/wp\/v2\/product\/2815","targetHints":{"allow":["GET"]}}],"collection":[{"href":"https:\/\/www.billigtrikotde.com\/fr\/wp-json\/wp\/v2\/product"}],"about":[{"href":"https:\/\/www.billigtrikotde.com\/fr\/wp-json\/wp\/v2\/types\/product"}],"replies":[{"embeddable":true,"href":"https:\/\/www.billigtrikotde.com\/fr\/wp-json\/wp\/v2\/comments?post=2815"}],"wp:featuredmedia":[{"embeddable":true,"href":"https:\/\/www.billigtrikotde.com\/fr\/wp-json\/wp\/v2\/media\/2855"}],"wp:attachment":[{"href":"https:\/\/www.billigtrikotde.com\/fr\/wp-json\/wp\/v2\/media?parent=2815"}],"wp:term":[{"taxonomy":"product_brand","embeddable":true,"href":"https:\/\/www.billigtrikotde.com\/fr\/wp-json\/wp\/v2\/product_brand?post=2815"},{"taxonomy":"product_cat","embeddable":true,"href":"https:\/\/www.billigtrikotde.com\/fr\/wp-json\/wp\/v2\/product_cat?post=2815"},{"taxonomy":"product_tag","embeddable":true,"href":"https:\/\/www.billigtrikotde.com\/fr\/wp-json\/wp\/v2\/product_tag?post=2815"}],"curies":[{"name":"wp","href":"https:\/\/api.w.org\/{rel}","templated":true}]}}