{"id":2760,"date":"2024-10-23T14:31:28","date_gmt":"2024-10-23T12:31:28","guid":{"rendered":"http:\/\/billigtrikots.com\/?post_type=product&#038;p=2760"},"modified":"2024-10-23T14:33:35","modified_gmt":"2024-10-23T12:33:35","slug":"uruguay-2022-heimtrikot-hellblau-herren-trikotsatz-mit-aufdruck-e-cavani-21","status":"publish","type":"product","link":"https:\/\/www.billigtrikotde.com\/fr\/uruguay-2022-heimtrikot-hellblau-herren-trikotsatz-mit-aufdruck-e-cavani-21\/","title":{"rendered":"Uruguay 2022 Maillot domicile bleu clair Ensemble de maillots Homme avec impression E. Cavani 21"},"content":{"rendered":"<p>Le design authentique de ce maillot domicile Puma est bas\u00e9 sur les maillots de jeu de l'\u00e9quipe Uruguay lors de la Copa Am\u00e9rica 2021. Avec ce maillot domicile r\u00e9plique officiel pour homme, vous obtenez le look de vos joueurs pr\u00e9f\u00e9r\u00e9s. Le mat\u00e9riau d\u00e9perlant dryCELL assure une sensation de s\u00e9cheresse et de confort, que ce soit \u00e0 l\u2019entra\u00eenement ou au stade. La coupe sportive vous soutient lors de tous vos mouvements. L\u2019embl\u00e8me sur la poitrine ne laisse aucun doute sur l\u2019\u00e9quipe que vous soutenez.<\/p>\n<p>Conseils pour l'impression : Si le nom et le num\u00e9ro figurant sur l'image correspondent exactement \u00e0 ce que vous souhaitez, vous ne devez pas les saisir \u00e0 nouveau. Si ce n'est pas le cas, vous devez saisir le nom et le num\u00e9ro que vous souhaitez.<\/p>\n<p>Conseils pour le lavage : Il est recommand\u00e9 de laver les maillots de football \u00e0 la main. Si vous souhaitez utiliser la machine \u00e0 laver, pensez \u00e0 retourner les maillots de football avant de les laver. Remplissez la machine avec de l'eau froide et utilisez un cycle de lavage d\u00e9licat pour mieux prot\u00e9ger les couleurs.<\/p>","protected":false},"excerpt":{"rendered":"<p>Le design authentique de ce maillot domicile Puma est bas\u00e9 sur les maillots de l'\u00e9quipe d'Uruguay lors de la Copa Am\u00e9rica 2022. Avec ce maillot domicile officiel en replica pour homme, vous adoptez le look de vos joueurs pr\u00e9f\u00e9r\u00e9s. Le mat\u00e9riau dryCELL qui \u00e9vacue l'humidit\u00e9 assure un confort sec et agr\u00e9able, que ce soit lors de l'entra\u00eenement ou au stade. La coupe sportive vous soutient dans tous vos mouvements. [...]<\/p>","protected":false},"featured_media":2804,"comment_status":"open","ping_status":"closed","template":"","meta":[],"product_brand":[],"product_cat":[128],"product_tag":[20,21,22,23,24,129,130],"class_list":{"0":"post-2760","1":"product","2":"type-product","3":"status-publish","4":"has-post-thumbnail","6":"product_cat-uruguay-trikots","7":"product_tag-coole-fussballtrikots","8":"product_tag-fussballtrikot-fuer-herren","9":"product_tag-fussballtrikot-guenstig-kaufen","10":"product_tag-fussballtrikot-kurzarm","11":"product_tag-guenstiges-fussballtrikot","12":"product_tag-uruguay-heimtrikot","13":"product_tag-uruguay-trikots","15":"first","16":"instock","17":"shipping-taxable","18":"purchasable","19":"product-type-variable"},"_links":{"self":[{"href":"https:\/\/www.billigtrikotde.com\/fr\/wp-json\/wp\/v2\/product\/2760","targetHints":{"allow":["GET"]}}],"collection":[{"href":"https:\/\/www.billigtrikotde.com\/fr\/wp-json\/wp\/v2\/product"}],"about":[{"href":"https:\/\/www.billigtrikotde.com\/fr\/wp-json\/wp\/v2\/types\/product"}],"replies":[{"embeddable":true,"href":"https:\/\/www.billigtrikotde.com\/fr\/wp-json\/wp\/v2\/comments?post=2760"}],"wp:featuredmedia":[{"embeddable":true,"href":"https:\/\/www.billigtrikotde.com\/fr\/wp-json\/wp\/v2\/media\/2804"}],"wp:attachment":[{"href":"https:\/\/www.billigtrikotde.com\/fr\/wp-json\/wp\/v2\/media?parent=2760"}],"wp:term":[{"taxonomy":"product_brand","embeddable":true,"href":"https:\/\/www.billigtrikotde.com\/fr\/wp-json\/wp\/v2\/product_brand?post=2760"},{"taxonomy":"product_cat","embeddable":true,"href":"https:\/\/www.billigtrikotde.com\/fr\/wp-json\/wp\/v2\/product_cat?post=2760"},{"taxonomy":"product_tag","embeddable":true,"href":"https:\/\/www.billigtrikotde.com\/fr\/wp-json\/wp\/v2\/product_tag?post=2760"}],"curies":[{"name":"wp","href":"https:\/\/api.w.org\/{rel}","templated":true}]}}