{"id":2736,"date":"2024-10-23T14:30:22","date_gmt":"2024-10-23T12:30:22","guid":{"rendered":"http:\/\/billigtrikots.com\/?post_type=product&#038;p=2736"},"modified":"2024-10-23T14:32:30","modified_gmt":"2024-10-23T12:32:30","slug":"tschechien-heimtrikot-em-2022-herren-kurzarm-set-in-rot-mit-aufdruck-barak-7","status":"publish","type":"product","link":"https:\/\/www.billigtrikotde.com\/fr\/tschechien-heimtrikot-em-2022-herren-kurzarm-set-in-rot-mit-aufdruck-barak-7\/","title":{"rendered":"Tch\u00e9quie Maillot domicile EM 2022 Hommes Set manches courtes en rouge avec impression BARAK 7"},"content":{"rendered":"<p>Montre ton appartenance \u00e0 ton \u00e9quipe avec le mod\u00e8le en rouge. La marque PUMA lance sur le march\u00e9 le superbe produit qu'est le maillot de sport. Aime ton \u00e9quipe \u2013 avec le maillot de sport domicile, port\u00e9 m\u00eame par les joueurs lors du championnat d'Europe, tu montres pour qui ton c\u0153ur bat. Il est respirant, confortable et l\u00e9ger. De plus, il offre une grande durabilit\u00e9. Avec ce maillot de sport, tu peux devenir encore plus performant et te pr\u00e9parer pour le prochain match.<\/p>\n<p>Conseils pour l'impression : Si le nom et le num\u00e9ro figurant sur l'image correspondent exactement \u00e0 ce que vous souhaitez, vous ne devez pas les saisir \u00e0 nouveau. Si ce n'est pas le cas, vous devez saisir le nom et le num\u00e9ro que vous souhaitez.<\/p>\n<p>Conseils pour le lavage : Il est recommand\u00e9 de laver les maillots de football \u00e0 la main. Si vous souhaitez utiliser la machine \u00e0 laver, pensez \u00e0 retourner les maillots de football avant de les laver. Remplissez la machine avec de l'eau froide et utilisez un cycle de lavage d\u00e9licat pour mieux prot\u00e9ger les couleurs.<\/p>","protected":false},"excerpt":{"rendered":"<p>Zeige deine Zugeh\u00f6rigkeit zu deinem Team durch das Modell in Rot. Die Marke PUMA bringt mit dem Sportshirt ein wunderbares Produkt auf den Markt. Liebe deine Mannschaft \u2013 mit dem Heim-Sportshirt, das sogar von den Spielern bei der Europameisterschaft getragen wird, zeigst du, f\u00fcr wen dein Herz schl\u00e4gt. Es ist atmungsaktiv, bequem und leicht. Au\u00dferdem [&hellip;]<\/p>","protected":false},"featured_media":2779,"comment_status":"open","ping_status":"closed","template":"","meta":[],"product_brand":[],"product_cat":[122],"product_tag":[20,21,22,23,24,123,124],"class_list":{"0":"post-2736","1":"product","2":"type-product","3":"status-publish","4":"has-post-thumbnail","6":"product_cat-tschechien-trikots","7":"product_tag-coole-fussballtrikots","8":"product_tag-fussballtrikot-fuer-herren","9":"product_tag-fussballtrikot-guenstig-kaufen","10":"product_tag-fussballtrikot-kurzarm","11":"product_tag-guenstiges-fussballtrikot","12":"product_tag-tschechien-heimtrikot","13":"product_tag-tschechien-trikots","15":"first","16":"instock","17":"shipping-taxable","18":"purchasable","19":"product-type-variable"},"_links":{"self":[{"href":"https:\/\/www.billigtrikotde.com\/fr\/wp-json\/wp\/v2\/product\/2736","targetHints":{"allow":["GET"]}}],"collection":[{"href":"https:\/\/www.billigtrikotde.com\/fr\/wp-json\/wp\/v2\/product"}],"about":[{"href":"https:\/\/www.billigtrikotde.com\/fr\/wp-json\/wp\/v2\/types\/product"}],"replies":[{"embeddable":true,"href":"https:\/\/www.billigtrikotde.com\/fr\/wp-json\/wp\/v2\/comments?post=2736"}],"wp:featuredmedia":[{"embeddable":true,"href":"https:\/\/www.billigtrikotde.com\/fr\/wp-json\/wp\/v2\/media\/2779"}],"wp:attachment":[{"href":"https:\/\/www.billigtrikotde.com\/fr\/wp-json\/wp\/v2\/media?parent=2736"}],"wp:term":[{"taxonomy":"product_brand","embeddable":true,"href":"https:\/\/www.billigtrikotde.com\/fr\/wp-json\/wp\/v2\/product_brand?post=2736"},{"taxonomy":"product_cat","embeddable":true,"href":"https:\/\/www.billigtrikotde.com\/fr\/wp-json\/wp\/v2\/product_cat?post=2736"},{"taxonomy":"product_tag","embeddable":true,"href":"https:\/\/www.billigtrikotde.com\/fr\/wp-json\/wp\/v2\/product_tag?post=2736"}],"curies":[{"name":"wp","href":"https:\/\/api.w.org\/{rel}","templated":true}]}}