{"id":2726,"date":"2024-10-23T14:29:51","date_gmt":"2024-10-23T12:29:51","guid":{"rendered":"http:\/\/billigtrikots.com\/?post_type=product&#038;p=2726"},"modified":"2024-10-23T14:31:57","modified_gmt":"2024-10-23T12:31:57","slug":"personalisierbar-herren-kurzarm-t-shirt-frankreich-trikot-home-em-2022-blau","status":"publish","type":"product","link":"https:\/\/www.billigtrikotde.com\/fr\/personalisierbar-herren-kurzarm-t-shirt-frankreich-trikot-home-em-2022-blau\/","title":{"rendered":"Personnalisable T-shirt manches courtes homme France Maillot Home EM 2022 Bleu"},"content":{"rendered":"<p>Soutiens ton \u00e9quipe en tant que 12e homme avec le mod\u00e8le \u00e9vacuant la transpiration en bleu. Le maillot de sport Nike suscite un v\u00e9ritable enthousiasme. Le maillot domicile, comme celui port\u00e9 par les joueurs lors du championnat d'Europe, fait vibrer les vrais supporters. Ce mod\u00e8le \u00e9vacuant la transpiration, respirant et l\u00e9ger convainc sur toute la ligne. Ce maillot a \u00e9t\u00e9 con\u00e7u pour \u00e9lever ton niveau de performance. Le superbe look du maillot est soulign\u00e9 par le logo de la f\u00e9d\u00e9ration sur la poitrine.<\/p>\n<p>Conseils pour l'impression : Si le nom et le num\u00e9ro figurant sur l'image correspondent exactement \u00e0 ce que vous souhaitez, vous ne devez pas les saisir \u00e0 nouveau. Si ce n'est pas le cas, vous devez saisir le nom et le num\u00e9ro que vous souhaitez.<\/p>\n<p>Conseils pour le lavage : Il est recommand\u00e9 de laver les maillots de football \u00e0 la main. Si vous souhaitez utiliser la machine \u00e0 laver, pensez \u00e0 retourner les maillots de football avant de les laver. Remplissez la machine avec de l'eau froide et utilisez un cycle de lavage d\u00e9licat pour mieux prot\u00e9ger les couleurs.<\/p>","protected":false},"excerpt":{"rendered":"<p>Unterst\u00fctze dein Team als 12. Mann mit dem schwei\u00dfableitenden Modell in Blau. Das Nike Sportshirt sorgt f\u00fcr wahrhaftige Begeisterung. Das Heim-Sportshirt, wie es die Spieler bei der Europameisterschaft tragen, sorgt bei echten England-Anh\u00e4ngern f\u00fcr absolute Begeisterung. Das schwei\u00dfableitende, atmungsaktive und leichte Modell \u00fcberzeugt auf ganzer Linie. Dieses Trikot wurde geschaffen, um deine Leistung um ein [&hellip;]<\/p>","protected":false},"featured_media":2767,"comment_status":"open","ping_status":"closed","template":"","meta":[],"product_brand":[],"product_cat":[117],"product_tag":[120,20,121,119,21,22,23,24],"class_list":{"0":"post-2726","1":"product","2":"type-product","3":"status-publish","4":"has-post-thumbnail","6":"product_cat-frankreich-trikots","7":"product_tag-belgien-trikots","8":"product_tag-coole-fussballtrikots","9":"product_tag-frankreich-heimtrikot","10":"product_tag-frankreich-trikots","11":"product_tag-fussballtrikot-fuer-herren","12":"product_tag-fussballtrikot-guenstig-kaufen","13":"product_tag-fussballtrikot-kurzarm","14":"product_tag-guenstiges-fussballtrikot","16":"first","17":"instock","18":"shipping-taxable","19":"purchasable","20":"product-type-variable"},"_links":{"self":[{"href":"https:\/\/www.billigtrikotde.com\/fr\/wp-json\/wp\/v2\/product\/2726","targetHints":{"allow":["GET"]}}],"collection":[{"href":"https:\/\/www.billigtrikotde.com\/fr\/wp-json\/wp\/v2\/product"}],"about":[{"href":"https:\/\/www.billigtrikotde.com\/fr\/wp-json\/wp\/v2\/types\/product"}],"replies":[{"embeddable":true,"href":"https:\/\/www.billigtrikotde.com\/fr\/wp-json\/wp\/v2\/comments?post=2726"}],"wp:featuredmedia":[{"embeddable":true,"href":"https:\/\/www.billigtrikotde.com\/fr\/wp-json\/wp\/v2\/media\/2767"}],"wp:attachment":[{"href":"https:\/\/www.billigtrikotde.com\/fr\/wp-json\/wp\/v2\/media?parent=2726"}],"wp:term":[{"taxonomy":"product_brand","embeddable":true,"href":"https:\/\/www.billigtrikotde.com\/fr\/wp-json\/wp\/v2\/product_brand?post=2726"},{"taxonomy":"product_cat","embeddable":true,"href":"https:\/\/www.billigtrikotde.com\/fr\/wp-json\/wp\/v2\/product_cat?post=2726"},{"taxonomy":"product_tag","embeddable":true,"href":"https:\/\/www.billigtrikotde.com\/fr\/wp-json\/wp\/v2\/product_tag?post=2726"}],"curies":[{"name":"wp","href":"https:\/\/api.w.org\/{rel}","templated":true}]}}