{"id":2704,"date":"2024-10-23T14:28:49","date_gmt":"2024-10-23T12:28:49","guid":{"rendered":"http:\/\/billigtrikots.com\/?post_type=product&#038;p=2704"},"modified":"2024-10-23T14:30:49","modified_gmt":"2024-10-23T12:30:49","slug":"nationalteams-frankreich-trikot-away-em-2022-weiss-dunkelblau-mit-aufdruck-coman-11","status":"publish","type":"product","link":"https:\/\/www.billigtrikotde.com\/fr\/nationalteams-frankreich-trikot-away-em-2022-weiss-dunkelblau-mit-aufdruck-coman-11\/","title":{"rendered":"\u00c9quipes nationales France Maillot Away Euro 2022 blanc bleu fonc\u00e9 avec impression Coman 11"},"content":{"rendered":"<p>Repr\u00e9sente ton \u00e9quipe avec le maillot ext\u00e9rieur NIKE France Breathe Stadium. Le mat\u00e9riau extr\u00eamement respirant \u00e9vacue la transpiration de la peau, offrant ainsi un confort frais \u00e0 porter sur le terrain ou dans les tribunes. Le mat\u00e9riau NIKE Breathe assure une sensation de s\u00e9cheresse et de fra\u00eecheur agr\u00e9able. Avec le design authentique, tu obtiens le look que portent aussi les professionnels sur le terrain.<\/p>\n<p>Conseils pour l'impression : Si le nom et le num\u00e9ro figurant sur l'image correspondent exactement \u00e0 ce que vous souhaitez, vous ne devez pas les saisir \u00e0 nouveau. Si ce n'est pas le cas, vous devez saisir le nom et le num\u00e9ro que vous souhaitez.<\/p>\n<p>Conseils pour le lavage : Il est recommand\u00e9 de laver les maillots de football \u00e0 la main. Si vous souhaitez utiliser la machine \u00e0 laver, pensez \u00e0 retourner les maillots de football avant de les laver. Remplissez la machine avec de l'eau froide et utilisez un cycle de lavage d\u00e9licat pour mieux prot\u00e9ger les couleurs.<\/p>","protected":false},"excerpt":{"rendered":"<p>Repr\u00e9sente ton \u00e9quipe avec le maillot ext\u00e9rieur NIKE France Breathe Stadium. Le mat\u00e9riau extr\u00eamement respirant \u00e9vacue la transpiration de la peau, offrant ainsi un confort frais \u00e0 porter sur le terrain ou dans les tribunes. Le mat\u00e9riau NIKE Breathe assure une sensation de s\u00e9cheresse et de fra\u00eecheur agr\u00e9able. Avec le design authentique, tu obtiens le look que portent aussi les professionnels sur le terrain.<\/p>","protected":false},"featured_media":2743,"comment_status":"open","ping_status":"closed","template":"","meta":[],"product_brand":[],"product_cat":[117],"product_tag":[20,118,119,21,22,23,24],"class_list":{"0":"post-2704","1":"product","2":"type-product","3":"status-publish","4":"has-post-thumbnail","6":"product_cat-frankreich-trikots","7":"product_tag-coole-fussballtrikots","8":"product_tag-frankreich-auswaertstrikot","9":"product_tag-frankreich-trikots","10":"product_tag-fussballtrikot-fuer-herren","11":"product_tag-fussballtrikot-guenstig-kaufen","12":"product_tag-fussballtrikot-kurzarm","13":"product_tag-guenstiges-fussballtrikot","15":"first","16":"instock","17":"shipping-taxable","18":"purchasable","19":"product-type-variable"},"_links":{"self":[{"href":"https:\/\/www.billigtrikotde.com\/fr\/wp-json\/wp\/v2\/product\/2704","targetHints":{"allow":["GET"]}}],"collection":[{"href":"https:\/\/www.billigtrikotde.com\/fr\/wp-json\/wp\/v2\/product"}],"about":[{"href":"https:\/\/www.billigtrikotde.com\/fr\/wp-json\/wp\/v2\/types\/product"}],"replies":[{"embeddable":true,"href":"https:\/\/www.billigtrikotde.com\/fr\/wp-json\/wp\/v2\/comments?post=2704"}],"wp:featuredmedia":[{"embeddable":true,"href":"https:\/\/www.billigtrikotde.com\/fr\/wp-json\/wp\/v2\/media\/2743"}],"wp:attachment":[{"href":"https:\/\/www.billigtrikotde.com\/fr\/wp-json\/wp\/v2\/media?parent=2704"}],"wp:term":[{"taxonomy":"product_brand","embeddable":true,"href":"https:\/\/www.billigtrikotde.com\/fr\/wp-json\/wp\/v2\/product_brand?post=2704"},{"taxonomy":"product_cat","embeddable":true,"href":"https:\/\/www.billigtrikotde.com\/fr\/wp-json\/wp\/v2\/product_cat?post=2704"},{"taxonomy":"product_tag","embeddable":true,"href":"https:\/\/www.billigtrikotde.com\/fr\/wp-json\/wp\/v2\/product_tag?post=2704"}],"curies":[{"name":"wp","href":"https:\/\/api.w.org\/{rel}","templated":true}]}}