{"id":2678,"date":"2024-10-23T14:27:42","date_gmt":"2024-10-23T12:27:42","guid":{"rendered":"http:\/\/billigtrikots.com\/?post_type=product&#038;p=2678"},"modified":"2024-10-23T14:29:44","modified_gmt":"2024-10-23T12:29:44","slug":"england-heimtrikot-em-2022-weiss-blau","status":"publish","type":"product","link":"https:\/\/www.billigtrikotde.com\/fr\/england-heimtrikot-em-2022-weiss-blau\/","title":{"rendered":"Angleterre Maillot domicile EM 2022 blanc\/bleu"},"content":{"rendered":"<p>En tant que vrai fan, vous avez besoin de ce maillot domicile que portent les joueurs lors du championnat d'Europe. Nous recommandons ce mod\u00e8le qui \u00e9vacue la transpiration, est respirant, l\u00e9ger et tr\u00e8s confortable avec une sensation agr\u00e9able au port\u00e9. De plus, il offre une grande durabilit\u00e9. L'aspect exceptionnel du maillot est soulign\u00e9 par le logo de la f\u00e9d\u00e9ration sur la poitrine. Avec ce haut de sport, vous \u00eates parfaitement \u00e9quip\u00e9 pour la prochaine s\u00e9ance.<\/p>\n<p>Conseils pour l'impression : Si le nom et le num\u00e9ro figurant sur l'image correspondent exactement \u00e0 ce que vous souhaitez, vous ne devez pas les saisir \u00e0 nouveau. Si ce n'est pas le cas, vous devez saisir le nom et le num\u00e9ro que vous souhaitez.<\/p>\n<p>Conseils pour le lavage : Il est recommand\u00e9 de laver les maillots de football \u00e0 la main. Si vous souhaitez utiliser la machine \u00e0 laver, pensez \u00e0 retourner les maillots de football avant de les laver. Remplissez la machine avec de l'eau froide et utilisez un cycle de lavage d\u00e9licat pour mieux prot\u00e9ger les couleurs.<\/p>","protected":false},"excerpt":{"rendered":"<p>Als echter Fan brauchst du dieses Heim-Trikot, das die Spieler bei der Europameisterschaft tragen. Wir empfehlen dieses schwei\u00dfableitende, atmungsaktive, leichte und super bequeme Modell mit dem angenehmen Tragegef\u00fchl. Au\u00dferdem wird dir eine hohe Haltbarkeit geboten. Untermalt wird die tolle Optik des Shirts durch das Verbandslogo auf der Brust. Mit diesem Sporttop bist du f\u00fcr die [&hellip;]<\/p>","protected":false},"featured_media":2719,"comment_status":"open","ping_status":"closed","template":"","meta":[],"product_brand":[],"product_cat":[115],"product_tag":[20,116,21,22,23,24],"class_list":{"0":"post-2678","1":"product","2":"type-product","3":"status-publish","4":"has-post-thumbnail","6":"product_cat-england-trikots","7":"product_tag-coole-fussballtrikots","8":"product_tag-england-heimtrikot","9":"product_tag-fussballtrikot-fuer-herren","10":"product_tag-fussballtrikot-guenstig-kaufen","11":"product_tag-fussballtrikot-kurzarm","12":"product_tag-guenstiges-fussballtrikot","14":"first","15":"instock","16":"shipping-taxable","17":"purchasable","18":"product-type-variable"},"_links":{"self":[{"href":"https:\/\/www.billigtrikotde.com\/fr\/wp-json\/wp\/v2\/product\/2678","targetHints":{"allow":["GET"]}}],"collection":[{"href":"https:\/\/www.billigtrikotde.com\/fr\/wp-json\/wp\/v2\/product"}],"about":[{"href":"https:\/\/www.billigtrikotde.com\/fr\/wp-json\/wp\/v2\/types\/product"}],"replies":[{"embeddable":true,"href":"https:\/\/www.billigtrikotde.com\/fr\/wp-json\/wp\/v2\/comments?post=2678"}],"wp:featuredmedia":[{"embeddable":true,"href":"https:\/\/www.billigtrikotde.com\/fr\/wp-json\/wp\/v2\/media\/2719"}],"wp:attachment":[{"href":"https:\/\/www.billigtrikotde.com\/fr\/wp-json\/wp\/v2\/media?parent=2678"}],"wp:term":[{"taxonomy":"product_brand","embeddable":true,"href":"https:\/\/www.billigtrikotde.com\/fr\/wp-json\/wp\/v2\/product_brand?post=2678"},{"taxonomy":"product_cat","embeddable":true,"href":"https:\/\/www.billigtrikotde.com\/fr\/wp-json\/wp\/v2\/product_cat?post=2678"},{"taxonomy":"product_tag","embeddable":true,"href":"https:\/\/www.billigtrikotde.com\/fr\/wp-json\/wp\/v2\/product_tag?post=2678"}],"curies":[{"name":"wp","href":"https:\/\/api.w.org\/{rel}","templated":true}]}}