{"id":2571,"date":"2024-10-23T14:22:46","date_gmt":"2024-10-23T12:22:46","guid":{"rendered":"http:\/\/billigtrikots.com\/?post_type=product&#038;p=2571"},"modified":"2024-10-23T14:24:53","modified_gmt":"2024-10-23T12:24:53","slug":"herren-trikotsatz-brasilien-2022-heimtrikot-gelb-mit-aufdruck-g-jesus-9","status":"publish","type":"product","link":"https:\/\/www.billigtrikotde.com\/fr\/herren-trikotsatz-brasilien-2022-heimtrikot-gelb-mit-aufdruck-g-jesus-9\/","title":{"rendered":"Kit homme Br\u00e9sil 2022 Maillot domicile jaune avec impression G.Jesus 9"},"content":{"rendered":"<p>Les maillots pour la France 2020 sont les premiers avec le tout nouveau logo de la f\u00e9d\u00e9ration, d\u00e9voil\u00e9 en avril 2019.<\/p>\n<p>Le maillot domicile de la Coupe d'Europe 2020 pour la France est principalement jaune, combin\u00e9 avec du vert pour le col et les poignets. Pour c\u00e9l\u00e9brer le 50e anniversaire de la victoire \u00e0 la Coupe du Monde 1970, le design du maillot domicile Nike France 2020 s'inspire de celui port\u00e9 lors de la Coupe du Monde il y a un demi-si\u00e8cle.<\/p>\n<p>Conseils pour l'impression : Si le nom et le num\u00e9ro figurant sur l'image correspondent exactement \u00e0 ce que vous souhaitez, vous ne devez pas les saisir \u00e0 nouveau. Si ce n'est pas le cas, vous devez saisir le nom et le num\u00e9ro que vous souhaitez.<\/p>\n<p>Conseils pour le lavage : Il est recommand\u00e9 de laver les maillots de football \u00e0 la main. Si vous souhaitez utiliser la machine \u00e0 laver, pensez \u00e0 retourner les maillots de football avant de les laver. Remplissez la machine avec de l'eau froide et utilisez un cycle de lavage d\u00e9licat pour mieux prot\u00e9ger les couleurs.<\/p>","protected":false},"excerpt":{"rendered":"<p>Die Trikots f\u00fcr Brasilien 2020 sind die ersten mit dem brandneuen Verbandslogo, das im April 2019 enth\u00fcllt wurde. Das brasilianische Copa America 2020-Heimfu\u00dfballtrikot ist \u00fcberwiegend gelb, kombiniert mit gr\u00fcn f\u00fcr Kragen und Manschetten. Zur Feier des 50. Jahrestages des Sieges bei der Weltmeisterschaft 1970 ist das Design des Nike Brasilien 2020 Heimtrikots von demjenigen inspiriert, [&hellip;]<\/p>","protected":false},"featured_media":2612,"comment_status":"open","ping_status":"closed","template":"","meta":[],"product_brand":[],"product_cat":[112],"product_tag":[20,113,114,21,22,23,24],"class_list":{"0":"post-2571","1":"product","2":"type-product","3":"status-publish","4":"has-post-thumbnail","6":"product_cat-brasilien-trikots","7":"product_tag-coole-fussballtrikots","8":"product_tag-brasilien-heimtrikot","9":"product_tag-brasilien-trikots","10":"product_tag-fussballtrikot-fuer-herren","11":"product_tag-fussballtrikot-guenstig-kaufen","12":"product_tag-fussballtrikot-kurzarm","13":"product_tag-guenstiges-fussballtrikot","15":"first","16":"instock","17":"shipping-taxable","18":"purchasable","19":"product-type-variable"},"_links":{"self":[{"href":"https:\/\/www.billigtrikotde.com\/fr\/wp-json\/wp\/v2\/product\/2571","targetHints":{"allow":["GET"]}}],"collection":[{"href":"https:\/\/www.billigtrikotde.com\/fr\/wp-json\/wp\/v2\/product"}],"about":[{"href":"https:\/\/www.billigtrikotde.com\/fr\/wp-json\/wp\/v2\/types\/product"}],"replies":[{"embeddable":true,"href":"https:\/\/www.billigtrikotde.com\/fr\/wp-json\/wp\/v2\/comments?post=2571"}],"wp:featuredmedia":[{"embeddable":true,"href":"https:\/\/www.billigtrikotde.com\/fr\/wp-json\/wp\/v2\/media\/2612"}],"wp:attachment":[{"href":"https:\/\/www.billigtrikotde.com\/fr\/wp-json\/wp\/v2\/media?parent=2571"}],"wp:term":[{"taxonomy":"product_brand","embeddable":true,"href":"https:\/\/www.billigtrikotde.com\/fr\/wp-json\/wp\/v2\/product_brand?post=2571"},{"taxonomy":"product_cat","embeddable":true,"href":"https:\/\/www.billigtrikotde.com\/fr\/wp-json\/wp\/v2\/product_cat?post=2571"},{"taxonomy":"product_tag","embeddable":true,"href":"https:\/\/www.billigtrikotde.com\/fr\/wp-json\/wp\/v2\/product_tag?post=2571"}],"curies":[{"name":"wp","href":"https:\/\/api.w.org\/{rel}","templated":true}]}}