{"id":2557,"date":"2024-10-23T14:22:10","date_gmt":"2024-10-23T12:22:10","guid":{"rendered":"http:\/\/billigtrikots.com\/?post_type=product&#038;p=2557"},"modified":"2024-10-23T14:24:18","modified_gmt":"2024-10-23T12:24:18","slug":"kindertrikot-borussia-dortmund-heimtrikot-in-gelbe-2022-trikotsatz","status":"publish","type":"product","link":"https:\/\/www.billigtrikotde.com\/fr\/kindertrikot-borussia-dortmund-heimtrikot-in-gelbe-2022-trikotsatz\/","title":{"rendered":"Maillot enfant Borussia Dortmund domicile en jaune 2022 Jeu de maillots"},"content":{"rendered":"<p>Das Heimtrikot f\u00fcr die Spielzeit 2022 in der Variante f\u00fcr Kinder. Damit zeigen auch kleine Borussen die Liebe zu ihrem Verein und haben den BVB immer bei sich, egal, wo sie sind. Der frische Look mit den gestreiften \u00c4rmeln und dem schwarzen Nackenbereich l\u00e4sst das Trikot auch in Kindergr\u00f6\u00dfen sch\u00f6n sportlich aussehen<\/p>\n<p>Das Trikot kann mit einem BVB-Lieblingsspieler, mit EMMA oder dem eigenen Namen auf dem R\u00fccken beflockt werden.<\/p>\n<p>Bitte beachtet dabei, dass Trikots die individuell beflockt sind, nicht umgetauscht werden k\u00f6nnen. Gleiches gilt bei Spieler-, Namens-, und Nummernwechseln. Zudem kann sich die Lieferzeit bei beflockten Trikots etwas verl\u00e4ngern<\/p>\n<p>Der Dortmund-Schriftzug ist bei den Trikots vorgedruckt<\/p>\n<p>Conseils pour l'impression : Si le nom et le num\u00e9ro figurant sur l'image correspondent exactement \u00e0 ce que vous souhaitez, vous ne devez pas les saisir \u00e0 nouveau. Si ce n'est pas le cas, vous devez saisir le nom et le num\u00e9ro que vous souhaitez.<\/p>\n<p>Conseils pour le lavage : Il est recommand\u00e9 de laver les maillots de football \u00e0 la main. Si vous souhaitez utiliser la machine \u00e0 laver, pensez \u00e0 retourner les maillots de football avant de les laver. Remplissez la machine avec de l'eau froide et utilisez un cycle de lavage d\u00e9licat pour mieux prot\u00e9ger les couleurs.<\/p>","protected":false},"excerpt":{"rendered":"<p>Das Heimtrikot f\u00fcr die Spielzeit 2022 in der Variante f\u00fcr Kinder. Damit zeigen auch kleine Borussen die Liebe zu ihrem Verein und haben den BVB immer bei sich, egal, wo sie sind. Der frische Look mit den gestreiften \u00c4rmeln und dem schwarzen Nackenbereich l\u00e4sst das Trikot auch in Kindergr\u00f6\u00dfen sch\u00f6n sportlich aussehen<\/p>","protected":false},"featured_media":2598,"comment_status":"open","ping_status":"closed","template":"","meta":[],"product_brand":[],"product_cat":[108],"product_tag":[20,110,65,109,66,94],"class_list":{"0":"post-2557","1":"product","2":"type-product","3":"status-publish","4":"has-post-thumbnail","6":"product_cat-borussia-dortmund-kindertrikot","7":"product_tag-coole-fussballtrikots","8":"product_tag-borussia-dortmund-heimtrikot","9":"product_tag-borussia-dortmund-trikots","10":"product_tag-borussia-dortmund-trikotsatz-fuer-kinder","11":"product_tag-bvb-trikots","12":"product_tag-kinder-fussball-trikotsatz","14":"first","15":"instock","16":"shipping-taxable","17":"purchasable","18":"product-type-variable"},"_links":{"self":[{"href":"https:\/\/www.billigtrikotde.com\/fr\/wp-json\/wp\/v2\/product\/2557","targetHints":{"allow":["GET"]}}],"collection":[{"href":"https:\/\/www.billigtrikotde.com\/fr\/wp-json\/wp\/v2\/product"}],"about":[{"href":"https:\/\/www.billigtrikotde.com\/fr\/wp-json\/wp\/v2\/types\/product"}],"replies":[{"embeddable":true,"href":"https:\/\/www.billigtrikotde.com\/fr\/wp-json\/wp\/v2\/comments?post=2557"}],"wp:featuredmedia":[{"embeddable":true,"href":"https:\/\/www.billigtrikotde.com\/fr\/wp-json\/wp\/v2\/media\/2598"}],"wp:attachment":[{"href":"https:\/\/www.billigtrikotde.com\/fr\/wp-json\/wp\/v2\/media?parent=2557"}],"wp:term":[{"taxonomy":"product_brand","embeddable":true,"href":"https:\/\/www.billigtrikotde.com\/fr\/wp-json\/wp\/v2\/product_brand?post=2557"},{"taxonomy":"product_cat","embeddable":true,"href":"https:\/\/www.billigtrikotde.com\/fr\/wp-json\/wp\/v2\/product_cat?post=2557"},{"taxonomy":"product_tag","embeddable":true,"href":"https:\/\/www.billigtrikotde.com\/fr\/wp-json\/wp\/v2\/product_tag?post=2557"}],"curies":[{"name":"wp","href":"https:\/\/api.w.org\/{rel}","templated":true}]}}