{"id":2555,"date":"2024-10-23T14:22:08","date_gmt":"2024-10-23T12:22:08","guid":{"rendered":"http:\/\/billigtrikots.com\/?post_type=product&#038;p=2555"},"modified":"2024-10-23T14:24:18","modified_gmt":"2024-10-23T12:24:18","slug":"bvb-borussia-dortmund-heimtrikot-in-gelbe-2022-trikotsatz-fuer-kinder-mit-aufdruck-witsel-28","status":"publish","type":"product","link":"https:\/\/www.billigtrikotde.com\/fr\/bvb-borussia-dortmund-heimtrikot-in-gelbe-2022-trikotsatz-fuer-kinder-mit-aufdruck-witsel-28\/","title":{"rendered":"BVB Borussia Dortmund Maillot domicile en jaune 2022 Jeu de maillots pour enfants avec impression Witsel 28"},"content":{"rendered":"<p>Maillots pour enfants au design BVB<br \/>\nUn maillot du club de football pr\u00e9f\u00e9r\u00e9 est un r\u00eave pour chaque jeune prodige. Si votre enfant est un grand fan du BVB, vous trouverez ici une large s\u00e9lection de maillots pour l'habiller en jaune et noir. Les maillots sont disponibles ici en de nombreuses variantes. Peu importe celui que vous choisissez, vous recevez un haut qui se distingue par les attributs suivants :<\/p>\n<p>Finition de haute qualit\u00e9<br \/>\nStabilit\u00e9<br \/>\nAuthenticit\u00e9<br \/>\nBonne qualit\u00e9 de mat\u00e9riau<br \/>\nSurprenez votre jeune avec un super maillot, car dans les couleurs de l'\u00e9quipe favorite, le plaisir de jouer est encore plus grand. Porter un maillot est \u00e9galement appropri\u00e9 lors de nombreuses autres occasions. Surtout pour les enfants, qui en g\u00e9n\u00e9ral ne sont soumis \u00e0 aucun code vestimentaire, ils aiment porter les maillots de leur \u00e9quipe au quotidien. Ils les portent volontiers \u00e0 l'\u00e9cole et pendant leur temps libre. Et s'ils ont la chance de voir leur \u00e9quipe en direct au stade, le maillot est bien s\u00fbr toujours le premier choix.<\/p>\n<p>Conseils pour l'impression : Si le nom et le num\u00e9ro figurant sur l'image correspondent exactement \u00e0 ce que vous souhaitez, vous ne devez pas les saisir \u00e0 nouveau. Si ce n'est pas le cas, vous devez saisir le nom et le num\u00e9ro que vous souhaitez.<\/p>\n<p>Conseils pour le lavage : Il est recommand\u00e9 de laver les maillots de football \u00e0 la main. Si vous souhaitez utiliser la machine \u00e0 laver, pensez \u00e0 retourner les maillots de football avant de les laver. Remplissez la machine avec de l'eau froide et utilisez un cycle de lavage d\u00e9licat pour mieux prot\u00e9ger les couleurs.<\/p>","protected":false},"excerpt":{"rendered":"<p>Kindertrikots im BVB-Design Ein Trikot des Lieblingsfu\u00dfballvereins ist ein Traum f\u00fcr jeden kleinen Nachwuchsstar. Wenn dein Kind ein gro\u00dfer BVB-Fan ist, findest du hier eine gro\u00dfe Auswahl an Trikots, um sie oder ihn in Gelb und Schwarz zu h\u00fcllen. Die Trikots findest du hier in vielen verschiedenen Ausf\u00fchrungen. Egal f\u00fcr welches du dich entscheidest, du [&hellip;]<\/p>","protected":false},"featured_media":2597,"comment_status":"open","ping_status":"closed","template":"","meta":[],"product_brand":[],"product_cat":[108],"product_tag":[20,110,65,109,66,94],"class_list":{"0":"post-2555","1":"product","2":"type-product","3":"status-publish","4":"has-post-thumbnail","6":"product_cat-borussia-dortmund-kindertrikot","7":"product_tag-coole-fussballtrikots","8":"product_tag-borussia-dortmund-heimtrikot","9":"product_tag-borussia-dortmund-trikots","10":"product_tag-borussia-dortmund-trikotsatz-fuer-kinder","11":"product_tag-bvb-trikots","12":"product_tag-kinder-fussball-trikotsatz","14":"first","15":"instock","16":"shipping-taxable","17":"purchasable","18":"product-type-variable"},"_links":{"self":[{"href":"https:\/\/www.billigtrikotde.com\/fr\/wp-json\/wp\/v2\/product\/2555","targetHints":{"allow":["GET"]}}],"collection":[{"href":"https:\/\/www.billigtrikotde.com\/fr\/wp-json\/wp\/v2\/product"}],"about":[{"href":"https:\/\/www.billigtrikotde.com\/fr\/wp-json\/wp\/v2\/types\/product"}],"replies":[{"embeddable":true,"href":"https:\/\/www.billigtrikotde.com\/fr\/wp-json\/wp\/v2\/comments?post=2555"}],"wp:featuredmedia":[{"embeddable":true,"href":"https:\/\/www.billigtrikotde.com\/fr\/wp-json\/wp\/v2\/media\/2597"}],"wp:attachment":[{"href":"https:\/\/www.billigtrikotde.com\/fr\/wp-json\/wp\/v2\/media?parent=2555"}],"wp:term":[{"taxonomy":"product_brand","embeddable":true,"href":"https:\/\/www.billigtrikotde.com\/fr\/wp-json\/wp\/v2\/product_brand?post=2555"},{"taxonomy":"product_cat","embeddable":true,"href":"https:\/\/www.billigtrikotde.com\/fr\/wp-json\/wp\/v2\/product_cat?post=2555"},{"taxonomy":"product_tag","embeddable":true,"href":"https:\/\/www.billigtrikotde.com\/fr\/wp-json\/wp\/v2\/product_tag?post=2555"}],"curies":[{"name":"wp","href":"https:\/\/api.w.org\/{rel}","templated":true}]}}