{"id":2542,"date":"2024-10-23T14:21:32","date_gmt":"2024-10-23T12:21:32","guid":{"rendered":"http:\/\/billigtrikots.com\/?post_type=product&#038;p=2542"},"modified":"2024-10-23T14:23:44","modified_gmt":"2024-10-23T12:23:44","slug":"bvb-borussia-dortmund-heimtrikot-in-gelb-2022-fuer-kinder-mit-aufdruck-haaland-9","status":"publish","type":"product","link":"https:\/\/www.billigtrikotde.com\/fr\/bvb-borussia-dortmund-heimtrikot-in-gelb-2022-fuer-kinder-mit-aufdruck-haaland-9\/","title":{"rendered":"BVB Borussia Dortmund Maillot domicile jaune 2022 pour enfants avec impression Haaland 9"},"content":{"rendered":"<p>Ce maillot pour enfants donne \u00e0 votre jeune joueur l'apparence d'un professionnel. Ce t-shirt \u00e0 col rond, avec des manches raglan avec insert en mesh et une ceinture \u00e9lastique int\u00e9gr\u00e9e, est aussi robuste que confortable. Et gr\u00e2ce \u00e0 sa technologie dryCELL, les petits restent secs et confortables, sans que la transpiration ne g\u00e2che l'ambiance. Le blason officiel du club Borussia Dortmund orne le haut et le short.<\/p>\n<p>Conseils pour l'impression : Si le nom et le num\u00e9ro figurant sur l'image correspondent exactement \u00e0 ce que vous souhaitez, vous ne devez pas les saisir \u00e0 nouveau. Si ce n'est pas le cas, vous devez saisir le nom et le num\u00e9ro que vous souhaitez.<\/p>\n<p>Conseils pour le lavage : Il est recommand\u00e9 de laver les maillots de football \u00e0 la main. Si vous souhaitez utiliser la machine \u00e0 laver, pensez \u00e0 retourner les maillots de football avant de les laver. Remplissez la machine avec de l'eau froide et utilisez un cycle de lavage d\u00e9licat pour mieux prot\u00e9ger les couleurs.<\/p>","protected":false},"excerpt":{"rendered":"<p>Ce maillot pour enfants donne \u00e0 votre jeune joueur l'apparence d'un professionnel. Ce t-shirt \u00e0 col rond, avec des manches raglan avec insert en mesh et une ceinture \u00e9lastique int\u00e9gr\u00e9e, est aussi robuste que confortable. Et gr\u00e2ce \u00e0 sa technologie dryCELL, les petits restent secs et confortables, sans que la transpiration ne g\u00e2che l'ambiance. Le blason officiel du club Borussia Dortmund orne le haut et le short.<\/p>","protected":false},"featured_media":2585,"comment_status":"open","ping_status":"closed","template":"","meta":[],"product_brand":[],"product_cat":[108],"product_tag":[20,110,65,109,66,94],"class_list":{"0":"post-2542","1":"product","2":"type-product","3":"status-publish","4":"has-post-thumbnail","6":"product_cat-borussia-dortmund-kindertrikot","7":"product_tag-coole-fussballtrikots","8":"product_tag-borussia-dortmund-heimtrikot","9":"product_tag-borussia-dortmund-trikots","10":"product_tag-borussia-dortmund-trikotsatz-fuer-kinder","11":"product_tag-bvb-trikots","12":"product_tag-kinder-fussball-trikotsatz","14":"first","15":"instock","16":"shipping-taxable","17":"purchasable","18":"product-type-variable"},"_links":{"self":[{"href":"https:\/\/www.billigtrikotde.com\/fr\/wp-json\/wp\/v2\/product\/2542","targetHints":{"allow":["GET"]}}],"collection":[{"href":"https:\/\/www.billigtrikotde.com\/fr\/wp-json\/wp\/v2\/product"}],"about":[{"href":"https:\/\/www.billigtrikotde.com\/fr\/wp-json\/wp\/v2\/types\/product"}],"replies":[{"embeddable":true,"href":"https:\/\/www.billigtrikotde.com\/fr\/wp-json\/wp\/v2\/comments?post=2542"}],"wp:featuredmedia":[{"embeddable":true,"href":"https:\/\/www.billigtrikotde.com\/fr\/wp-json\/wp\/v2\/media\/2585"}],"wp:attachment":[{"href":"https:\/\/www.billigtrikotde.com\/fr\/wp-json\/wp\/v2\/media?parent=2542"}],"wp:term":[{"taxonomy":"product_brand","embeddable":true,"href":"https:\/\/www.billigtrikotde.com\/fr\/wp-json\/wp\/v2\/product_brand?post=2542"},{"taxonomy":"product_cat","embeddable":true,"href":"https:\/\/www.billigtrikotde.com\/fr\/wp-json\/wp\/v2\/product_cat?post=2542"},{"taxonomy":"product_tag","embeddable":true,"href":"https:\/\/www.billigtrikotde.com\/fr\/wp-json\/wp\/v2\/product_tag?post=2542"}],"curies":[{"name":"wp","href":"https:\/\/api.w.org\/{rel}","templated":true}]}}