{"id":2519,"date":"2024-10-23T14:20:24","date_gmt":"2024-10-23T12:20:24","guid":{"rendered":"http:\/\/billigtrikots.com\/?post_type=product&#038;p=2519"},"modified":"2024-10-23T14:22:37","modified_gmt":"2024-10-23T12:22:37","slug":"tottenham-hotspur-torwarttrikot-2022-schwarz-fuer-kinder","status":"publish","type":"product","link":"https:\/\/www.billigtrikotde.com\/fr\/tottenham-hotspur-torwarttrikot-2022-schwarz-fuer-kinder\/","title":{"rendered":"Tottenham Hotspur Maillot de gardien de but 2022 noir pour enfants"},"content":{"rendered":"<p>Repr\u00e9sentez votre \u00e9quipe avec le maillot de gardien de but du stade de Tottenham Hotspur. Son tissu ultra-respirant \u00e9vacue la transpiration pour vous permettre de rester au frais sur le terrain ou dans les tribunes.<\/p>\n<p>Conseils pour l'impression : Si le nom et le num\u00e9ro figurant sur l'image correspondent exactement \u00e0 ce que vous souhaitez, vous ne devez pas les saisir \u00e0 nouveau. Si ce n'est pas le cas, vous devez saisir le nom et le num\u00e9ro que vous souhaitez.<\/p>\n<p>Conseils pour le lavage : Il est recommand\u00e9 de laver les maillots de football \u00e0 la main. Si vous souhaitez utiliser la machine \u00e0 laver, pensez \u00e0 retourner les maillots de football avant de les laver. Remplissez la machine avec de l'eau froide et utilisez un cycle de lavage d\u00e9licat pour mieux prot\u00e9ger les couleurs.<\/p>","protected":false},"excerpt":{"rendered":"<p>Repr\u00e9sentez votre \u00e9quipe avec le maillot de gardien du Tottenham Hotspur Stadium. Son tissu ultra respirant \u00e9vacue la transpiration pour que vous restiez frais sur le terrain ou dans les tribunes. Conseils d'impression : si le nom et le num\u00e9ro sur l'image correspondent exactement \u00e0 vos souhaits, vous n'avez pas besoin de les saisir \u00e0 nouveau. Sinon, vous devriez obtenir votre souhait [\u2026]<\/p>","protected":false},"featured_media":2561,"comment_status":"open","ping_status":"closed","template":"","meta":[],"product_brand":[],"product_cat":[102],"product_tag":[20,35,38,21,24,94,107,104,105],"class_list":{"0":"post-2519","1":"product","2":"type-product","3":"status-publish","4":"has-post-thumbnail","6":"product_cat-tottenham-hotspur-kindertrikot","7":"product_tag-coole-fussballtrikots","8":"product_tag-fussball-torwarttrikots","9":"product_tag-fussball-trikot-langarm","10":"product_tag-fussballtrikot-fuer-herren","11":"product_tag-guenstiges-fussballtrikot","12":"product_tag-kinder-fussball-trikotsatz","13":"product_tag-tottenham-hotspur-torwarttrikot","14":"product_tag-tottenham-hotspur-trikots","15":"product_tag-tottenham-hotspur-trikotsatz-fuer-kinder","17":"first","18":"instock","19":"shipping-taxable","20":"purchasable","21":"product-type-variable"},"_links":{"self":[{"href":"https:\/\/www.billigtrikotde.com\/fr\/wp-json\/wp\/v2\/product\/2519","targetHints":{"allow":["GET"]}}],"collection":[{"href":"https:\/\/www.billigtrikotde.com\/fr\/wp-json\/wp\/v2\/product"}],"about":[{"href":"https:\/\/www.billigtrikotde.com\/fr\/wp-json\/wp\/v2\/types\/product"}],"replies":[{"embeddable":true,"href":"https:\/\/www.billigtrikotde.com\/fr\/wp-json\/wp\/v2\/comments?post=2519"}],"wp:featuredmedia":[{"embeddable":true,"href":"https:\/\/www.billigtrikotde.com\/fr\/wp-json\/wp\/v2\/media\/2561"}],"wp:attachment":[{"href":"https:\/\/www.billigtrikotde.com\/fr\/wp-json\/wp\/v2\/media?parent=2519"}],"wp:term":[{"taxonomy":"product_brand","embeddable":true,"href":"https:\/\/www.billigtrikotde.com\/fr\/wp-json\/wp\/v2\/product_brand?post=2519"},{"taxonomy":"product_cat","embeddable":true,"href":"https:\/\/www.billigtrikotde.com\/fr\/wp-json\/wp\/v2\/product_cat?post=2519"},{"taxonomy":"product_tag","embeddable":true,"href":"https:\/\/www.billigtrikotde.com\/fr\/wp-json\/wp\/v2\/product_tag?post=2519"}],"curies":[{"name":"wp","href":"https:\/\/api.w.org\/{rel}","templated":true}]}}