{"id":2482,"date":"2024-10-23T14:18:46","date_gmt":"2024-10-23T12:18:46","guid":{"rendered":"http:\/\/billigtrikots.com\/?post_type=product&#038;p=2482"},"modified":"2024-10-23T14:20:50","modified_gmt":"2024-10-23T12:20:50","slug":"kinder-tottenham-hotspur-2022-trikot-away-kurze-hosen","status":"publish","type":"product","link":"https:\/\/www.billigtrikotde.com\/fr\/kinder-tottenham-hotspur-2022-trikot-away-kurze-hosen\/","title":{"rendered":"Enfants Tottenham Hotspur 2022 Maillot Away (+ short)"},"content":{"rendered":"<p>VOTRE \u00c9QUIPE.<\/p>\n<p>VOS COULEURS.<\/p>\n<p>Repr\u00e9sente ton \u00e9quipe dans le maillot ext\u00e9rieur du Tottenham Hotspur Stadium.<\/p>\n<p>Le tissu hautement respirant emp\u00eache la transpiration d'atteindre ta peau, ce qui te permet de rester cool, que tu sois en train d'exulter dans les tribunes ou de jouer sur le terrain.<\/p>\n<p>La technologie Nike Dri FIT \u00e9vacue la transpiration de ta peau pour une \u00e9vaporation plus rapide - pour que tu restes au sec et \u00e0 l'aise.<\/p>\n<p>La mati\u00e8re Nike Breathe offre une construction hautement respirante pour que tu restes au frais.<\/p>\n<p>Le design de la r\u00e9plique s'inspire des v\u00eatements port\u00e9s par les professionnels sur le terrain.<\/p>\n<p>Conseils pour l'impression : Si le nom et le num\u00e9ro figurant sur l'image correspondent exactement \u00e0 ce que vous souhaitez, vous ne devez pas les saisir \u00e0 nouveau. Si ce n'est pas le cas, vous devez saisir le nom et le num\u00e9ro que vous souhaitez.<\/p>\n<p>Conseils pour le lavage : Il est recommand\u00e9 de laver les maillots de football \u00e0 la main. Si vous souhaitez utiliser la machine \u00e0 laver, pensez \u00e0 retourner les maillots de football avant de les laver. Remplissez la machine avec de l'eau froide et utilisez un cycle de lavage d\u00e9licat pour mieux prot\u00e9ger les couleurs.<\/p>","protected":false},"excerpt":{"rendered":"<p>DEIN TEAM. IHRE FARBEN. Repr\u00e4sentiere dein Team im Tottenham Hotspur Stadium Ausw\u00e4rtstrikot. Hoch atmungsaktives Material h\u00e4lt Schwei\u00df von deiner Haut fern, sodass du cool bleibst, egal ob du auf der Trib\u00fcne jubelst oder auf dem Platz spielst. Die Nike Dri FIT-Technologie leitet Schwei\u00df f\u00fcr eine schnellere Verdunstung von deiner Haut ab \u2013 damit du trocken [&hellip;]<\/p>","protected":false},"featured_media":2523,"comment_status":"open","ping_status":"closed","template":"","meta":[],"product_brand":[],"product_cat":[102],"product_tag":[20,21,22,23,24,94,103,104,105],"class_list":{"0":"post-2482","1":"product","2":"type-product","3":"status-publish","4":"has-post-thumbnail","6":"product_cat-tottenham-hotspur-kindertrikot","7":"product_tag-coole-fussballtrikots","8":"product_tag-fussballtrikot-fuer-herren","9":"product_tag-fussballtrikot-guenstig-kaufen","10":"product_tag-fussballtrikot-kurzarm","11":"product_tag-guenstiges-fussballtrikot","12":"product_tag-kinder-fussball-trikotsatz","13":"product_tag-tottenham-hotspur-auswaertstrikot","14":"product_tag-tottenham-hotspur-trikots","15":"product_tag-tottenham-hotspur-trikotsatz-fuer-kinder","17":"first","18":"instock","19":"shipping-taxable","20":"purchasable","21":"product-type-variable"},"_links":{"self":[{"href":"https:\/\/www.billigtrikotde.com\/fr\/wp-json\/wp\/v2\/product\/2482","targetHints":{"allow":["GET"]}}],"collection":[{"href":"https:\/\/www.billigtrikotde.com\/fr\/wp-json\/wp\/v2\/product"}],"about":[{"href":"https:\/\/www.billigtrikotde.com\/fr\/wp-json\/wp\/v2\/types\/product"}],"replies":[{"embeddable":true,"href":"https:\/\/www.billigtrikotde.com\/fr\/wp-json\/wp\/v2\/comments?post=2482"}],"wp:featuredmedia":[{"embeddable":true,"href":"https:\/\/www.billigtrikotde.com\/fr\/wp-json\/wp\/v2\/media\/2523"}],"wp:attachment":[{"href":"https:\/\/www.billigtrikotde.com\/fr\/wp-json\/wp\/v2\/media?parent=2482"}],"wp:term":[{"taxonomy":"product_brand","embeddable":true,"href":"https:\/\/www.billigtrikotde.com\/fr\/wp-json\/wp\/v2\/product_brand?post=2482"},{"taxonomy":"product_cat","embeddable":true,"href":"https:\/\/www.billigtrikotde.com\/fr\/wp-json\/wp\/v2\/product_cat?post=2482"},{"taxonomy":"product_tag","embeddable":true,"href":"https:\/\/www.billigtrikotde.com\/fr\/wp-json\/wp\/v2\/product_tag?post=2482"}],"curies":[{"name":"wp","href":"https:\/\/api.w.org\/{rel}","templated":true}]}}