{"id":24095,"date":"2026-01-18T08:34:13","date_gmt":"2026-01-18T07:34:13","guid":{"rendered":"https:\/\/www.billigtrikotde.com\/?post_type=product&#038;p=24095"},"modified":"2026-01-18T08:35:36","modified_gmt":"2026-01-18T07:35:36","slug":"manchester-united-guenstige-mason-mount-7-heimtrikot-kinder-2025-26-fussballtrikots-set","status":"publish","type":"product","link":"https:\/\/www.billigtrikotde.com\/fr\/manchester-united-guenstige-mason-mount-7-heimtrikot-kinder-2025-26-fussballtrikots-set\/","title":{"rendered":"Manchester United Bon Mason Mount #7 Maillot domicile enfants 2025-26 ensembles de maillots de football"},"content":{"rendered":"<p>Manchester United ensemble de maillots de football pour enfants Astuces d'impression\u00a0: Si le nom et le num\u00e9ro sur l'image correspondent exactement \u00e0 vos souhaits, vous n'avez pas besoin de les saisir \u00e0 nouveau. Sinon, vous devriez saisir le nom et le num\u00e9ro souhait\u00e9s.<\/p>\n<p>Conseils pour le lavage : Il est recommand\u00e9 de laver les maillots de football \u00e0 la main. Si vous souhaitez utiliser la machine \u00e0 laver, pensez \u00e0 retourner les maillots de football avant de les laver. Remplissez la machine avec de l'eau froide et utilisez un cycle de lavage d\u00e9licat pour mieux prot\u00e9ger les couleurs.<\/p>","protected":false},"excerpt":{"rendered":"<p>Manchester United \u00e9quipement de football ensemble pour enfants Conseils d'impression: Si le nom et le num\u00e9ro sur l'image correspondent exactement \u00e0 vos souhaits, vous n'avez pas besoin de les saisir \u00e0 nouveau. Sinon, saisissez le nom et le num\u00e9ro souhait\u00e9s. Conseils de lavage: il est recommand\u00e9 de laver les maillots de football \u00e0 la main. Si vous souhaitez utiliser la machine \u00e0 laver, [...]<\/p>","protected":false},"featured_media":24097,"comment_status":"open","ping_status":"closed","template":"","meta":[],"product_brand":[],"product_cat":[140],"product_tag":[1738,1737],"class_list":{"0":"post-24095","1":"product","2":"type-product","3":"status-publish","4":"has-post-thumbnail","6":"product_cat-manchester-united-kindertrikot","7":"product_tag-guenstige-mason-mount-trikot-kinder","8":"product_tag-mason-mount-trikot-kinder-kaufen","10":"first","11":"instock","12":"shipping-taxable","13":"purchasable","14":"product-type-variable"},"_links":{"self":[{"href":"https:\/\/www.billigtrikotde.com\/fr\/wp-json\/wp\/v2\/product\/24095","targetHints":{"allow":["GET"]}}],"collection":[{"href":"https:\/\/www.billigtrikotde.com\/fr\/wp-json\/wp\/v2\/product"}],"about":[{"href":"https:\/\/www.billigtrikotde.com\/fr\/wp-json\/wp\/v2\/types\/product"}],"replies":[{"embeddable":true,"href":"https:\/\/www.billigtrikotde.com\/fr\/wp-json\/wp\/v2\/comments?post=24095"}],"wp:featuredmedia":[{"embeddable":true,"href":"https:\/\/www.billigtrikotde.com\/fr\/wp-json\/wp\/v2\/media\/24097"}],"wp:attachment":[{"href":"https:\/\/www.billigtrikotde.com\/fr\/wp-json\/wp\/v2\/media?parent=24095"}],"wp:term":[{"taxonomy":"product_brand","embeddable":true,"href":"https:\/\/www.billigtrikotde.com\/fr\/wp-json\/wp\/v2\/product_brand?post=24095"},{"taxonomy":"product_cat","embeddable":true,"href":"https:\/\/www.billigtrikotde.com\/fr\/wp-json\/wp\/v2\/product_cat?post=24095"},{"taxonomy":"product_tag","embeddable":true,"href":"https:\/\/www.billigtrikotde.com\/fr\/wp-json\/wp\/v2\/product_tag?post=24095"}],"curies":[{"name":"wp","href":"https:\/\/api.w.org\/{rel}","templated":true}]}}