{"id":2358,"date":"2024-10-23T14:13:13","date_gmt":"2024-10-23T12:13:13","guid":{"rendered":"http:\/\/billigtrikots.com\/?post_type=product&#038;p=2358"},"modified":"2024-10-23T14:15:19","modified_gmt":"2024-10-23T12:15:19","slug":"as-roma-2022-heimtrikot-rot-trikotsatz-kurzarm-kurze-hosen-pellegrini-7","status":"publish","type":"product","link":"https:\/\/www.billigtrikotde.com\/fr\/as-roma-2022-heimtrikot-rot-trikotsatz-kurzarm-kurze-hosen-pellegrini-7\/","title":{"rendered":"AS Roma 2022 Maillot domicile rouge Jeu de maillots manches courtes + short PELLEGRINI 7"},"content":{"rendered":"<p>Chaque vrai supporter de l'AS Rome a besoin de ce maillot de sport domicile, car m\u00eame les joueurs le portent en Serie A. La fonctionnalit\u00e9 respirante, confortable, l\u00e9g\u00e8re et \u00e9vacuant la transpiration le rend convaincant. Sur ce maillot, vous pouvez compter visuellement sur le blason du club sur la poitrine. Peu importe \u00e0 quel point l'entra\u00eenement ou le match est intense, avec ce mod\u00e8le, vous \u00eates toujours parfaitement habill\u00e9.<\/p>\n<p>Conseils pour l'impression : Si le nom et le num\u00e9ro figurant sur l'image correspondent exactement \u00e0 ce que vous souhaitez, vous ne devez pas les saisir \u00e0 nouveau. Si ce n'est pas le cas, vous devez saisir le nom et le num\u00e9ro que vous souhaitez.<\/p>\n<p>Conseils pour le lavage : Il est recommand\u00e9 de laver les maillots de football \u00e0 la main. Si vous souhaitez utiliser la machine \u00e0 laver, pensez \u00e0 retourner les maillots de football avant de les laver. Remplissez la machine avec de l'eau froide et utilisez un cycle de lavage d\u00e9licat pour mieux prot\u00e9ger les couleurs.<\/p>","protected":false},"excerpt":{"rendered":"<p>Chaque vrai supporter de l'AS Rome a besoin de ce maillot de sport domicile, car m\u00eame les joueurs le portent en Serie A. La fonctionnalit\u00e9 respirante, confortable, l\u00e9g\u00e8re et \u00e9vacuant la transpiration le rend convaincant. Sur ce maillot, vous pouvez compter visuellement sur le blason du club sur la poitrine. Peu importe \u00e0 quel point l'entra\u00eenement ou le match est intense, avec ce mod\u00e8le, vous \u00eates toujours parfaitement habill\u00e9.<\/p>","protected":false},"featured_media":2399,"comment_status":"open","ping_status":"closed","template":"","meta":[],"product_brand":[],"product_cat":[85],"product_tag":[86,87,20,21,22,23,24],"class_list":{"0":"post-2358","1":"product","2":"type-product","3":"status-publish","4":"has-post-thumbnail","6":"product_cat-as-roma","7":"product_tag-as-roma-heimtrikot","8":"product_tag-as-roma-trikots","9":"product_tag-coole-fussballtrikots","10":"product_tag-fussballtrikot-fuer-herren","11":"product_tag-fussballtrikot-guenstig-kaufen","12":"product_tag-fussballtrikot-kurzarm","13":"product_tag-guenstiges-fussballtrikot","15":"first","16":"instock","17":"shipping-taxable","18":"purchasable","19":"product-type-variable"},"_links":{"self":[{"href":"https:\/\/www.billigtrikotde.com\/fr\/wp-json\/wp\/v2\/product\/2358","targetHints":{"allow":["GET"]}}],"collection":[{"href":"https:\/\/www.billigtrikotde.com\/fr\/wp-json\/wp\/v2\/product"}],"about":[{"href":"https:\/\/www.billigtrikotde.com\/fr\/wp-json\/wp\/v2\/types\/product"}],"replies":[{"embeddable":true,"href":"https:\/\/www.billigtrikotde.com\/fr\/wp-json\/wp\/v2\/comments?post=2358"}],"wp:featuredmedia":[{"embeddable":true,"href":"https:\/\/www.billigtrikotde.com\/fr\/wp-json\/wp\/v2\/media\/2399"}],"wp:attachment":[{"href":"https:\/\/www.billigtrikotde.com\/fr\/wp-json\/wp\/v2\/media?parent=2358"}],"wp:term":[{"taxonomy":"product_brand","embeddable":true,"href":"https:\/\/www.billigtrikotde.com\/fr\/wp-json\/wp\/v2\/product_brand?post=2358"},{"taxonomy":"product_cat","embeddable":true,"href":"https:\/\/www.billigtrikotde.com\/fr\/wp-json\/wp\/v2\/product_cat?post=2358"},{"taxonomy":"product_tag","embeddable":true,"href":"https:\/\/www.billigtrikotde.com\/fr\/wp-json\/wp\/v2\/product_tag?post=2358"}],"curies":[{"name":"wp","href":"https:\/\/api.w.org\/{rel}","templated":true}]}}