{"id":2318,"date":"2024-10-23T14:11:57","date_gmt":"2024-10-23T12:11:57","guid":{"rendered":"http:\/\/billigtrikots.com\/?post_type=product&#038;p=2318"},"modified":"2024-10-23T14:13:06","modified_gmt":"2024-10-23T12:13:06","slug":"manchester-city-auswaertstrikot-2022-weiss-hellblau-mit-aufdruck-sterling-7","status":"publish","type":"product","link":"https:\/\/www.billigtrikotde.com\/fr\/manchester-city-auswaertstrikot-2022-weiss-hellblau-mit-aufdruck-sterling-7\/","title":{"rendered":"Manchester City maillot ext\u00e9rieur 2022 blanc\/bleu ciel avec impression Sterling 7"},"content":{"rendered":"<p>Le dernier maillot ext\u00e9rieur Puma MCFC pour hommes se pr\u00e9sente dans une couleur inhabituellement claire, ce qui en fait une pi\u00e8ce unique ! Il est bien s\u00fbr orn\u00e9 du fier logo du club, des d\u00e9tails des sponsors officiels et du l\u00e9gendaire Puma Cat. Ne laisse pas passer ce design unique !<\/p>\n<p>Il est fabriqu\u00e9 en polyester recycl\u00e9 100% et gr\u00e2ce \u00e0 la technologie dryCELL, il assure une bonne gestion de la chaleur et de l'humidit\u00e9. Tu restes ainsi au sec et au frais sur ton corps, et tu es assur\u00e9 d'une qualit\u00e9 durable. La coupe sp\u00e9ciale Replica s'\u00e9carte l\u00e9g\u00e8rement des maillots plus moulants des joueurs et offre une libert\u00e9 de mouvement maximale dans toutes les directions.<\/p>\n<p>Prouve ton appartenance et ta loyaut\u00e9, peu importe o\u00f9 et quand les Citizens sont sur le terrain ! Pour cela, procure-toi le maillot ext\u00e9rieur officiel Puma Manchester City Hommes 2021\/22 et c\u00e9l\u00e8bre l'\u00e9quipe la plus performante !<\/p>\n<p>Conseils pour l'impression : Si le nom et le num\u00e9ro figurant sur l'image correspondent exactement \u00e0 ce que vous souhaitez, vous ne devez pas les saisir \u00e0 nouveau. Si ce n'est pas le cas, vous devez saisir le nom et le num\u00e9ro que vous souhaitez.<\/p>\n<p>Conseils pour le lavage : Il est recommand\u00e9 de laver les maillots de football \u00e0 la main. Si vous souhaitez utiliser la machine \u00e0 laver, pensez \u00e0 retourner les maillots de football avant de les laver. Remplissez la machine avec de l'eau froide et utilisez un cycle de lavage d\u00e9licat pour mieux prot\u00e9ger les couleurs.<\/p>","protected":false},"excerpt":{"rendered":"<p>Das aktuelle Puma MCFC Herren Ausw\u00e4rts Trikot zeigt sich in einer ungew\u00f6hnlich hellen Farbe und ist somit ein echtes Unikat! Es ist nat\u00fcrlich mit dem stolzen Vereinslogo, offiziellen Sponsorendetails und der legend\u00e4ren Puma Cat geschm\u00fcckt. Dieses einzigartige Design darfst du dir nicht entgehen lassen! Gefertigt wird es aus 100% recyceltem Polyester und dank der dryCELL [&hellip;]<\/p>","protected":false},"featured_media":2350,"comment_status":"open","ping_status":"closed","template":"","meta":[],"product_brand":[],"product_cat":[82],"product_tag":[20,21,22,23,24,83,84],"class_list":{"0":"post-2318","1":"product","2":"type-product","3":"status-publish","4":"has-post-thumbnail","6":"product_cat-manchester-city","7":"product_tag-coole-fussballtrikots","8":"product_tag-fussballtrikot-fuer-herren","9":"product_tag-fussballtrikot-guenstig-kaufen","10":"product_tag-fussballtrikot-kurzarm","11":"product_tag-guenstiges-fussballtrikot","12":"product_tag-manchester-city-auswaertstrikot","13":"product_tag-manchester-city-trikots","15":"first","16":"instock","17":"shipping-taxable","18":"purchasable","19":"product-type-variable"},"_links":{"self":[{"href":"https:\/\/www.billigtrikotde.com\/fr\/wp-json\/wp\/v2\/product\/2318","targetHints":{"allow":["GET"]}}],"collection":[{"href":"https:\/\/www.billigtrikotde.com\/fr\/wp-json\/wp\/v2\/product"}],"about":[{"href":"https:\/\/www.billigtrikotde.com\/fr\/wp-json\/wp\/v2\/types\/product"}],"replies":[{"embeddable":true,"href":"https:\/\/www.billigtrikotde.com\/fr\/wp-json\/wp\/v2\/comments?post=2318"}],"wp:featuredmedia":[{"embeddable":true,"href":"https:\/\/www.billigtrikotde.com\/fr\/wp-json\/wp\/v2\/media\/2350"}],"wp:attachment":[{"href":"https:\/\/www.billigtrikotde.com\/fr\/wp-json\/wp\/v2\/media?parent=2318"}],"wp:term":[{"taxonomy":"product_brand","embeddable":true,"href":"https:\/\/www.billigtrikotde.com\/fr\/wp-json\/wp\/v2\/product_brand?post=2318"},{"taxonomy":"product_cat","embeddable":true,"href":"https:\/\/www.billigtrikotde.com\/fr\/wp-json\/wp\/v2\/product_cat?post=2318"},{"taxonomy":"product_tag","embeddable":true,"href":"https:\/\/www.billigtrikotde.com\/fr\/wp-json\/wp\/v2\/product_tag?post=2318"}],"curies":[{"name":"wp","href":"https:\/\/api.w.org\/{rel}","templated":true}]}}