{"id":2303,"date":"2024-10-23T14:11:23","date_gmt":"2024-10-23T12:11:23","guid":{"rendered":"http:\/\/billigtrikots.com\/?post_type=product&#038;p=2303"},"modified":"2024-10-23T14:11:44","modified_gmt":"2024-10-23T12:11:44","slug":"james-maddison-10-leicester-city-fc-2022-home-fussball-trikots-herren","status":"publish","type":"product","link":"https:\/\/www.billigtrikotde.com\/fr\/james-maddison-10-leicester-city-fc-2022-home-fussball-trikots-herren\/","title":{"rendered":"James Maddison #10 Leicester City FC 2022 Maillots de football domicile hommes"},"content":{"rendered":"<p>Jouez comme les pros sur le terrain avec ce short domicile Leicester City FC 2021\/22 pour hommes. Ce short l\u00e9ger est disponible en blanc et est fabriqu\u00e9 en tissage en polyester Primegreen lisse avec la technologie AEROREADY qui \u00e9vacue la transpiration pour un confort frais. Il dispose d'une taille \u00e9lastique avec cordons r\u00e9glables pour un ajustement personnalis\u00e9, ainsi que des 3 bandes contrast\u00e9es sur les c\u00f4t\u00e9s. Cachet avec un SportLogo et l'embl\u00e8me embl\u00e9matique des Foxes sur chaque jambe. Lavable en machine.<\/p>\n<p>Conseils pour l'impression : Si le nom et le num\u00e9ro figurant sur l'image correspondent exactement \u00e0 ce que vous souhaitez, vous ne devez pas les saisir \u00e0 nouveau. Si ce n'est pas le cas, vous devez saisir le nom et le num\u00e9ro que vous souhaitez.<\/p>\n<p>Conseils pour le lavage : Il est recommand\u00e9 de laver les maillots de football \u00e0 la main. Si vous souhaitez utiliser la machine \u00e0 laver, pensez \u00e0 retourner les maillots de football avant de les laver. Remplissez la machine avec de l'eau froide et utilisez un cycle de lavage d\u00e9licat pour mieux prot\u00e9ger les couleurs.<\/p>","protected":false},"excerpt":{"rendered":"<p>Spielen Sie wie die Profis auf dem Platz mit diesen Leicester City FC 2021\/22 Heimshorts f\u00fcr Herren. Diese leichte Shorts ist in einer wei\u00dfen Farbgebung erh\u00e4ltlich und besteht aus glattem Primegreen-Polyestergewebe mit AEROREADY-Technologie, die Schwei\u00df f\u00fcr k\u00fchlen Komfort ableitet. Sie verf\u00fcgt \u00fcber einen elastischen Bund mit verstellbaren Kordeln f\u00fcr eine individuelle Passform sowie kontrastierende 3-Streifen [&hellip;]<\/p>","protected":false},"featured_media":2307,"comment_status":"open","ping_status":"closed","template":"","meta":[],"product_brand":[],"product_cat":[80],"product_tag":[20,21,22,23,54,24,81],"class_list":{"0":"post-2303","1":"product","2":"type-product","3":"status-publish","4":"has-post-thumbnail","6":"product_cat-leicester-city","7":"product_tag-coole-fussballtrikots","8":"product_tag-fussballtrikot-fuer-herren","9":"product_tag-fussballtrikot-guenstig-kaufen","10":"product_tag-fussballtrikot-kurzarm","11":"product_tag-fussballtrikot-set","12":"product_tag-guenstiges-fussballtrikot","13":"product_tag-leicester-city-f-c-trikots","15":"first","16":"instock","17":"shipping-taxable","18":"purchasable","19":"product-type-variable"},"_links":{"self":[{"href":"https:\/\/www.billigtrikotde.com\/fr\/wp-json\/wp\/v2\/product\/2303","targetHints":{"allow":["GET"]}}],"collection":[{"href":"https:\/\/www.billigtrikotde.com\/fr\/wp-json\/wp\/v2\/product"}],"about":[{"href":"https:\/\/www.billigtrikotde.com\/fr\/wp-json\/wp\/v2\/types\/product"}],"replies":[{"embeddable":true,"href":"https:\/\/www.billigtrikotde.com\/fr\/wp-json\/wp\/v2\/comments?post=2303"}],"wp:featuredmedia":[{"embeddable":true,"href":"https:\/\/www.billigtrikotde.com\/fr\/wp-json\/wp\/v2\/media\/2307"}],"wp:attachment":[{"href":"https:\/\/www.billigtrikotde.com\/fr\/wp-json\/wp\/v2\/media?parent=2303"}],"wp:term":[{"taxonomy":"product_brand","embeddable":true,"href":"https:\/\/www.billigtrikotde.com\/fr\/wp-json\/wp\/v2\/product_brand?post=2303"},{"taxonomy":"product_cat","embeddable":true,"href":"https:\/\/www.billigtrikotde.com\/fr\/wp-json\/wp\/v2\/product_cat?post=2303"},{"taxonomy":"product_tag","embeddable":true,"href":"https:\/\/www.billigtrikotde.com\/fr\/wp-json\/wp\/v2\/product_tag?post=2303"}],"curies":[{"name":"wp","href":"https:\/\/api.w.org\/{rel}","templated":true}]}}