{"id":2292,"date":"2024-10-23T14:10:52","date_gmt":"2024-10-23T12:10:52","guid":{"rendered":"http:\/\/billigtrikots.com\/?post_type=product&#038;p=2292"},"modified":"2024-10-23T14:11:43","modified_gmt":"2024-10-23T12:11:43","slug":"demarai-gray-7-leicester-city-f-c-2022-home-kit-kurzarm-kurze-hosen","status":"publish","type":"product","link":"https:\/\/www.billigtrikotde.com\/fr\/demarai-gray-7-leicester-city-f-c-2022-home-kit-kurzarm-kurze-hosen\/","title":{"rendered":"Demarai Gray #7 Leicester City F.C. 2022 Home Kit manches courtes + short"},"content":{"rendered":"<p>Avec ce maillot domicile Leicester City FC 2022 pour hommes d'adidas, les gar\u00e7ons seront dans le top 4 cette saison. Ce maillot de coupe standard de couleur camouflage bleu est fabriqu\u00e9 en polytissu l\u00e9ger qui \u00e9vacue la transpiration gr\u00e2ce \u00e0 la technologie AEROREADY pour un confort frais. Il est dot\u00e9 d'un col en V et de manches courtes avec des finitions blanches contrast\u00e9es et 3 bandes sur les \u00e9paules. Avec les sponsors du club sur le devant, ce haut est orn\u00e9 d'un insigne sportif et de l'embl\u00e9matique \u00e9cusson des Foxes sur la poitrine.<\/p>\n<p>Conseils pour l'impression : Si le nom et le num\u00e9ro figurant sur l'image correspondent exactement \u00e0 ce que vous souhaitez, vous ne devez pas les saisir \u00e0 nouveau. Si ce n'est pas le cas, vous devez saisir le nom et le num\u00e9ro que vous souhaitez.<\/p>\n<p>Conseils pour le lavage : Il est recommand\u00e9 de laver les maillots de football \u00e0 la main. Si vous souhaitez utiliser la machine \u00e0 laver, pensez \u00e0 retourner les maillots de football avant de les laver. Remplissez la machine avec de l'eau froide et utilisez un cycle de lavage d\u00e9licat pour mieux prot\u00e9ger les couleurs.<\/p>","protected":false},"excerpt":{"rendered":"<p>Mit diesem Leicester City FC 2021\/22 Heimtrikot f\u00fcr Herren von adidas sind die Jungs in dieser Saison unter den Top 4. Dieses Standard-Fit-Shirt in blauer Tarnfarbe besteht aus leichtem Polygewebe, das mit AEROREADY-Technologie Schwei\u00df ableitet und f\u00fcr k\u00fchlen Komfort sorgt. Es hat einen V-Ausschnitt und kurze \u00c4rmel mit kontrastierenden wei\u00dfen Bes\u00e4tzen und 3-Streifen an den [&hellip;]<\/p>","protected":false},"featured_media":2296,"comment_status":"open","ping_status":"closed","template":"","meta":[],"product_brand":[],"product_cat":[80],"product_tag":[20,21,22,23,54,24,81],"class_list":{"0":"post-2292","1":"product","2":"type-product","3":"status-publish","4":"has-post-thumbnail","6":"product_cat-leicester-city","7":"product_tag-coole-fussballtrikots","8":"product_tag-fussballtrikot-fuer-herren","9":"product_tag-fussballtrikot-guenstig-kaufen","10":"product_tag-fussballtrikot-kurzarm","11":"product_tag-fussballtrikot-set","12":"product_tag-guenstiges-fussballtrikot","13":"product_tag-leicester-city-f-c-trikots","15":"first","16":"instock","17":"shipping-taxable","18":"purchasable","19":"product-type-variable"},"_links":{"self":[{"href":"https:\/\/www.billigtrikotde.com\/fr\/wp-json\/wp\/v2\/product\/2292","targetHints":{"allow":["GET"]}}],"collection":[{"href":"https:\/\/www.billigtrikotde.com\/fr\/wp-json\/wp\/v2\/product"}],"about":[{"href":"https:\/\/www.billigtrikotde.com\/fr\/wp-json\/wp\/v2\/types\/product"}],"replies":[{"embeddable":true,"href":"https:\/\/www.billigtrikotde.com\/fr\/wp-json\/wp\/v2\/comments?post=2292"}],"wp:featuredmedia":[{"embeddable":true,"href":"https:\/\/www.billigtrikotde.com\/fr\/wp-json\/wp\/v2\/media\/2296"}],"wp:attachment":[{"href":"https:\/\/www.billigtrikotde.com\/fr\/wp-json\/wp\/v2\/media?parent=2292"}],"wp:term":[{"taxonomy":"product_brand","embeddable":true,"href":"https:\/\/www.billigtrikotde.com\/fr\/wp-json\/wp\/v2\/product_brand?post=2292"},{"taxonomy":"product_cat","embeddable":true,"href":"https:\/\/www.billigtrikotde.com\/fr\/wp-json\/wp\/v2\/product_cat?post=2292"},{"taxonomy":"product_tag","embeddable":true,"href":"https:\/\/www.billigtrikotde.com\/fr\/wp-json\/wp\/v2\/product_tag?post=2292"}],"curies":[{"name":"wp","href":"https:\/\/api.w.org\/{rel}","templated":true}]}}