{"id":22746,"date":"2025-11-04T15:41:27","date_gmt":"2025-11-04T14:41:27","guid":{"rendered":"https:\/\/www.billigtrikotde.com\/?post_type=product&#038;p=22746"},"modified":"2025-11-04T15:41:27","modified_gmt":"2025-11-04T14:41:27","slug":"manchester-united-guenstige-rasmus-hojlund-9-heimtrikot-2025-26-kurzarm","status":"publish","type":"product","link":"https:\/\/www.billigtrikotde.com\/fr\/manchester-united-guenstige-rasmus-hojlund-9-heimtrikot-2025-26-kurzarm\/","title":{"rendered":"Manchester United Maillot domicile pas cher Rasmus Hojlund #9 2025-26 Manches courtes"},"content":{"rendered":"<p>Conseils pour imprim\u00e9s de maillots de football Manchester United : Si le nom et le num\u00e9ro sur l'image correspondent exactement \u00e0 vos souhaits, vous n'avez pas besoin de les saisir \u00e0 nouveau. Sinon, vous devriez saisir le nom et le num\u00e9ro que vous souhaitez.<\/p>\n<p>Conseils pour le lavage : Il est recommand\u00e9 de laver les maillots de football \u00e0 la main. Si vous souhaitez utiliser la machine \u00e0 laver, pensez \u00e0 retourner les maillots de football avant de les laver. Remplissez la machine avec de l'eau froide et utilisez un cycle de lavage d\u00e9licat pour mieux prot\u00e9ger les couleurs.<\/p>","protected":false},"excerpt":{"rendered":"<p>Manchester-United-Fu\u00dfballtrikots-Tipps zum Drucken: Wenn der Name und die Nummer auf dem Bild genau Ihren W\u00fcnschen entsprechen, m\u00fcssen Sie sie nicht erneut eingeben. Wenn nicht, sollten Sie Ihren gew\u00fcnschten Namen und Ihre Nummer eingeben. Manchester-United-Fu\u00dfballtrikots-Tipps zum Waschen: Es wird empfohlen, Fu\u00dfballtrikots von Hand zu waschen. Wenn Sie die Waschmaschine benutzen m\u00f6chten, denken Sie daran, Fu\u00dfballtrikots umzudrehen [&hellip;]<\/p>","protected":false},"featured_media":22748,"comment_status":"open","ping_status":"closed","template":"","meta":[],"product_brand":[],"product_cat":[50],"product_tag":[1555,1554],"class_list":{"0":"post-22746","1":"product","2":"type-product","3":"status-publish","4":"has-post-thumbnail","6":"product_cat-manchester-united","7":"product_tag-guenstige-rasmus-hojlund-trikot-kinder","8":"product_tag-rasmus-hojlund-trikot-kinder-kaufen","10":"first","11":"instock","12":"shipping-taxable","13":"purchasable","14":"product-type-variable"},"_links":{"self":[{"href":"https:\/\/www.billigtrikotde.com\/fr\/wp-json\/wp\/v2\/product\/22746","targetHints":{"allow":["GET"]}}],"collection":[{"href":"https:\/\/www.billigtrikotde.com\/fr\/wp-json\/wp\/v2\/product"}],"about":[{"href":"https:\/\/www.billigtrikotde.com\/fr\/wp-json\/wp\/v2\/types\/product"}],"replies":[{"embeddable":true,"href":"https:\/\/www.billigtrikotde.com\/fr\/wp-json\/wp\/v2\/comments?post=22746"}],"wp:featuredmedia":[{"embeddable":true,"href":"https:\/\/www.billigtrikotde.com\/fr\/wp-json\/wp\/v2\/media\/22748"}],"wp:attachment":[{"href":"https:\/\/www.billigtrikotde.com\/fr\/wp-json\/wp\/v2\/media?parent=22746"}],"wp:term":[{"taxonomy":"product_brand","embeddable":true,"href":"https:\/\/www.billigtrikotde.com\/fr\/wp-json\/wp\/v2\/product_brand?post=22746"},{"taxonomy":"product_cat","embeddable":true,"href":"https:\/\/www.billigtrikotde.com\/fr\/wp-json\/wp\/v2\/product_cat?post=22746"},{"taxonomy":"product_tag","embeddable":true,"href":"https:\/\/www.billigtrikotde.com\/fr\/wp-json\/wp\/v2\/product_tag?post=22746"}],"curies":[{"name":"wp","href":"https:\/\/api.w.org\/{rel}","templated":true}]}}