{"id":21907,"date":"2025-05-17T15:45:03","date_gmt":"2025-05-17T13:45:03","guid":{"rendered":"https:\/\/www.billigtrikotde.com\/?post_type=product&#038;p=21907"},"modified":"2025-05-21T15:30:51","modified_gmt":"2025-05-21T13:30:51","slug":"manchester-city-heim-trikotsatz-2025-26-blau-fussballtrikots","status":"publish","type":"product","link":"https:\/\/www.billigtrikotde.com\/fr\/manchester-city-heim-trikotsatz-2025-26-blau-fussballtrikots\/","title":{"rendered":"Manchester City Ensemble de maillots domicile 2025-26 football"},"content":{"rendered":"<h3>Manchester City Ensemble de maillots domicile 2025-26 football<\/h3>\n<p>Pour la premi\u00e8re fois dans l'histoire du club, le maillot domicile masculin Manchester City FC 2025\/26 a \u00e9t\u00e9 r\u00e9interpr\u00e9t\u00e9 avec un design marqu\u00e9 en forme de lame et le bleu ciel embl\u00e9matique. C'est un hommage aux maillots ext\u00e9rieurs l\u00e9gendaires du pass\u00e9 et un symbole de l'esprit unique du club. Ce maillot domicile combine tradition et innovation et c\u00e9l\u00e8bre avec une bande diagonale l'histoire de City tout en regardant audacieusement vers l'avenir. Il est con\u00e7u pour le confort et la performance, fabriqu\u00e9 \u00e0 partir de mat\u00e9riau l\u00e9ger ULTRAWEAVE et de la technologie dryCELL, qui \u00e9vacue la transpiration et vous maintient au frais sur et en dehors du terrain.<\/p>\n<p>Conseils pour l'impression : Si le nom et le num\u00e9ro figurant sur l'image correspondent exactement \u00e0 ce que vous souhaitez, vous ne devez pas les saisir \u00e0 nouveau. Si ce n'est pas le cas, vous devez saisir le nom et le num\u00e9ro que vous souhaitez.<\/p>\n<p>Conseils pour le lavage : Il est recommand\u00e9 de laver les maillots de football \u00e0 la main. Si vous souhaitez utiliser la machine \u00e0 laver, pensez \u00e0 retourner les maillots de football avant de les laver. Remplissez la machine avec de l'eau froide et utilisez un cycle de lavage d\u00e9licat pour mieux prot\u00e9ger les couleurs.<\/p>","protected":false},"excerpt":{"rendered":"<p>Manchester City Heim Trikotsatz 2025-26 Blau Fu\u00dfballtrikots Zum ersten Mal in der Vereinsgeschichte wurde das Manchester City FC 2025\/26 Herren-Heimtrikot mit einem markanten Sch\u00e4rpendesign und dem ikonischen Himmelblau neu interpretiert. Es ist eine Hommage an die legend\u00e4ren Ausw\u00e4rtstrikots der Vergangenheit und ein Symbol f\u00fcr den einzigartigen Geist des Vereins. Dieses Heimtrikot verbindet Tradition mit Innovation [&hellip;]<\/p>","protected":false},"featured_media":21909,"comment_status":"open","ping_status":"closed","template":"","meta":[],"product_brand":[],"product_cat":[82],"product_tag":[20,574,21,22,23,24,1311,84],"class_list":{"0":"post-21907","1":"product","2":"type-product","3":"status-publish","4":"has-post-thumbnail","6":"product_cat-manchester-city","7":"product_tag-coole-fussballtrikots","8":"product_tag-fussballtrikot-deutschland","9":"product_tag-fussballtrikot-fuer-herren","10":"product_tag-fussballtrikot-guenstig-kaufen","11":"product_tag-fussballtrikot-kurzarm","12":"product_tag-guenstiges-fussballtrikot","13":"product_tag-manchester-city-fussballtrikots","14":"product_tag-manchester-city-trikots","16":"first","17":"instock","18":"shipping-taxable","19":"purchasable","20":"product-type-variable"},"_links":{"self":[{"href":"https:\/\/www.billigtrikotde.com\/fr\/wp-json\/wp\/v2\/product\/21907","targetHints":{"allow":["GET"]}}],"collection":[{"href":"https:\/\/www.billigtrikotde.com\/fr\/wp-json\/wp\/v2\/product"}],"about":[{"href":"https:\/\/www.billigtrikotde.com\/fr\/wp-json\/wp\/v2\/types\/product"}],"replies":[{"embeddable":true,"href":"https:\/\/www.billigtrikotde.com\/fr\/wp-json\/wp\/v2\/comments?post=21907"}],"wp:featuredmedia":[{"embeddable":true,"href":"https:\/\/www.billigtrikotde.com\/fr\/wp-json\/wp\/v2\/media\/21909"}],"wp:attachment":[{"href":"https:\/\/www.billigtrikotde.com\/fr\/wp-json\/wp\/v2\/media?parent=21907"}],"wp:term":[{"taxonomy":"product_brand","embeddable":true,"href":"https:\/\/www.billigtrikotde.com\/fr\/wp-json\/wp\/v2\/product_brand?post=21907"},{"taxonomy":"product_cat","embeddable":true,"href":"https:\/\/www.billigtrikotde.com\/fr\/wp-json\/wp\/v2\/product_cat?post=21907"},{"taxonomy":"product_tag","embeddable":true,"href":"https:\/\/www.billigtrikotde.com\/fr\/wp-json\/wp\/v2\/product_tag?post=21907"}],"curies":[{"name":"wp","href":"https:\/\/api.w.org\/{rel}","templated":true}]}}