{"id":21717,"date":"2025-05-12T14:01:00","date_gmt":"2025-05-12T12:01:00","guid":{"rendered":"https:\/\/www.billigtrikotde.com\/?post_type=product&#038;p=21717"},"modified":"2025-05-21T15:30:22","modified_gmt":"2025-05-21T13:30:22","slug":"inter-milan-heimtrikot-kinder-2024-25-fussballtrikots-set","status":"publish","type":"product","link":"https:\/\/www.billigtrikotde.com\/fr\/inter-milan-heimtrikot-kinder-2024-25-fussballtrikots-set\/","title":{"rendered":"Inter Milan domicile maillot enfants 2024-25 jeu de maillots de football"},"content":{"rendered":"<h3>D\u00e9tails sur le maillot domicile Inter Milan Enfant 2024-25 Ensemble de maillots de football<\/h3>\n<p>Convient pour : Enfants<br \/>\nLogo de marque : Brod\u00e9<br \/>\nInsigne d'\u00e9quipe : Brod\u00e9<br \/>\n100% polyester TP3T pour une sensation de s\u00e9cheresse.<br \/>\nCouleur du produit : Noir-Bleu<\/p>\n<p>Conseils pour l'impression : Si le nom et le num\u00e9ro figurant sur l'image correspondent exactement \u00e0 ce que vous souhaitez, vous ne devez pas les saisir \u00e0 nouveau. Si ce n'est pas le cas, vous devez saisir le nom et le num\u00e9ro que vous souhaitez.<\/p>\n<p>Conseils pour le lavage : Il est recommand\u00e9 de laver les maillots de football \u00e0 la main. Si vous souhaitez utiliser la machine \u00e0 laver, pensez \u00e0 retourner les maillots de football avant de les laver. Remplissez la machine avec de l'eau froide et utilisez un cycle de lavage d\u00e9licat pour mieux prot\u00e9ger les couleurs.<\/p>","protected":false},"excerpt":{"rendered":"<p>Details zu Inter Milan Heimtrikot Kinder 2024-25 Fu\u00dfballtrikots Set Geeignet f\u00fcr: Kinder Markenlogo: Gestickt Teamabzeichen: Gestickt 100 % Polyester f\u00fcr ein trockenes Tragegef\u00fchl. Produktfarbe: Schwarz-Blau Tipps zum Drucken: Wenn der Name und die Nummer auf dem Bild genau Ihren W\u00fcnschen entsprechen, m\u00fcssen Sie sie nicht erneut eingeben. Wenn nicht, sollten Sie Ihren gew\u00fcnschten Namen und [&hellip;]<\/p>","protected":false},"featured_media":21719,"comment_status":"open","ping_status":"closed","template":"","meta":[],"product_brand":[],"product_cat":[779],"product_tag":[20,215,780,781,94],"class_list":{"0":"post-21717","1":"product","2":"type-product","3":"status-publish","4":"has-post-thumbnail","6":"product_cat-inter-milan-kindertrikot","7":"product_tag-coole-fussballtrikots","8":"product_tag-fussball-trikot-kurzarm","9":"product_tag-inter-milan-fussballtrikots-kinder","10":"product_tag-inter-milan-trikot-fuer-kinder","11":"product_tag-kinder-fussball-trikotsatz","13":"first","14":"instock","15":"shipping-taxable","16":"purchasable","17":"product-type-variable"},"_links":{"self":[{"href":"https:\/\/www.billigtrikotde.com\/fr\/wp-json\/wp\/v2\/product\/21717","targetHints":{"allow":["GET"]}}],"collection":[{"href":"https:\/\/www.billigtrikotde.com\/fr\/wp-json\/wp\/v2\/product"}],"about":[{"href":"https:\/\/www.billigtrikotde.com\/fr\/wp-json\/wp\/v2\/types\/product"}],"replies":[{"embeddable":true,"href":"https:\/\/www.billigtrikotde.com\/fr\/wp-json\/wp\/v2\/comments?post=21717"}],"wp:featuredmedia":[{"embeddable":true,"href":"https:\/\/www.billigtrikotde.com\/fr\/wp-json\/wp\/v2\/media\/21719"}],"wp:attachment":[{"href":"https:\/\/www.billigtrikotde.com\/fr\/wp-json\/wp\/v2\/media?parent=21717"}],"wp:term":[{"taxonomy":"product_brand","embeddable":true,"href":"https:\/\/www.billigtrikotde.com\/fr\/wp-json\/wp\/v2\/product_brand?post=21717"},{"taxonomy":"product_cat","embeddable":true,"href":"https:\/\/www.billigtrikotde.com\/fr\/wp-json\/wp\/v2\/product_cat?post=21717"},{"taxonomy":"product_tag","embeddable":true,"href":"https:\/\/www.billigtrikotde.com\/fr\/wp-json\/wp\/v2\/product_tag?post=21717"}],"curies":[{"name":"wp","href":"https:\/\/api.w.org\/{rel}","templated":true}]}}