{"id":21682,"date":"2025-05-06T14:46:48","date_gmt":"2025-05-06T12:46:48","guid":{"rendered":"https:\/\/www.billigtrikotde.com\/?post_type=product&#038;p=21682"},"modified":"2025-05-07T11:43:47","modified_gmt":"2025-05-07T09:43:47","slug":"kaufen-online-juventus-torwart-3rd-trikot-kinder-2024-25-fussballtrikots-set","status":"publish","type":"product","link":"https:\/\/www.billigtrikotde.com\/fr\/kaufen-online-juventus-torwart-3rd-trikot-kinder-2024-25-fussballtrikots-set\/","title":{"rendered":"Nouveau maillot de gardien de but Juventus 3\u00e8me pour enfants 2024-25 \u00e0 manches courtes (+ short)"},"content":{"rendered":"<h3>Acheter en ligne maillot de gardien de but Juventus 3\u00e8me pour enfants 2024-25 ensemble de maillots de football<\/h3>\n<p>Conseils pour l\u2019impression : Si le nom et le num\u00e9ro figurant sur l\u2019image correspondent exactement \u00e0 ce que vous souhaitez, vous ne devez pas les saisir \u00e0 nouveau. Si ce n\u2019est pas le cas, vous devez saisir le nom et le num\u00e9ro que vous souhaitez.<\/p>\n<p>Conseils pour le lavage : Il est recommand\u00e9 de laver les maillots de football \u00e0 la main. Si vous souhaitez utiliser la machine \u00e0 laver, pensez \u00e0 retourner les maillots de football avant de les laver. Remplissez la machine avec de l\u2019eau froide et utilisez un cycle de lavage d\u00e9licat pour mieux prot\u00e9ger les couleurs.<\/p>","protected":false},"excerpt":{"rendered":"<p>Acheter en ligne Juventus gardien 3e maillot enfant 2024-25 Maillots de football Ensemble Conseils pour l'impression : Si le nom et le num\u00e9ro figurant sur l\u2019image correspondent exactement \u00e0 ce que vous souhaitez, vous ne devez pas les saisir \u00e0 nouveau. Si ce n\u2019est pas le cas, vous devez saisir le nom et le num\u00e9ro que vous souhaitez. [\u2026]<\/p>","protected":false},"featured_media":21684,"comment_status":"open","ping_status":"closed","template":"","meta":[],"product_brand":[],"product_cat":[148],"product_tag":[20,574,24,855,856,61,149,94],"class_list":{"0":"post-21682","1":"product","2":"type-product","3":"status-publish","4":"has-post-thumbnail","6":"product_cat-juventus-kindertrikot","7":"product_tag-coole-fussballtrikots","8":"product_tag-fussballtrikot-deutschland","9":"product_tag-guenstiges-fussballtrikot","10":"product_tag-juventus-fussballtrikots-kinder","11":"product_tag-juventus-trikot-fuer-kinder","12":"product_tag-juventus-trikots","13":"product_tag-juventus-trikotsatz-fuer-kinder","14":"product_tag-kinder-fussball-trikotsatz","16":"first","17":"instock","18":"shipping-taxable","19":"purchasable","20":"product-type-variable"},"_links":{"self":[{"href":"https:\/\/www.billigtrikotde.com\/fr\/wp-json\/wp\/v2\/product\/21682","targetHints":{"allow":["GET"]}}],"collection":[{"href":"https:\/\/www.billigtrikotde.com\/fr\/wp-json\/wp\/v2\/product"}],"about":[{"href":"https:\/\/www.billigtrikotde.com\/fr\/wp-json\/wp\/v2\/types\/product"}],"replies":[{"embeddable":true,"href":"https:\/\/www.billigtrikotde.com\/fr\/wp-json\/wp\/v2\/comments?post=21682"}],"wp:featuredmedia":[{"embeddable":true,"href":"https:\/\/www.billigtrikotde.com\/fr\/wp-json\/wp\/v2\/media\/21684"}],"wp:attachment":[{"href":"https:\/\/www.billigtrikotde.com\/fr\/wp-json\/wp\/v2\/media?parent=21682"}],"wp:term":[{"taxonomy":"product_brand","embeddable":true,"href":"https:\/\/www.billigtrikotde.com\/fr\/wp-json\/wp\/v2\/product_brand?post=21682"},{"taxonomy":"product_cat","embeddable":true,"href":"https:\/\/www.billigtrikotde.com\/fr\/wp-json\/wp\/v2\/product_cat?post=21682"},{"taxonomy":"product_tag","embeddable":true,"href":"https:\/\/www.billigtrikotde.com\/fr\/wp-json\/wp\/v2\/product_tag?post=21682"}],"curies":[{"name":"wp","href":"https:\/\/api.w.org\/{rel}","templated":true}]}}