{"id":21624,"date":"2025-05-05T15:43:09","date_gmt":"2025-05-05T13:43:09","guid":{"rendered":"https:\/\/www.billigtrikotde.com\/?post_type=product&#038;p=21624"},"modified":"2025-05-06T15:23:22","modified_gmt":"2025-05-06T13:23:22","slug":"herren-trikot-denver-nuggets-marineblau-swingman-kaufen-online","status":"publish","type":"product","link":"https:\/\/www.billigtrikotde.com\/fr\/herren-trikot-denver-nuggets-marineblau-swingman-kaufen-online\/","title":{"rendered":"Maillot homme Denver Nuggets bleu marine Swingman Personnalisable"},"content":{"rendered":"<h3>Herren Trikot Denver Nuggets Marineblau Swingman kaufen online<\/h3>\n<p>F\u00fcr NBA-Fans ist das blaue Herren-Tanktop Denver Nuggets Swingman Icon Edition 22\/23 die richtige Wahl. Es ist aus hochwertigen Materialien gefertigt und bietet Komfort und Bewegungsfreiheit.<\/p>\n<p>Das blaue Herren-Tanktop der Denver Nuggets Swingman Icon Edition 22\/23 verf\u00fcgt \u00fcber die Dri-Fit-Technologie, die Schwei\u00df vom K\u00f6rper absorbiert und Sie auch an den hei\u00dfesten Tagen trocken h\u00e4lt.<\/p>\n<p>Mit einem individuellen Aufdruck erm\u00f6glicht das blaue Herren-Tanktop der Denver Nuggets Swingman Icon Edition 22\/23 dem Fan einen unglaublichen Look. Lassen Sie sich diese Gelegenheit nicht entgehen und kaufen Sie noch heute!<\/p>","protected":false},"excerpt":{"rendered":"<p>Maillot homme Denver Nuggets Marine bleu Swingman acheter en ligne Pour les fans NBA, le d\u00e9bardeur bleu pour homme Denver Nuggets Swingman Icon Edition 22\/23 est le bon choix. Il est fabriqu\u00e9 \u00e0 partir de mat\u00e9riaux de haute qualit\u00e9 et offre confort et libert\u00e9 de mouvement. Le d\u00e9bardeur bleu pour homme des Denver Nuggets Swingman Icon Edition 22\/23 est \u00e9quip\u00e9 de la technologie Dri-Fit, qui Absorbe la sueur du corps et vous [\u2026]<\/p>","protected":false},"featured_media":21626,"comment_status":"open","ping_status":"closed","template":"","meta":[],"product_brand":[],"product_cat":[1485],"product_tag":[1486],"class_list":{"0":"post-21624","1":"product","2":"type-product","3":"status-publish","4":"has-post-thumbnail","6":"product_cat-denver-nuggets-trikots","7":"product_tag-trikot-denver-nuggets","9":"first","10":"instock","11":"shipping-taxable","12":"purchasable","13":"product-type-variable"},"_links":{"self":[{"href":"https:\/\/www.billigtrikotde.com\/fr\/wp-json\/wp\/v2\/product\/21624","targetHints":{"allow":["GET"]}}],"collection":[{"href":"https:\/\/www.billigtrikotde.com\/fr\/wp-json\/wp\/v2\/product"}],"about":[{"href":"https:\/\/www.billigtrikotde.com\/fr\/wp-json\/wp\/v2\/types\/product"}],"replies":[{"embeddable":true,"href":"https:\/\/www.billigtrikotde.com\/fr\/wp-json\/wp\/v2\/comments?post=21624"}],"wp:featuredmedia":[{"embeddable":true,"href":"https:\/\/www.billigtrikotde.com\/fr\/wp-json\/wp\/v2\/media\/21626"}],"wp:attachment":[{"href":"https:\/\/www.billigtrikotde.com\/fr\/wp-json\/wp\/v2\/media?parent=21624"}],"wp:term":[{"taxonomy":"product_brand","embeddable":true,"href":"https:\/\/www.billigtrikotde.com\/fr\/wp-json\/wp\/v2\/product_brand?post=21624"},{"taxonomy":"product_cat","embeddable":true,"href":"https:\/\/www.billigtrikotde.com\/fr\/wp-json\/wp\/v2\/product_cat?post=21624"},{"taxonomy":"product_tag","embeddable":true,"href":"https:\/\/www.billigtrikotde.com\/fr\/wp-json\/wp\/v2\/product_tag?post=21624"}],"curies":[{"name":"wp","href":"https:\/\/api.w.org\/{rel}","templated":true}]}}