{"id":2149,"date":"2024-10-23T14:02:04","date_gmt":"2024-10-23T12:02:04","guid":{"rendered":"http:\/\/billigtrikots.com\/?post_type=product&#038;p=2149"},"modified":"2024-10-23T14:04:00","modified_gmt":"2024-10-23T12:04:00","slug":"inter-mailand-stefan-de-vrij-6-fussballtrikots-offizielles-set-2022-heim-trikot","status":"publish","type":"product","link":"https:\/\/www.billigtrikotde.com\/fr\/inter-mailand-stefan-de-vrij-6-fussballtrikots-offizielles-set-2022-heim-trikot\/","title":{"rendered":"Inter Milan Stefan de Vrij #6 Maillots de football Ensemble officiel 2022 Maillot domicile"},"content":{"rendered":"<p>Soutiens ton \u00e9quipe en tant que 12e homme avec le mod\u00e8le super confortable en bleu. Nike a cr\u00e9\u00e9 avec ce maillot un produit vraiment excellent. Plus de fanatisme, ce n'est pas possible ! Avec ce maillot domicile de l'Inter Milan, tu enrichis ta collection de fans avec un article port\u00e9 par les joueurs en Serie A. Nous recommandons ce mod\u00e8le confortable, qui \u00e9vacue la transpiration et est respirant, avec une sensation agr\u00e9able au port\u00e9. Il se distingue visuellement par un blason du club sur la poitrine. Ainsi, tu seras encore plus performant et tu pourras tout donner \u00e0 chaque entra\u00eenement.<\/p>","protected":false},"excerpt":{"rendered":"<p>Soutiens ton \u00e9quipe en tant que 12e homme avec le mod\u00e8le ultra confortable en bleu. Nike a cr\u00e9\u00e9 avec ce maillot un produit vraiment exceptionnel. Plus de fanatisme, c'est difficile ! Avec ce maillot domicile d'Inter Milan, tu enrichis ta collection de supporters avec un article port\u00e9 par les joueurs en Serie A. Nous recommandons ce mod\u00e8le confortable, qui \u00e9vacue la transpiration et est respirant [\u2026]<\/p>","protected":false},"featured_media":2187,"comment_status":"open","ping_status":"closed","template":"","meta":[],"product_brand":[],"product_cat":[77],"product_tag":[20,21,22,23,54,24,78],"class_list":{"0":"post-2149","1":"product","2":"type-product","3":"status-publish","4":"has-post-thumbnail","6":"product_cat-inter-milan","7":"product_tag-coole-fussballtrikots","8":"product_tag-fussballtrikot-fuer-herren","9":"product_tag-fussballtrikot-guenstig-kaufen","10":"product_tag-fussballtrikot-kurzarm","11":"product_tag-fussballtrikot-set","12":"product_tag-guenstiges-fussballtrikot","13":"product_tag-inter-milan-trikots","15":"first","16":"instock","17":"shipping-taxable","18":"purchasable","19":"product-type-variable"},"_links":{"self":[{"href":"https:\/\/www.billigtrikotde.com\/fr\/wp-json\/wp\/v2\/product\/2149","targetHints":{"allow":["GET"]}}],"collection":[{"href":"https:\/\/www.billigtrikotde.com\/fr\/wp-json\/wp\/v2\/product"}],"about":[{"href":"https:\/\/www.billigtrikotde.com\/fr\/wp-json\/wp\/v2\/types\/product"}],"replies":[{"embeddable":true,"href":"https:\/\/www.billigtrikotde.com\/fr\/wp-json\/wp\/v2\/comments?post=2149"}],"wp:featuredmedia":[{"embeddable":true,"href":"https:\/\/www.billigtrikotde.com\/fr\/wp-json\/wp\/v2\/media\/2187"}],"wp:attachment":[{"href":"https:\/\/www.billigtrikotde.com\/fr\/wp-json\/wp\/v2\/media?parent=2149"}],"wp:term":[{"taxonomy":"product_brand","embeddable":true,"href":"https:\/\/www.billigtrikotde.com\/fr\/wp-json\/wp\/v2\/product_brand?post=2149"},{"taxonomy":"product_cat","embeddable":true,"href":"https:\/\/www.billigtrikotde.com\/fr\/wp-json\/wp\/v2\/product_cat?post=2149"},{"taxonomy":"product_tag","embeddable":true,"href":"https:\/\/www.billigtrikotde.com\/fr\/wp-json\/wp\/v2\/product_tag?post=2149"}],"curies":[{"name":"wp","href":"https:\/\/api.w.org\/{rel}","templated":true}]}}