{"id":21460,"date":"2025-04-16T05:16:03","date_gmt":"2025-04-16T03:16:03","guid":{"rendered":"https:\/\/www.billigtrikotde.com\/?post_type=product&#038;p=21460"},"modified":"2025-04-16T09:49:53","modified_gmt":"2025-04-16T07:49:53","slug":"guenstige-fussballtrikots-real-madrid-heim-trikotsatz-2025-26-cristiano-ronaldo","status":"publish","type":"product","link":"https:\/\/www.billigtrikotde.com\/fr\/guenstige-fussballtrikots-real-madrid-heim-trikotsatz-2025-26-cristiano-ronaldo\/","title":{"rendered":"Maillot de foot pas cher Real Madrid domicile jeu de maillot 2025-26 Cristiano Ronaldo 7"},"content":{"rendered":"<h3>Description des maillots de football bon march\u00e9 Real Madrid maillot domicile ensemble 2025-26 Cristiano Ronaldo :<\/h3>\n<ul>\n<li>Notre paquet contient exactement ce qui \u00e9tait visible sur les photos du produit au moment de votre commande.<\/li>\n<li>Il s'agit du maillot domicile Real Madrid pour enfants de la saison 2025\/26 dans le design embl\u00e9matique blanc du club.<\/li>\n<li>Le maillot pr\u00e9sente des rayures noires sur les \u00e9paules et des passepoils jaunes qui donnent une touche moderne au look classique.<\/li>\n<li>La technologie AEROREADY assure l'\u00e9vacuation de l'humidit\u00e9 et la respirabilit\u00e9 pour les jeunes fans.<\/li>\n<li>Id\u00e9al pour les jeunes fans qui soutiennent leur \u00e9quipe de mani\u00e8re \u00e9cologique et styl\u00e9e tout en restant au frais et \u00e0 l'aise pendant le match.<\/li>\n<\/ul>\n<p>Conseils pour l'impression : Si le nom et le num\u00e9ro figurant sur l'image correspondent exactement \u00e0 ce que vous souhaitez, vous ne devez pas les saisir \u00e0 nouveau. Si ce n'est pas le cas, vous devez saisir le nom et le num\u00e9ro que vous souhaitez.<\/p>\n<p>Conseils pour le lavage : Il est recommand\u00e9 de laver les maillots de football \u00e0 la main. Si vous souhaitez utiliser la machine \u00e0 laver, pensez \u00e0 retourner les maillots de football avant de les laver. Remplissez la machine avec de l'eau froide et utilisez un cycle de lavage d\u00e9licat pour mieux prot\u00e9ger les couleurs.<\/p>","protected":false},"excerpt":{"rendered":"<p>Description du kit de maillots domicile Real Madrid pour enfants 2025-26 Cristiano Ronaldo 7: Notre emballage contient exactement ce qui \u00e9tait visible sur les photos du produit au moment de votre commande. Il s'agit du maillot domicile Real Madrid pour enfants de la saison 2025\/26 dans le design blanc embl\u00e9matique du club. Le maillot pr\u00e9sente des bandes noires sur les \u00e9paules et des passepoils jaunes, qui rappellent le classique [\u2026]<\/p>","protected":false},"featured_media":21463,"comment_status":"open","ping_status":"closed","template":"","meta":[],"product_brand":[],"product_cat":[45],"product_tag":[1307,574,21,228,24,489,490],"class_list":{"0":"post-21460","1":"product","2":"type-product","3":"status-publish","4":"has-post-thumbnail","6":"product_cat-real-madrid","7":"product_tag-cristiano-ronaldo-trikots","8":"product_tag-fussballtrikot-deutschland","9":"product_tag-fussballtrikot-fuer-herren","10":"product_tag-guenstige-fussballtrikot","11":"product_tag-guenstiges-fussballtrikot","12":"product_tag-real-madrid-fussballtrikot","13":"product_tag-real-madrid-trikot","15":"first","16":"instock","17":"shipping-taxable","18":"purchasable","19":"product-type-variable"},"_links":{"self":[{"href":"https:\/\/www.billigtrikotde.com\/fr\/wp-json\/wp\/v2\/product\/21460","targetHints":{"allow":["GET"]}}],"collection":[{"href":"https:\/\/www.billigtrikotde.com\/fr\/wp-json\/wp\/v2\/product"}],"about":[{"href":"https:\/\/www.billigtrikotde.com\/fr\/wp-json\/wp\/v2\/types\/product"}],"replies":[{"embeddable":true,"href":"https:\/\/www.billigtrikotde.com\/fr\/wp-json\/wp\/v2\/comments?post=21460"}],"wp:featuredmedia":[{"embeddable":true,"href":"https:\/\/www.billigtrikotde.com\/fr\/wp-json\/wp\/v2\/media\/21463"}],"wp:attachment":[{"href":"https:\/\/www.billigtrikotde.com\/fr\/wp-json\/wp\/v2\/media?parent=21460"}],"wp:term":[{"taxonomy":"product_brand","embeddable":true,"href":"https:\/\/www.billigtrikotde.com\/fr\/wp-json\/wp\/v2\/product_brand?post=21460"},{"taxonomy":"product_cat","embeddable":true,"href":"https:\/\/www.billigtrikotde.com\/fr\/wp-json\/wp\/v2\/product_cat?post=21460"},{"taxonomy":"product_tag","embeddable":true,"href":"https:\/\/www.billigtrikotde.com\/fr\/wp-json\/wp\/v2\/product_tag?post=21460"}],"curies":[{"name":"wp","href":"https:\/\/api.w.org\/{rel}","templated":true}]}}