{"id":21418,"date":"2025-03-26T15:16:57","date_gmt":"2025-03-26T14:16:57","guid":{"rendered":"https:\/\/www.billigtrikotde.com\/?post_type=product&#038;p=21418"},"modified":"2025-04-10T10:42:04","modified_gmt":"2025-04-10T08:42:04","slug":"guenstige-fussballtrikots-kinder-inter-miami-3rd-trikot-2024-25-lionel-messi-10","status":"publish","type":"product","link":"https:\/\/www.billigtrikotde.com\/fr\/guenstige-fussballtrikots-kinder-inter-miami-3rd-trikot-2024-25-lionel-messi-10\/","title":{"rendered":"Maillots de football pas cher enfants Inter Miami 3rd maillot 2024-25 Lionel Messi 10"},"content":{"rendered":"<p>Qu'est-ce qui rend la tradition sportive de Miami si unique ? Le troisi\u00e8me maillot ext\u00e9rieur de l'Inter Miami FC 2024 rend hommage au l\u00e9gendaire Orange Bowl en associant des d\u00e9tails classiques \u00e0 des tons orange vifs. AEROREADY permet aux supporters de rester au sec pendant qu'ils encouragent leur \u00e9quipe. Sur le tissu lisse sont imprim\u00e9s le nom de l'\u00e9quipe dans un style art d\u00e9co ainsi que le nom et le num\u00e9ro de Messi.<\/p>\n<p>Conseils pour l'impression : Si le nom et le num\u00e9ro figurant sur l'image correspondent exactement \u00e0 ce que vous souhaitez, vous ne devez pas les saisir \u00e0 nouveau. Si ce n'est pas le cas, vous devez saisir le nom et le num\u00e9ro que vous souhaitez.<\/p>\n<p>Conseils pour le lavage : Il est recommand\u00e9 de laver les maillots de football \u00e0 la main. Si vous souhaitez utiliser la machine \u00e0 laver, pensez \u00e0 retourner les maillots de football avant de les laver. Remplissez la machine avec de l'eau froide et utilisez un cycle de lavage d\u00e9licat pour mieux prot\u00e9ger les couleurs.<\/p>","protected":false},"excerpt":{"rendered":"<p>Qu'est-ce qui rend la tradition sportive de Miami si unique ? Le troisi\u00e8me maillot ext\u00e9rieur de l'Inter Miami FC 2024 rend hommage au l\u00e9gendaire Orange Bowl en associant des d\u00e9tails classiques \u00e0 des tons orange vifs. AEROREADY permet aux supporters de rester au sec pendant qu'ils encouragent leur \u00e9quipe. Sur le tissu lisse sont imprim\u00e9s le nom de l'\u00e9quipe dans un style art d\u00e9co ainsi que le nom et le num\u00e9ro de Messi.<\/p>","protected":false},"featured_media":21420,"comment_status":"open","ping_status":"closed","template":"","meta":[],"product_brand":[],"product_cat":[569],"product_tag":[1462,20,22,1461,24,639,1464,571,1463,1465,1299],"class_list":{"0":"post-21418","1":"product","2":"type-product","3":"status-publish","4":"has-post-thumbnail","6":"product_cat-inter-miami-kindertrikot","7":"product_tag-billige-deutschland-trikots","8":"product_tag-coole-fussballtrikots","9":"product_tag-fussballtrikot-guenstig-kaufen","10":"product_tag-guenstige-inter-miami-trikot-kinder","11":"product_tag-guenstiges-fussballtrikot","12":"product_tag-inter-miami-fussballtrikots-kinder-mit-eigenem-namen","13":"product_tag-inter-miami-trikot-2024-25","14":"product_tag-inter-miami-trikot-fuer-kinder","15":"product_tag-inter-miami-trikot-kinder","16":"product_tag-inter-miami-trikots","17":"product_tag-lionel-messi-trikots","19":"first","20":"instock","21":"shipping-taxable","22":"purchasable","23":"product-type-variable"},"_links":{"self":[{"href":"https:\/\/www.billigtrikotde.com\/fr\/wp-json\/wp\/v2\/product\/21418","targetHints":{"allow":["GET"]}}],"collection":[{"href":"https:\/\/www.billigtrikotde.com\/fr\/wp-json\/wp\/v2\/product"}],"about":[{"href":"https:\/\/www.billigtrikotde.com\/fr\/wp-json\/wp\/v2\/types\/product"}],"replies":[{"embeddable":true,"href":"https:\/\/www.billigtrikotde.com\/fr\/wp-json\/wp\/v2\/comments?post=21418"}],"wp:featuredmedia":[{"embeddable":true,"href":"https:\/\/www.billigtrikotde.com\/fr\/wp-json\/wp\/v2\/media\/21420"}],"wp:attachment":[{"href":"https:\/\/www.billigtrikotde.com\/fr\/wp-json\/wp\/v2\/media?parent=21418"}],"wp:term":[{"taxonomy":"product_brand","embeddable":true,"href":"https:\/\/www.billigtrikotde.com\/fr\/wp-json\/wp\/v2\/product_brand?post=21418"},{"taxonomy":"product_cat","embeddable":true,"href":"https:\/\/www.billigtrikotde.com\/fr\/wp-json\/wp\/v2\/product_cat?post=21418"},{"taxonomy":"product_tag","embeddable":true,"href":"https:\/\/www.billigtrikotde.com\/fr\/wp-json\/wp\/v2\/product_tag?post=21418"}],"curies":[{"name":"wp","href":"https:\/\/api.w.org\/{rel}","templated":true}]}}