{"id":21415,"date":"2025-03-27T14:27:10","date_gmt":"2025-03-27T13:27:10","guid":{"rendered":"https:\/\/www.billigtrikotde.com\/?post_type=product&#038;p=21415"},"modified":"2025-04-10T10:41:45","modified_gmt":"2025-04-10T08:41:45","slug":"guenstige-fussballtrikots-kinder-inter-miami-auswaertstrikot-2024-25-lionel-messi-10","status":"publish","type":"product","link":"https:\/\/www.billigtrikotde.com\/fr\/guenstige-fussballtrikots-kinder-inter-miami-auswaertstrikot-2024-25-lionel-messi-10\/","title":{"rendered":"Maillots de foot pas cher enfants Inter Miami maillot ext\u00e9rieur 2024-25 Lionel Messi 10"},"content":{"rendered":"<p>Inspir\u00e9 par la c\u00f4te chatoyante de la ville, le maillot ext\u00e9rieur Internacional Miami 2024 2025 se distingue par ses d\u00e9tails roses et son motif de vagues. Con\u00e7u pour le confort des fans de football, il associe un tissu lisse \u00e0 l'AEROREADY qui \u00e9vacue l'humidit\u00e9. La devise de l'\u00e9quipe \"Freedom is my dream\" est imprim\u00e9e sur l'\u00e9tiquette de la nuque. Ce produit est compos\u00e9 \u00e0 100 % de mat\u00e9riaux recyclables.<\/p>\n<p>Conseils pour l'impression : Si le nom et le num\u00e9ro figurant sur l'image correspondent exactement \u00e0 ce que vous souhaitez, vous ne devez pas les saisir \u00e0 nouveau. Si ce n'est pas le cas, vous devez saisir le nom et le num\u00e9ro que vous souhaitez.<\/p>\n<p>Conseils pour le lavage : Il est recommand\u00e9 de laver les maillots de football \u00e0 la main. Si vous souhaitez utiliser la machine \u00e0 laver, pensez \u00e0 retourner les maillots de football avant de les laver. Remplissez la machine avec de l'eau froide et utilisez un cycle de lavage d\u00e9licat pour mieux prot\u00e9ger les couleurs.<\/p>","protected":false},"excerpt":{"rendered":"<p>Inspir\u00e9 par la c\u00f4te chatoyante de la ville, le maillot ext\u00e9rieur Internacional Miami 2024 2025 se distingue par ses d\u00e9tails roses et son motif de vagues. Con\u00e7u pour le confort des fans de football, il associe un tissu lisse \u00e0 l'AEROREADY qui \u00e9vacue l'humidit\u00e9. La devise de l'\u00e9quipe \"Freedom is my dream\" est imprim\u00e9e sur l'\u00e9tiquette de la nuque. Ce produit est compos\u00e9 \u00e0 100 % de mat\u00e9riaux recyclables.<\/p>","protected":false},"featured_media":21417,"comment_status":"open","ping_status":"closed","template":"","meta":[],"product_brand":[],"product_cat":[569],"product_tag":[20,21,22,1461,24,1467,633,1299],"class_list":{"0":"post-21415","1":"product","2":"type-product","3":"status-publish","4":"has-post-thumbnail","6":"product_cat-inter-miami-kindertrikot","7":"product_tag-coole-fussballtrikots","8":"product_tag-fussballtrikot-fuer-herren","9":"product_tag-fussballtrikot-guenstig-kaufen","10":"product_tag-guenstige-inter-miami-trikot-kinder","11":"product_tag-guenstiges-fussballtrikot","12":"product_tag-inter-miami-auswaertstrikot-2024-25","13":"product_tag-inter-miami-fussballtrikot","14":"product_tag-lionel-messi-trikots","16":"first","17":"instock","18":"shipping-taxable","19":"purchasable","20":"product-type-variable"},"_links":{"self":[{"href":"https:\/\/www.billigtrikotde.com\/fr\/wp-json\/wp\/v2\/product\/21415","targetHints":{"allow":["GET"]}}],"collection":[{"href":"https:\/\/www.billigtrikotde.com\/fr\/wp-json\/wp\/v2\/product"}],"about":[{"href":"https:\/\/www.billigtrikotde.com\/fr\/wp-json\/wp\/v2\/types\/product"}],"replies":[{"embeddable":true,"href":"https:\/\/www.billigtrikotde.com\/fr\/wp-json\/wp\/v2\/comments?post=21415"}],"wp:featuredmedia":[{"embeddable":true,"href":"https:\/\/www.billigtrikotde.com\/fr\/wp-json\/wp\/v2\/media\/21417"}],"wp:attachment":[{"href":"https:\/\/www.billigtrikotde.com\/fr\/wp-json\/wp\/v2\/media?parent=21415"}],"wp:term":[{"taxonomy":"product_brand","embeddable":true,"href":"https:\/\/www.billigtrikotde.com\/fr\/wp-json\/wp\/v2\/product_brand?post=21415"},{"taxonomy":"product_cat","embeddable":true,"href":"https:\/\/www.billigtrikotde.com\/fr\/wp-json\/wp\/v2\/product_cat?post=21415"},{"taxonomy":"product_tag","embeddable":true,"href":"https:\/\/www.billigtrikotde.com\/fr\/wp-json\/wp\/v2\/product_tag?post=21415"}],"curies":[{"name":"wp","href":"https:\/\/api.w.org\/{rel}","templated":true}]}}