{"id":21403,"date":"2025-03-25T16:26:08","date_gmt":"2025-03-25T15:26:08","guid":{"rendered":"https:\/\/www.billigtrikotde.com\/?post_type=product&#038;p=21403"},"modified":"2025-04-10T10:42:50","modified_gmt":"2025-04-10T08:42:50","slug":"fussball-trikots-kaufen-kinder-inter-miami-heimtrikot-2024-25-kurzarm-kurze-hosen","status":"publish","type":"product","link":"https:\/\/www.billigtrikotde.com\/fr\/fussball-trikots-kaufen-kinder-inter-miami-heimtrikot-2024-25-kurzarm-kurze-hosen\/","title":{"rendered":"Maillots de football Acheter Enfants Inter Miami Maillot domicile 2024-25 manches courtes + short"},"content":{"rendered":"<p>Simple mais plein de fiert\u00e9 pour Lionel Messi de l'Inter Miami FC : le maillot domicile du club est sobrement rose. La couleur rose pure est plus fonc\u00e9e que le maillot de la saison derni\u00e8re, avec des d\u00e9tails noirs sur le col, l'ourlet, les c\u00f4t\u00e9s et le logo. L'\u00e9cusson de l'Inter Miami est brod\u00e9 au centre du maillot et imprim\u00e9 avec le sponsor Royal Caribbean. Au dos du maillot figurent le nom officiel \"Messi\" et son num\u00e9ro d'\u00e9quipe \"10\".<\/p>\n<p>Id\u00e9al pour les matchs, ce maillot de football t\u00e9moigne de la fid\u00e9lit\u00e9 \u00e0 Messi et \u00e0 l'Inter Miami et allie confort et performance. Il est dot\u00e9 d'un col rond c\u00f4tel\u00e9, de manches courtes et d'une coupe ajust\u00e9e. La technologie Aeroready Performance int\u00e9gr\u00e9e vous garde au frais, au sec et \u00e0 l'aise, que vous jouiez ou regardiez le football.<\/p>\n<p>Conseils pour l'impression : Si le nom et le num\u00e9ro figurant sur l'image correspondent exactement \u00e0 ce que vous souhaitez, vous ne devez pas les saisir \u00e0 nouveau. Si ce n'est pas le cas, vous devez saisir le nom et le num\u00e9ro que vous souhaitez.<\/p>\n<p>Conseils pour le lavage : Il est recommand\u00e9 de laver les maillots de football \u00e0 la main. Si vous souhaitez utiliser la machine \u00e0 laver, pensez \u00e0 retourner les maillots de football avant de les laver. Remplissez la machine avec de l'eau froide et utilisez un cycle de lavage d\u00e9licat pour mieux prot\u00e9ger les couleurs.<\/p>","protected":false},"excerpt":{"rendered":"<p>Schlicht und doch voller Stolz f\u00fcr Lionel Messi von Inter Miami FC: Das Heimtrikot des Vereins ist schlicht rosa. Die reine Rosafarbe ist dunkler als das Trikot der letzten Saison, mit schwarzen Details an Kragen, Saum, Seiten und Logo. Das Wappen von Inter Miami ist in die Mitte des Trikots gestickt und mit dem Sponsor [&hellip;]<\/p>","protected":false},"featured_media":21405,"comment_status":"open","ping_status":"closed","template":"","meta":[],"product_brand":[],"product_cat":[569],"product_tag":[1462,20,22,1461,24,639,1466,1464,571,1463,1465],"class_list":{"0":"post-21403","1":"product","2":"type-product","3":"status-publish","4":"has-post-thumbnail","6":"product_cat-inter-miami-kindertrikot","7":"product_tag-billige-deutschland-trikots","8":"product_tag-coole-fussballtrikots","9":"product_tag-fussballtrikot-guenstig-kaufen","10":"product_tag-guenstige-inter-miami-trikot-kinder","11":"product_tag-guenstiges-fussballtrikot","12":"product_tag-inter-miami-fussballtrikots-kinder-mit-eigenem-namen","13":"product_tag-inter-miami-heimtrikot","14":"product_tag-inter-miami-trikot-2024-25","15":"product_tag-inter-miami-trikot-fuer-kinder","16":"product_tag-inter-miami-trikot-kinder","17":"product_tag-inter-miami-trikots","19":"first","20":"instock","21":"shipping-taxable","22":"purchasable","23":"product-type-variable"},"_links":{"self":[{"href":"https:\/\/www.billigtrikotde.com\/fr\/wp-json\/wp\/v2\/product\/21403","targetHints":{"allow":["GET"]}}],"collection":[{"href":"https:\/\/www.billigtrikotde.com\/fr\/wp-json\/wp\/v2\/product"}],"about":[{"href":"https:\/\/www.billigtrikotde.com\/fr\/wp-json\/wp\/v2\/types\/product"}],"replies":[{"embeddable":true,"href":"https:\/\/www.billigtrikotde.com\/fr\/wp-json\/wp\/v2\/comments?post=21403"}],"wp:featuredmedia":[{"embeddable":true,"href":"https:\/\/www.billigtrikotde.com\/fr\/wp-json\/wp\/v2\/media\/21405"}],"wp:attachment":[{"href":"https:\/\/www.billigtrikotde.com\/fr\/wp-json\/wp\/v2\/media?parent=21403"}],"wp:term":[{"taxonomy":"product_brand","embeddable":true,"href":"https:\/\/www.billigtrikotde.com\/fr\/wp-json\/wp\/v2\/product_brand?post=21403"},{"taxonomy":"product_cat","embeddable":true,"href":"https:\/\/www.billigtrikotde.com\/fr\/wp-json\/wp\/v2\/product_cat?post=21403"},{"taxonomy":"product_tag","embeddable":true,"href":"https:\/\/www.billigtrikotde.com\/fr\/wp-json\/wp\/v2\/product_tag?post=21403"}],"curies":[{"name":"wp","href":"https:\/\/api.w.org\/{rel}","templated":true}]}}