{"id":21367,"date":"2025-03-23T16:53:46","date_gmt":"2025-03-23T15:53:46","guid":{"rendered":"https:\/\/www.billigtrikotde.com\/?post_type=product&#038;p=21367"},"modified":"2025-03-23T16:56:46","modified_gmt":"2025-03-23T15:56:46","slug":"guenstige-kindertrikots-ajax-auswaertstrikot-2024-25-jordan-henderson-6","status":"publish","type":"product","link":"https:\/\/www.billigtrikotde.com\/fr\/guenstige-kindertrikots-ajax-auswaertstrikot-2024-25-jordan-henderson-6\/","title":{"rendered":"Maillots enfants pas chers Ajax ext\u00e9rieur 2024-25 Jordan Henderson 6"},"content":{"rendered":"<p><strong>Maillots enfants pas chers Ajax ext\u00e9rieur 2024-25 Jordan Henderson 6<\/strong><\/p>\n<p>Les maillots bon march\u00e9 d'Ajax rendent hommage \u00e0 la riche histoire d'Ajax tout en apportant des \u00e9l\u00e9ments modernes et de l'\u00e9nergie \u00e0 ce maillot d'Ajax. Le maillot de l'\u00e9quipe de football d'Ajax ressemble \u00e0 une palette bleue, dans laquelle diff\u00e9rentes nuances de bleu, profond\u00e9ment enracin\u00e9es dans l'identit\u00e9 du club, sont harmonieusement entrelac\u00e9es. Le v\u00e9ritable point d'attraction de ce maillot d'Ajax est cependant la teinte jaune vif, qui conf\u00e8re \u00e0 l'ensemble un contraste fort et frappant.<\/p>\n<p>Conseils pour l'impression : Si le nom et le num\u00e9ro figurant sur l'image correspondent exactement \u00e0 ce que vous souhaitez, vous ne devez pas les saisir \u00e0 nouveau. Si ce n'est pas le cas, vous devez saisir le nom et le num\u00e9ro que vous souhaitez.<\/p>\n<p>Conseils pour le lavage : Il est recommand\u00e9 de laver les maillots de football \u00e0 la main. Si vous souhaitez utiliser la machine \u00e0 laver, pensez \u00e0 retourner les maillots de football avant de les laver. Remplissez la machine avec de l'eau froide et utilisez un cycle de lavage d\u00e9licat pour mieux prot\u00e9ger les couleurs.<\/p>","protected":false},"excerpt":{"rendered":"<p>Maillots pour enfants bon march\u00e9 Ajax, maillot ext\u00e9rieur 2024-25 Jordan Henderson 6. Les Maillots bon march\u00e9 d'Ajax rendent hommage \u00e0 la riche histoire d'Ajax tout en apportant des \u00e9l\u00e9ments modernes et de l'\u00e9nergie \u00e0 ce maillot d'Ajax. Le maillot de l'\u00e9quipe de football d'Ajax ressemble \u00e0 une palette bleue, dans laquelle diff\u00e9rentes nuances de bleu sont profond\u00e9ment enracin\u00e9es dans l'identit\u00e9 du club [\u2026]<\/p>","protected":false},"featured_media":21369,"comment_status":"open","ping_status":"closed","template":"","meta":[],"product_brand":[],"product_cat":[680],"product_tag":[1372,681,682,1456,301,20,22,23,24,1458],"class_list":{"0":"post-21367","1":"product","2":"type-product","3":"status-publish","4":"has-post-thumbnail","6":"product_cat-ajax-kindertrikot","7":"product_tag-ajax-amsterdam-trikot","8":"product_tag-ajax-fussballtrikots-kinder-mit-eigenem-namen","9":"product_tag-ajax-trikot-fuer-kinder","10":"product_tag-ajax-trikot-kinder","11":"product_tag-ajax-trikots","12":"product_tag-coole-fussballtrikots","13":"product_tag-fussballtrikot-guenstig-kaufen","14":"product_tag-fussballtrikot-kurzarm","15":"product_tag-guenstiges-fussballtrikot","16":"product_tag-jordan-henderson-trikots","18":"first","19":"instock","20":"shipping-taxable","21":"purchasable","22":"product-type-variable"},"_links":{"self":[{"href":"https:\/\/www.billigtrikotde.com\/fr\/wp-json\/wp\/v2\/product\/21367","targetHints":{"allow":["GET"]}}],"collection":[{"href":"https:\/\/www.billigtrikotde.com\/fr\/wp-json\/wp\/v2\/product"}],"about":[{"href":"https:\/\/www.billigtrikotde.com\/fr\/wp-json\/wp\/v2\/types\/product"}],"replies":[{"embeddable":true,"href":"https:\/\/www.billigtrikotde.com\/fr\/wp-json\/wp\/v2\/comments?post=21367"}],"wp:featuredmedia":[{"embeddable":true,"href":"https:\/\/www.billigtrikotde.com\/fr\/wp-json\/wp\/v2\/media\/21369"}],"wp:attachment":[{"href":"https:\/\/www.billigtrikotde.com\/fr\/wp-json\/wp\/v2\/media?parent=21367"}],"wp:term":[{"taxonomy":"product_brand","embeddable":true,"href":"https:\/\/www.billigtrikotde.com\/fr\/wp-json\/wp\/v2\/product_brand?post=21367"},{"taxonomy":"product_cat","embeddable":true,"href":"https:\/\/www.billigtrikotde.com\/fr\/wp-json\/wp\/v2\/product_cat?post=21367"},{"taxonomy":"product_tag","embeddable":true,"href":"https:\/\/www.billigtrikotde.com\/fr\/wp-json\/wp\/v2\/product_tag?post=21367"}],"curies":[{"name":"wp","href":"https:\/\/api.w.org\/{rel}","templated":true}]}}