{"id":21357,"date":"2025-03-22T15:41:40","date_gmt":"2025-03-22T14:41:40","guid":{"rendered":"https:\/\/www.billigtrikotde.com\/?post_type=product&#038;p=21357"},"modified":"2025-04-16T09:50:56","modified_gmt":"2025-04-16T07:50:56","slug":"kaufen-kinder-real-madrid-heim-trikotsatz-2024-25-weiss-fussballtrikots","status":"publish","type":"product","link":"https:\/\/www.billigtrikotde.com\/fr\/kaufen-kinder-real-madrid-heim-trikotsatz-2024-25-weiss-fussballtrikots\/","title":{"rendered":"Acheter Enfants Real Madrid Jeu de maillots de football \u00e0 domicile 2024-25 blanc"},"content":{"rendered":"<p>Le maillot du Real Madrid Club de F\u00fatbol 2024-25 combine la couleur blanche traditionnelle de l'\u00e9quipe avec du noir pour les trois bandes. Le maillot Real Madrid 2024-2025 \u00e9voque, gr\u00e2ce \u00e0 la combinaison de couleurs classique et au design \u00e9pur\u00e9, des souvenirs des maillots des ann\u00e9es 2000. L'ensemble du maillot pr\u00e9sente un motif en chevrons, qui cr\u00e9e une ambiance tendance. Le maillot dispose de d\u00e9tails noirs raffin\u00e9s et l'\u00e9cusson en couleur compl\u00e8te attire imm\u00e9diatement l'attention lorsque vous entrez sur le terrain.<\/p>\n<p>Conseils pour l'impression : Si le nom et le num\u00e9ro figurant sur l'image correspondent exactement \u00e0 ce que vous souhaitez, vous ne devez pas les saisir \u00e0 nouveau. Si ce n'est pas le cas, vous devez saisir le nom et le num\u00e9ro que vous souhaitez.<\/p>\n<p>Conseils pour le lavage : Il est recommand\u00e9 de laver les maillots de football \u00e0 la main. Si vous souhaitez utiliser la machine \u00e0 laver, pensez \u00e0 retourner les maillots de football avant de les laver. Remplissez la machine avec de l'eau froide et utilisez un cycle de lavage d\u00e9licat pour mieux prot\u00e9ger les couleurs.<\/p>","protected":false},"excerpt":{"rendered":"<p>Das Real Madrid Club de F\u00fatbol 2024-25 Trikot hat die traditionelle wei\u00dfe Farbe der Mannschaft kombiniert mit Schwarz f\u00fcr die Drei Streifen. Das Real Madrid 2024-2025 Trikot weckt dank der klassischen Farbkombination und des schlichten Designs Erinnerungen an die Trikots der fr\u00fchen 2000er Jahre.Das gesamte Trikot weist ein Hahnentrittmuster auf, das eine modische Atmosph\u00e4re vermittelt. [&hellip;]<\/p>","protected":false},"featured_media":21359,"comment_status":"open","ping_status":"closed","template":"","meta":[],"product_brand":[],"product_cat":[165],"product_tag":[20,574,1453,24,94,879,1454,880,1455,47,166],"class_list":{"0":"post-21357","1":"product","2":"type-product","3":"status-publish","4":"has-post-thumbnail","6":"product_cat-real-madrid-kindertrikot","7":"product_tag-coole-fussballtrikots","8":"product_tag-fussballtrikot-deutschland","9":"product_tag-fussballtrikots-real-madrid","10":"product_tag-guenstiges-fussballtrikot","11":"product_tag-kinder-fussball-trikotsatz","12":"product_tag-real-madrid-fussballtrikots-kinder","13":"product_tag-real-madrid-trikot-2024-25","14":"product_tag-real-madrid-trikot-fuer-kinder","15":"product_tag-real-madrid-trikot-kaufen","16":"product_tag-real-madrid-trikots","17":"product_tag-real-madrid-trikotsatz-fuer-kinder","19":"first","20":"instock","21":"shipping-taxable","22":"purchasable","23":"product-type-variable"},"_links":{"self":[{"href":"https:\/\/www.billigtrikotde.com\/fr\/wp-json\/wp\/v2\/product\/21357","targetHints":{"allow":["GET"]}}],"collection":[{"href":"https:\/\/www.billigtrikotde.com\/fr\/wp-json\/wp\/v2\/product"}],"about":[{"href":"https:\/\/www.billigtrikotde.com\/fr\/wp-json\/wp\/v2\/types\/product"}],"replies":[{"embeddable":true,"href":"https:\/\/www.billigtrikotde.com\/fr\/wp-json\/wp\/v2\/comments?post=21357"}],"wp:featuredmedia":[{"embeddable":true,"href":"https:\/\/www.billigtrikotde.com\/fr\/wp-json\/wp\/v2\/media\/21359"}],"wp:attachment":[{"href":"https:\/\/www.billigtrikotde.com\/fr\/wp-json\/wp\/v2\/media?parent=21357"}],"wp:term":[{"taxonomy":"product_brand","embeddable":true,"href":"https:\/\/www.billigtrikotde.com\/fr\/wp-json\/wp\/v2\/product_brand?post=21357"},{"taxonomy":"product_cat","embeddable":true,"href":"https:\/\/www.billigtrikotde.com\/fr\/wp-json\/wp\/v2\/product_cat?post=21357"},{"taxonomy":"product_tag","embeddable":true,"href":"https:\/\/www.billigtrikotde.com\/fr\/wp-json\/wp\/v2\/product_tag?post=21357"}],"curies":[{"name":"wp","href":"https:\/\/api.w.org\/{rel}","templated":true}]}}