{"id":2133,"date":"2024-10-23T14:01:29","date_gmt":"2024-10-23T12:01:29","guid":{"rendered":"http:\/\/billigtrikots.com\/?post_type=product&#038;p=2133"},"modified":"2024-10-23T14:03:00","modified_gmt":"2024-10-23T12:03:00","slug":"inter-mailand-auswaertstrikot-2022-weiss-blau-guenstig-bestellen","status":"publish","type":"product","link":"https:\/\/www.billigtrikotde.com\/fr\/inter-mailand-auswaertstrikot-2022-weiss-blau-guenstig-bestellen\/","title":{"rendered":"Inter Milan Maillot ext\u00e9rieur 2022 blanc\/bleu commander \u00e0 bas prix"},"content":{"rendered":"<p>Ob im Stadion oder zuhause auf der Couch \u2013 deine Unterst\u00fctzung zeigst du am besten durch das schwei\u00dfableitende Modell in Wei\u00df. Nike ver\u00f6ffentlicht mit dem Shirt ein wirklich einmaliges Produkt. Mehr Support geht kaum! Mit diesem Inter Mailand-Ausw\u00e4rts-Shirt erweiterst du deine Fan-Kollektion um einen Artikel, wie ihn die Spieler in der Serie A tragen. Wir empfehlen dieses super bequeme, schwei\u00dfableitende und atmungsaktive Modell mit dem angenehmen Tragegef\u00fchl. Dies ist ein Shirt, das durch das Vereinswappen auf der Brust garantiert trumpfen kann. So kannst du allen zeigen, dass du der Beste auf dem Platz bist.<\/p>\n<p>Conseils pour l'impression : Si le nom et le num\u00e9ro figurant sur l'image correspondent exactement \u00e0 ce que vous souhaitez, vous ne devez pas les saisir \u00e0 nouveau. Si ce n'est pas le cas, vous devez saisir le nom et le num\u00e9ro que vous souhaitez.<\/p>\n<p>Conseils pour le lavage : Il est recommand\u00e9 de laver les maillots de football \u00e0 la main. Si vous souhaitez utiliser la machine \u00e0 laver, pensez \u00e0 retourner les maillots de football avant de les laver. Remplissez la machine avec de l'eau froide et utilisez un cycle de lavage d\u00e9licat pour mieux prot\u00e9ger les couleurs.<\/p>","protected":false},"excerpt":{"rendered":"<p>Que ce soit au stade ou \u00e0 la maison sur le canap\u00e9 \u2013 votre soutien se montre de pr\u00e9f\u00e9rence avec le mod\u00e8le qui \u00e9vacue la transpiration en blanc. Nike pr\u00e9sente avec ce maillot un produit vraiment unique. Peu de soutien est possible ! Avec ce maillot ext\u00e9rieur d'Inter Milan, vous compl\u00e9tez votre collection de fans avec un article port\u00e9 par les joueurs en Serie A. Nous [\u2026]<\/p>","protected":false},"featured_media":2165,"comment_status":"open","ping_status":"closed","template":"","meta":[],"product_brand":[],"product_cat":[77],"product_tag":[20,21,22,23,24,79,78],"class_list":{"0":"post-2133","1":"product","2":"type-product","3":"status-publish","4":"has-post-thumbnail","6":"product_cat-inter-milan","7":"product_tag-coole-fussballtrikots","8":"product_tag-fussballtrikot-fuer-herren","9":"product_tag-fussballtrikot-guenstig-kaufen","10":"product_tag-fussballtrikot-kurzarm","11":"product_tag-guenstiges-fussballtrikot","12":"product_tag-inter-milan-auswaertstrikot","13":"product_tag-inter-milan-trikots","15":"first","16":"instock","17":"shipping-taxable","18":"purchasable","19":"product-type-variable"},"_links":{"self":[{"href":"https:\/\/www.billigtrikotde.com\/fr\/wp-json\/wp\/v2\/product\/2133","targetHints":{"allow":["GET"]}}],"collection":[{"href":"https:\/\/www.billigtrikotde.com\/fr\/wp-json\/wp\/v2\/product"}],"about":[{"href":"https:\/\/www.billigtrikotde.com\/fr\/wp-json\/wp\/v2\/types\/product"}],"replies":[{"embeddable":true,"href":"https:\/\/www.billigtrikotde.com\/fr\/wp-json\/wp\/v2\/comments?post=2133"}],"wp:featuredmedia":[{"embeddable":true,"href":"https:\/\/www.billigtrikotde.com\/fr\/wp-json\/wp\/v2\/media\/2165"}],"wp:attachment":[{"href":"https:\/\/www.billigtrikotde.com\/fr\/wp-json\/wp\/v2\/media?parent=2133"}],"wp:term":[{"taxonomy":"product_brand","embeddable":true,"href":"https:\/\/www.billigtrikotde.com\/fr\/wp-json\/wp\/v2\/product_brand?post=2133"},{"taxonomy":"product_cat","embeddable":true,"href":"https:\/\/www.billigtrikotde.com\/fr\/wp-json\/wp\/v2\/product_cat?post=2133"},{"taxonomy":"product_tag","embeddable":true,"href":"https:\/\/www.billigtrikotde.com\/fr\/wp-json\/wp\/v2\/product_tag?post=2133"}],"curies":[{"name":"wp","href":"https:\/\/api.w.org\/{rel}","templated":true}]}}