{"id":21285,"date":"2025-06-04T16:07:32","date_gmt":"2025-06-04T14:07:32","guid":{"rendered":"https:\/\/www.billigtrikotde.com\/?post_type=product&#038;p=21285"},"modified":"2025-06-09T05:10:19","modified_gmt":"2025-06-09T03:10:19","slug":"neues-fussballtrikots-arsenal-mikel-merino-23-heimtrikot-kinder-2024-25","status":"publish","type":"product","link":"https:\/\/www.billigtrikotde.com\/fr\/neues-fussballtrikots-arsenal-mikel-merino-23-heimtrikot-kinder-2024-25\/","title":{"rendered":"Arsenal Mikel Merino #23 Maillot domicile pour enfants 2024-25 \u00e0 manches courtes (+ short)"},"content":{"rendered":"<h3>Nouveaux maillots de football Arsenal Mikel Merino #23 Maillot domicile enfants 2024-25<\/h3>\n<p>Le maillot domicile d'Arsenal 2024-2025 combine la couleur principale rouge classique du club avec des logos blancs et des \u00e9l\u00e9ments de design bleu fonc\u00e9. En ce qui concerne le design, le maillot domicile d'Arsenal 2024-2025 est assez simple. Il est bas\u00e9 sur le nouveau mod\u00e8le 2024\u201325 et dispose de marquages lat\u00e9raux uniques, dans ce cas en bleu.<\/p>\n<p>Conseils pour l'impression : Si le nom et le num\u00e9ro figurant sur l'image correspondent exactement \u00e0 ce que vous souhaitez, vous ne devez pas les saisir \u00e0 nouveau. Si ce n'est pas le cas, vous devez saisir le nom et le num\u00e9ro que vous souhaitez.<\/p>\n<p>Conseils pour le lavage : Il est recommand\u00e9 de laver les maillots de football \u00e0 la main. Si vous souhaitez utiliser la machine \u00e0 laver, pensez \u00e0 retourner les maillots de football avant de les laver. Remplissez la machine avec de l'eau froide et utilisez un cycle de lavage d\u00e9licat pour mieux prot\u00e9ger les couleurs.<\/p>","protected":false},"excerpt":{"rendered":"<p>Neues Fu\u00dfballtrikots Arsenal Mikel Merino #23 Heimtrikot Kinder 2024-25 Das Arsenal Heimtrikot 2024-2025 kombiniert die klassische rote Hauptfarbe des Vereins mit wei\u00dfen Logos und dunkelblauen Designelementen. In Bezug auf das Design ist das Arsenal 2024-25 Heimtrikot recht schlicht. Es basiert auf der neuen Vorlage 2024\u201325 und verf\u00fcgt \u00fcber einzigartige Seitenmarkierungen, in diesem Fall in Blau. [&hellip;]<\/p>","protected":false},"featured_media":21287,"comment_status":"open","ping_status":"closed","template":"","meta":[],"product_brand":[],"product_cat":[167],"product_tag":[1527,1528,1446],"class_list":{"0":"post-21285","1":"product","2":"type-product","3":"status-publish","4":"has-post-thumbnail","6":"product_cat-arsenal-kindertrikot","7":"product_tag-guenstige-mikel-merino-trikot-kinder","8":"product_tag-mikel-merino-trikot-kinder-kaufen","9":"product_tag-mikel-merino-trikots","11":"first","12":"instock","13":"shipping-taxable","14":"purchasable","15":"product-type-variable"},"_links":{"self":[{"href":"https:\/\/www.billigtrikotde.com\/fr\/wp-json\/wp\/v2\/product\/21285","targetHints":{"allow":["GET"]}}],"collection":[{"href":"https:\/\/www.billigtrikotde.com\/fr\/wp-json\/wp\/v2\/product"}],"about":[{"href":"https:\/\/www.billigtrikotde.com\/fr\/wp-json\/wp\/v2\/types\/product"}],"replies":[{"embeddable":true,"href":"https:\/\/www.billigtrikotde.com\/fr\/wp-json\/wp\/v2\/comments?post=21285"}],"wp:featuredmedia":[{"embeddable":true,"href":"https:\/\/www.billigtrikotde.com\/fr\/wp-json\/wp\/v2\/media\/21287"}],"wp:attachment":[{"href":"https:\/\/www.billigtrikotde.com\/fr\/wp-json\/wp\/v2\/media?parent=21285"}],"wp:term":[{"taxonomy":"product_brand","embeddable":true,"href":"https:\/\/www.billigtrikotde.com\/fr\/wp-json\/wp\/v2\/product_brand?post=21285"},{"taxonomy":"product_cat","embeddable":true,"href":"https:\/\/www.billigtrikotde.com\/fr\/wp-json\/wp\/v2\/product_cat?post=21285"},{"taxonomy":"product_tag","embeddable":true,"href":"https:\/\/www.billigtrikotde.com\/fr\/wp-json\/wp\/v2\/product_tag?post=21285"}],"curies":[{"name":"wp","href":"https:\/\/api.w.org\/{rel}","templated":true}]}}