{"id":21257,"date":"2025-06-04T15:52:47","date_gmt":"2025-06-04T13:52:47","guid":{"rendered":"https:\/\/www.billigtrikotde.com\/?post_type=product&#038;p=21257"},"modified":"2025-06-11T13:56:50","modified_gmt":"2025-06-11T11:56:50","slug":"arsenal-fussballtrikots-set-takehiro-tomiyasu-18-heimtrikot-kinder-2024-25","status":"publish","type":"product","link":"https:\/\/www.billigtrikotde.com\/fr\/arsenal-fussballtrikots-set-takehiro-tomiyasu-18-heimtrikot-kinder-2024-25\/","title":{"rendered":"Arsenal Takehiro Tomiyasu #18 Maillot domicile Enfant 2024-25 Manches courtes (+ short)"},"content":{"rendered":"<h3>Maillots de football Arsenal Set Takehiro Tomiyasu #18 Maillot domicile enfants 2024-25<\/h3>\n<p>Le maillot domicile d'Arsenal 2024-2025 combine la couleur principale rouge classique du club avec des logos blancs et des \u00e9l\u00e9ments de design bleu fonc\u00e9. En ce qui concerne le design, le maillot domicile d'Arsenal 2024-2025 est assez simple. Il est bas\u00e9 sur le nouveau mod\u00e8le 2024\u201325 et dispose de marquages lat\u00e9raux uniques, dans ce cas en bleu.<\/p>\n<p>Conseils pour l'impression : Si le nom et le num\u00e9ro figurant sur l'image correspondent exactement \u00e0 ce que vous souhaitez, vous ne devez pas les saisir \u00e0 nouveau. Si ce n'est pas le cas, vous devez saisir le nom et le num\u00e9ro que vous souhaitez.<\/p>\n<p>Conseils pour le lavage : Il est recommand\u00e9 de laver les maillots de football \u00e0 la main. Si vous souhaitez utiliser la machine \u00e0 laver, pensez \u00e0 retourner les maillots de football avant de les laver. Remplissez la machine avec de l'eau froide et utilisez un cycle de lavage d\u00e9licat pour mieux prot\u00e9ger les couleurs.<\/p>","protected":false},"excerpt":{"rendered":"<p>Ensemble de maillots de football Arsenal Takehiro Tomiyasu #18 Maillot domicile Enfants 2024-25 Le maillot domicile d'Arsenal 2024-2025 associe la couleur rouge principale classique du club \u00e0 des logos blancs et des \u00e9l\u00e9ments de design bleu fonc\u00e9. En termes de design, le maillot domicile Arsenal 2024-25 est assez sobre. Il est bas\u00e9 sur le nouveau mod\u00e8le 2024\u201325 et poss\u00e8de des marquages lat\u00e9raux uniques, dans ce cas en bleu. [\u2026]<\/p>","protected":false},"featured_media":21259,"comment_status":"open","ping_status":"closed","template":"","meta":[],"product_brand":[],"product_cat":[167],"product_tag":[1438,1437,1523],"class_list":{"0":"post-21257","1":"product","2":"type-product","3":"status-publish","4":"has-post-thumbnail","6":"product_cat-arsenal-kindertrikot","7":"product_tag-guenstige-takehiro-tomiyasu-trikot-kinder","8":"product_tag-takehiro-tomiyasu-trikot-kinder-kaufen","9":"product_tag-takehiro-tomiyasu-trikots","11":"first","12":"instock","13":"shipping-taxable","14":"purchasable","15":"product-type-variable"},"_links":{"self":[{"href":"https:\/\/www.billigtrikotde.com\/fr\/wp-json\/wp\/v2\/product\/21257","targetHints":{"allow":["GET"]}}],"collection":[{"href":"https:\/\/www.billigtrikotde.com\/fr\/wp-json\/wp\/v2\/product"}],"about":[{"href":"https:\/\/www.billigtrikotde.com\/fr\/wp-json\/wp\/v2\/types\/product"}],"replies":[{"embeddable":true,"href":"https:\/\/www.billigtrikotde.com\/fr\/wp-json\/wp\/v2\/comments?post=21257"}],"wp:featuredmedia":[{"embeddable":true,"href":"https:\/\/www.billigtrikotde.com\/fr\/wp-json\/wp\/v2\/media\/21259"}],"wp:attachment":[{"href":"https:\/\/www.billigtrikotde.com\/fr\/wp-json\/wp\/v2\/media?parent=21257"}],"wp:term":[{"taxonomy":"product_brand","embeddable":true,"href":"https:\/\/www.billigtrikotde.com\/fr\/wp-json\/wp\/v2\/product_brand?post=21257"},{"taxonomy":"product_cat","embeddable":true,"href":"https:\/\/www.billigtrikotde.com\/fr\/wp-json\/wp\/v2\/product_cat?post=21257"},{"taxonomy":"product_tag","embeddable":true,"href":"https:\/\/www.billigtrikotde.com\/fr\/wp-json\/wp\/v2\/product_tag?post=21257"}],"curies":[{"name":"wp","href":"https:\/\/api.w.org\/{rel}","templated":true}]}}