{"id":21253,"date":"2025-03-16T11:31:39","date_gmt":"2025-03-16T10:31:39","guid":{"rendered":"https:\/\/www.billigtrikotde.com\/?post_type=product&#038;p=21253"},"modified":"2025-03-16T11:31:40","modified_gmt":"2025-03-16T10:31:40","slug":"guenstige-fussballtrikots-kinder-arsenal-3rd-trikot-2024-25-raheem-sterling-30","status":"publish","type":"product","link":"https:\/\/www.billigtrikotde.com\/fr\/guenstige-fussballtrikots-kinder-arsenal-3rd-trikot-2024-25-raheem-sterling-30\/","title":{"rendered":"Maillots de foot pas cher enfants Arsenal 3rd maillot 2024-25 Raheem Sterling 30"},"content":{"rendered":"<p>Le maillot Arsenal 2024\u201325 est compos\u00e9 d'un m\u00e9lange frappant de bleu clair, de bleu nuit et de violet Veronica lumineux. Certains des graphiques sont en violet, ce qui illumine l'apparence du maillot Arsenal.<\/p>\n<p>Conseils pour l'impression : Si le nom et le num\u00e9ro figurant sur l'image correspondent exactement \u00e0 ce que vous souhaitez, vous ne devez pas les saisir \u00e0 nouveau. Si ce n'est pas le cas, vous devez saisir le nom et le num\u00e9ro que vous souhaitez.<\/p>\n<p>Conseils pour le lavage : Il est recommand\u00e9 de laver les maillots de football \u00e0 la main. Si vous souhaitez utiliser la machine \u00e0 laver, pensez \u00e0 retourner les maillots de football avant de les laver. Remplissez la machine avec de l'eau froide et utilisez un cycle de lavage d\u00e9licat pour mieux prot\u00e9ger les couleurs.<\/p>","protected":false},"excerpt":{"rendered":"<p>Le maillot Arsenal 2024\u201325 se compose d\u2019un m\u00e9lange marquant de bleu clair, bleu nuit et violet Veronica lumineux. Certaines des images sont en violet, ce qui \u00e9claircit l\u2019apparence du maillot Arsenal. Conseils d'impression : si le nom et le num\u00e9ro sur l\u2019image correspondent exactement \u00e0 vos souhaits, vous n\u2019avez pas besoin de les ressaisir. Sinon, vous devriez votre [\u2026]<\/p>","protected":false},"featured_media":21255,"comment_status":"open","ping_status":"closed","template":"","meta":[],"product_brand":[],"product_cat":[167],"product_tag":[851,1445,852,1263,20,94,833],"class_list":{"0":"post-21253","1":"product","2":"type-product","3":"status-publish","4":"has-post-thumbnail","6":"product_cat-arsenal-kindertrikot","7":"product_tag-arsenal-fussballtrikots-kinder","8":"product_tag-arsenal-fussballtrikots-kinder-mit-eigenem-namen","9":"product_tag-arsenal-trikot-fuer-kinder","10":"product_tag-arsenal-trikotsatz-fuer-kinder","11":"product_tag-coole-fussballtrikots","12":"product_tag-kinder-fussball-trikotsatz","13":"product_tag-raheem-sterling-fussballtrikot","15":"first","16":"instock","17":"shipping-taxable","18":"purchasable","19":"product-type-variable"},"_links":{"self":[{"href":"https:\/\/www.billigtrikotde.com\/fr\/wp-json\/wp\/v2\/product\/21253","targetHints":{"allow":["GET"]}}],"collection":[{"href":"https:\/\/www.billigtrikotde.com\/fr\/wp-json\/wp\/v2\/product"}],"about":[{"href":"https:\/\/www.billigtrikotde.com\/fr\/wp-json\/wp\/v2\/types\/product"}],"replies":[{"embeddable":true,"href":"https:\/\/www.billigtrikotde.com\/fr\/wp-json\/wp\/v2\/comments?post=21253"}],"wp:featuredmedia":[{"embeddable":true,"href":"https:\/\/www.billigtrikotde.com\/fr\/wp-json\/wp\/v2\/media\/21255"}],"wp:attachment":[{"href":"https:\/\/www.billigtrikotde.com\/fr\/wp-json\/wp\/v2\/media?parent=21253"}],"wp:term":[{"taxonomy":"product_brand","embeddable":true,"href":"https:\/\/www.billigtrikotde.com\/fr\/wp-json\/wp\/v2\/product_brand?post=21253"},{"taxonomy":"product_cat","embeddable":true,"href":"https:\/\/www.billigtrikotde.com\/fr\/wp-json\/wp\/v2\/product_cat?post=21253"},{"taxonomy":"product_tag","embeddable":true,"href":"https:\/\/www.billigtrikotde.com\/fr\/wp-json\/wp\/v2\/product_tag?post=21253"}],"curies":[{"name":"wp","href":"https:\/\/api.w.org\/{rel}","templated":true}]}}