{"id":2099,"date":"2024-10-23T13:59:53","date_gmt":"2024-10-23T11:59:53","guid":{"rendered":"http:\/\/billigtrikots.com\/?post_type=product&#038;p=2099"},"modified":"2024-10-23T14:01:25","modified_gmt":"2024-10-23T12:01:25","slug":"inter-mailand-stadium-auswaertstrikot-2022-weiss-blau-mit-aufdruck-eriksen-24","status":"publish","type":"product","link":"https:\/\/www.billigtrikotde.com\/fr\/inter-mailand-stadium-auswaertstrikot-2022-weiss-blau-mit-aufdruck-eriksen-24\/","title":{"rendered":"Inter Milan Maillot ext\u00e9rieur Stade 2022 blanc\/bleu avec impression Eriksen 24"},"content":{"rendered":"<p>Soutenez les Nerazzurri avec le maillot ext\u00e9rieur du stade Inter Milan 21\/22 de Nike, une version fan du maillot port\u00e9 par les professionnels, avec une coupe l\u00e9g\u00e8rement plus ample.<\/p>\n<p>Le maillot ext\u00e9rieur du stade Nike Inter Milan 21\/22, con\u00e7u sp\u00e9cialement pour les fans, est fabriqu\u00e9 en mat\u00e9riau l\u00e9ger Nike Breathe, qui vous garde au frais et \u00e0 l'aise, que vous imitiez vos h\u00e9ros lors du match ou que vous les encouragiez depuis les tribunes.<\/p>\n<p>Le maillot ext\u00e9rieur du stade Inter Milan 21\/22 c\u00e9l\u00e8bre la nouvelle identit\u00e9 visuelle du club et propose, en plus du blason \u00ab IM \u00bb redessin\u00e9, une illustration de serpent Biscione dessin\u00e9e \u00e0 la main, rappelant le maillot classique de 10\/11 et symbolisant la transition d'une \u00e8re \u00e0 une autre.<\/p>\n<p>Conseils pour l'impression : Si le nom et le num\u00e9ro figurant sur l'image correspondent exactement \u00e0 ce que vous souhaitez, vous ne devez pas les saisir \u00e0 nouveau. Si ce n'est pas le cas, vous devez saisir le nom et le num\u00e9ro que vous souhaitez.<\/p>\n<p>Conseils pour le lavage : Il est recommand\u00e9 de laver les maillots de football \u00e0 la main. Si vous souhaitez utiliser la machine \u00e0 laver, pensez \u00e0 retourner les maillots de football avant de les laver. Remplissez la machine avec de l'eau froide et utilisez un cycle de lavage d\u00e9licat pour mieux prot\u00e9ger les couleurs.<\/p>","protected":false},"excerpt":{"rendered":"<p>Soutenez les Nerazzurri avec le maillot ext\u00e9rieur du stade de l'Inter Milan 21\/22 de Nike, une version fan du maillot port\u00e9 par les professionnels, avec une coupe l\u00e9g\u00e8rement plus d\u00e9contract\u00e9e. Le maillot ext\u00e9rieur du stade de l'Inter Milan 21\/22 de Nike, sp\u00e9cialement con\u00e7u pour les fans, est fabriqu\u00e9 en mat\u00e9riau l\u00e9ger Nike Breathe, qui vous garde au frais et \u00e0 l'aise, que vous souteniez vos h\u00e9ros lors de [\u2026]<\/p>","protected":false},"featured_media":2130,"comment_status":"open","ping_status":"closed","template":"","meta":[],"product_brand":[],"product_cat":[77],"product_tag":[20,21,22,23,24,79,78],"class_list":{"0":"post-2099","1":"product","2":"type-product","3":"status-publish","4":"has-post-thumbnail","6":"product_cat-inter-milan","7":"product_tag-coole-fussballtrikots","8":"product_tag-fussballtrikot-fuer-herren","9":"product_tag-fussballtrikot-guenstig-kaufen","10":"product_tag-fussballtrikot-kurzarm","11":"product_tag-guenstiges-fussballtrikot","12":"product_tag-inter-milan-auswaertstrikot","13":"product_tag-inter-milan-trikots","15":"first","16":"instock","17":"shipping-taxable","18":"purchasable","19":"product-type-variable"},"_links":{"self":[{"href":"https:\/\/www.billigtrikotde.com\/fr\/wp-json\/wp\/v2\/product\/2099","targetHints":{"allow":["GET"]}}],"collection":[{"href":"https:\/\/www.billigtrikotde.com\/fr\/wp-json\/wp\/v2\/product"}],"about":[{"href":"https:\/\/www.billigtrikotde.com\/fr\/wp-json\/wp\/v2\/types\/product"}],"replies":[{"embeddable":true,"href":"https:\/\/www.billigtrikotde.com\/fr\/wp-json\/wp\/v2\/comments?post=2099"}],"wp:featuredmedia":[{"embeddable":true,"href":"https:\/\/www.billigtrikotde.com\/fr\/wp-json\/wp\/v2\/media\/2130"}],"wp:attachment":[{"href":"https:\/\/www.billigtrikotde.com\/fr\/wp-json\/wp\/v2\/media?parent=2099"}],"wp:term":[{"taxonomy":"product_brand","embeddable":true,"href":"https:\/\/www.billigtrikotde.com\/fr\/wp-json\/wp\/v2\/product_brand?post=2099"},{"taxonomy":"product_cat","embeddable":true,"href":"https:\/\/www.billigtrikotde.com\/fr\/wp-json\/wp\/v2\/product_cat?post=2099"},{"taxonomy":"product_tag","embeddable":true,"href":"https:\/\/www.billigtrikotde.com\/fr\/wp-json\/wp\/v2\/product_tag?post=2099"}],"curies":[{"name":"wp","href":"https:\/\/api.w.org\/{rel}","templated":true}]}}