{"id":20916,"date":"2025-03-07T13:49:19","date_gmt":"2025-03-07T12:49:19","guid":{"rendered":"https:\/\/www.billigtrikotde.com\/?post_type=product&#038;p=20916"},"modified":"2025-03-07T13:49:20","modified_gmt":"2025-03-07T12:49:20","slug":"kinder-fussballtrikots-ac-milan-auswaertstrikot-trikotsatz-2024-25-ismael-bennacer-4","status":"publish","type":"product","link":"https:\/\/www.billigtrikotde.com\/fr\/kinder-fussballtrikots-ac-milan-auswaertstrikot-trikotsatz-2024-25-ismael-bennacer-4\/","title":{"rendered":"Enfants Maillots de Football AC Milan Maillot Ext\u00e9rieur Jeu de Maillots 2024-25 Ismael Bennacer 4"},"content":{"rendered":"<p>Le maillot blanc ext\u00e9rieur reprend le design de couleurs classique du AC Milan et pr\u00e9sente un nouveau look pour la saison 24\/25. Le maillot blanc affiche un motif discret avec des rayures verticales. Le col et les poignets sont orn\u00e9s de motifs rouges et noirs, et un logo noir compl\u00e8te le design. Il y a un blason du AC Milan imprim\u00e9 au silicone et deux logos de sponsor thermocoll\u00e9s.<\/p>\n<p>Il s'agit d'un maillot ext\u00e9rieur \u00e0 manches courtes en maille c\u00f4tel\u00e9e avec col roul\u00e9, parfait pour les journ\u00e9es de match du AC Milan et pour le quotidien. Le maillot est disponible en tailles adultes S \u00e0 2XL et est con\u00e7u par d\u00e9faut pour offrir un confort optimal sur et en dehors du terrain. Ce t-shirt en polyester l\u00e9ger est respirant et est \u00e9quip\u00e9 de la technologie d\u2019\u00e9vacuation de la sueur Duracell, qui vous garde au frais et au sec.<\/p>\n<p>Conseils pour l'impression : Si le nom et le num\u00e9ro figurant sur l'image correspondent exactement \u00e0 ce que vous souhaitez, vous ne devez pas les saisir \u00e0 nouveau. Si ce n'est pas le cas, vous devez saisir le nom et le num\u00e9ro que vous souhaitez.<\/p>\n<p>Conseils pour le lavage : Il est recommand\u00e9 de laver les maillots de football \u00e0 la main. Si vous souhaitez utiliser la machine \u00e0 laver, pensez \u00e0 retourner les maillots de football avant de les laver. Remplissez la machine avec de l'eau froide et utilisez un cycle de lavage d\u00e9licat pour mieux prot\u00e9ger les couleurs.<\/p>","protected":false},"excerpt":{"rendered":"<p>Das wei\u00dfe Ausw\u00e4rtstrikot greift das klassische Farbdesign des AC Mailand auf und pr\u00e4sentiert einen neuen Look f\u00fcr die Saison 24\/25. Das wei\u00dfe Trikot weist ein dezentes Muster mit vertikalen Streifen auf. Der Kragen und die Manschetten sind mit roten und schwarzen Verzierungen versehen, und ein schwarzes Logo rundet das Design ab. Es gibt ein mit [&hellip;]<\/p>","protected":false},"featured_media":20918,"comment_status":"open","ping_status":"closed","template":"","meta":[],"product_brand":[],"product_cat":[92],"product_tag":[630,631,93,20,574,1415,24,1421,1416,94],"class_list":{"0":"post-20916","1":"product","2":"type-product","3":"status-publish","4":"has-post-thumbnail","6":"product_cat-ac-mailand-kindertrikot","7":"product_tag-ac-milan-fussballtrikots-kinder","8":"product_tag-ac-milan-trikot-fuer-kinder","9":"product_tag-ac-milan-trikotsatz-fuer-kinder","10":"product_tag-coole-fussballtrikots","11":"product_tag-fussballtrikot-deutschland","12":"product_tag-fussballtrikots-set","13":"product_tag-guenstiges-fussballtrikot","14":"product_tag-ismael-bennacer-trikot","15":"product_tag-kinder-ac-milan-trikot","16":"product_tag-kinder-fussball-trikotsatz","18":"first","19":"instock","20":"shipping-taxable","21":"purchasable","22":"product-type-variable"},"_links":{"self":[{"href":"https:\/\/www.billigtrikotde.com\/fr\/wp-json\/wp\/v2\/product\/20916","targetHints":{"allow":["GET"]}}],"collection":[{"href":"https:\/\/www.billigtrikotde.com\/fr\/wp-json\/wp\/v2\/product"}],"about":[{"href":"https:\/\/www.billigtrikotde.com\/fr\/wp-json\/wp\/v2\/types\/product"}],"replies":[{"embeddable":true,"href":"https:\/\/www.billigtrikotde.com\/fr\/wp-json\/wp\/v2\/comments?post=20916"}],"wp:featuredmedia":[{"embeddable":true,"href":"https:\/\/www.billigtrikotde.com\/fr\/wp-json\/wp\/v2\/media\/20918"}],"wp:attachment":[{"href":"https:\/\/www.billigtrikotde.com\/fr\/wp-json\/wp\/v2\/media?parent=20916"}],"wp:term":[{"taxonomy":"product_brand","embeddable":true,"href":"https:\/\/www.billigtrikotde.com\/fr\/wp-json\/wp\/v2\/product_brand?post=20916"},{"taxonomy":"product_cat","embeddable":true,"href":"https:\/\/www.billigtrikotde.com\/fr\/wp-json\/wp\/v2\/product_cat?post=20916"},{"taxonomy":"product_tag","embeddable":true,"href":"https:\/\/www.billigtrikotde.com\/fr\/wp-json\/wp\/v2\/product_tag?post=20916"}],"curies":[{"name":"wp","href":"https:\/\/api.w.org\/{rel}","templated":true}]}}