{"id":20748,"date":"2025-02-08T14:34:45","date_gmt":"2025-02-08T13:34:45","guid":{"rendered":"https:\/\/www.billigtrikotde.com\/?post_type=product&#038;p=20748"},"modified":"2025-03-01T09:17:39","modified_gmt":"2025-03-01T08:17:39","slug":"guenstige-chelsea-fussballtrikots-kinder-auswaerts-trikotsatz-2024-25","status":"publish","type":"product","link":"https:\/\/www.billigtrikotde.com\/fr\/guenstige-chelsea-fussballtrikots-kinder-auswaerts-trikotsatz-2024-25\/","title":{"rendered":"Chelsea pas cher Maillots de foot enfant ext\u00e9rieur Jeu de maillots 2024-25"},"content":{"rendered":"<p>Le th\u00e8me \"Blue Blame\" de ce maillot domicile 24\/25 de Chelsea FC est \u00e9galement repris sur le maillot ext\u00e9rieur, soulignant l'ambition commune, la passion br\u00fblante et la d\u00e9termination du club \u00e0 r\u00e9ussir. La couleur orange vif symbolise le feu et repr\u00e9sente la motivation commune de tous ceux qui sont associ\u00e9s \u00e0 Chelsea, aussi bien sur le terrain qu'en dehors. Le slogan \"Together, We Burn Blue\" r\u00e9sume cette \u00e9thique et refl\u00e8te l'unit\u00e9 et l'intensit\u00e9 que le club souhaite apporter \u00e0 la nouvelle saison.Le maillot ext\u00e9rieur 2024\/25 de Chelsea comporte un \u00e9cusson personnalis\u00e9 qui met en valeur de mani\u00e8re contemporaine les tons orange des maillots pr\u00e9c\u00e9dents du club. Cet \u00e9l\u00e9ment sur mesure souligne l'engagement du club en faveur de l'innovation et du respect de son h\u00e9ritage.<\/p>\n<p>Conseils pour l'impression : Si le nom et le num\u00e9ro figurant sur l'image correspondent exactement \u00e0 ce que vous souhaitez, vous ne devez pas les saisir \u00e0 nouveau. Si ce n'est pas le cas, vous devez saisir le nom et le num\u00e9ro que vous souhaitez.<\/p>\n<p>Conseils pour le lavage : Il est recommand\u00e9 de laver les maillots de football \u00e0 la main. Si vous souhaitez utiliser la machine \u00e0 laver, pensez \u00e0 retourner les maillots de football avant de les laver. Remplissez la machine avec de l'eau froide et utilisez un cycle de lavage d\u00e9licat pour mieux prot\u00e9ger les couleurs.<\/p>","protected":false},"excerpt":{"rendered":"<p>Das \u201eBlue Blame\u201c-Thema dieses Heimtrikots 24\/25 des FC Chelsea wird auch auf dem Ausw\u00e4rtstrikot wiedergegeben und unterstreicht den gemeinsamen Ehrgeiz, die brennende Leidenschaft und die Entschlossenheit des Vereins, erfolgreich zu sein. Die auff\u00e4llige orange Akzentfarbe symbolisiert Feuer und repr\u00e4sentiert den gemeinsamen Antrieb aller, die mit Chelsea verbunden sind, sowohl auf als auch neben dem Spielfeld. [&hellip;]<\/p>","protected":false},"featured_media":20750,"comment_status":"open","ping_status":"closed","template":"","meta":[],"product_brand":[],"product_cat":[162],"product_tag":[20,1280,831,832,163,24,94],"class_list":{"0":"post-20748","1":"product","2":"type-product","3":"status-publish","4":"has-post-thumbnail","6":"product_cat-chelsea-kindertrikot","7":"product_tag-coole-fussballtrikots","8":"product_tag-chelsea-fc-24-25-trikot","9":"product_tag-chelsea-fussballtrikots-kinder","10":"product_tag-chelsea-trikot-fuer-kinder","11":"product_tag-chelsea-trikotsatz-fuer-kinder","12":"product_tag-guenstiges-fussballtrikot","13":"product_tag-kinder-fussball-trikotsatz","15":"first","16":"instock","17":"shipping-taxable","18":"purchasable","19":"product-type-variable"},"_links":{"self":[{"href":"https:\/\/www.billigtrikotde.com\/fr\/wp-json\/wp\/v2\/product\/20748","targetHints":{"allow":["GET"]}}],"collection":[{"href":"https:\/\/www.billigtrikotde.com\/fr\/wp-json\/wp\/v2\/product"}],"about":[{"href":"https:\/\/www.billigtrikotde.com\/fr\/wp-json\/wp\/v2\/types\/product"}],"replies":[{"embeddable":true,"href":"https:\/\/www.billigtrikotde.com\/fr\/wp-json\/wp\/v2\/comments?post=20748"}],"wp:featuredmedia":[{"embeddable":true,"href":"https:\/\/www.billigtrikotde.com\/fr\/wp-json\/wp\/v2\/media\/20750"}],"wp:attachment":[{"href":"https:\/\/www.billigtrikotde.com\/fr\/wp-json\/wp\/v2\/media?parent=20748"}],"wp:term":[{"taxonomy":"product_brand","embeddable":true,"href":"https:\/\/www.billigtrikotde.com\/fr\/wp-json\/wp\/v2\/product_brand?post=20748"},{"taxonomy":"product_cat","embeddable":true,"href":"https:\/\/www.billigtrikotde.com\/fr\/wp-json\/wp\/v2\/product_cat?post=20748"},{"taxonomy":"product_tag","embeddable":true,"href":"https:\/\/www.billigtrikotde.com\/fr\/wp-json\/wp\/v2\/product_tag?post=20748"}],"curies":[{"name":"wp","href":"https:\/\/api.w.org\/{rel}","templated":true}]}}