{"id":20741,"date":"2025-02-08T13:23:01","date_gmt":"2025-02-08T12:23:01","guid":{"rendered":"https:\/\/www.billigtrikotde.com\/?post_type=product&#038;p=20741"},"modified":"2025-03-01T09:09:35","modified_gmt":"2025-03-01T08:09:35","slug":"chelsea-fussballtrikots-kinder-heimtrikot-2024-25-cole-palmer-20","status":"publish","type":"product","link":"https:\/\/www.billigtrikotde.com\/fr\/chelsea-fussballtrikots-kinder-heimtrikot-2024-25-cole-palmer-20\/","title":{"rendered":"Chelsea Maillots de foot enfants domicile 2024-25 Cole Palmer 20"},"content":{"rendered":"<p>Le maillot de football de Chelsea kinder 24-25 constitue une premi\u00e8re dans l'histoire du club. Il combine le bleu traditionnel et le blanc-orange. Les logos du maillot domicile Chelsea 24-25 sont bleu clair et bord\u00e9s de \"Team Orange\". Tous deux ont un effet 3D. Ce qui attire l'attention, c'est un design ondul\u00e9 qui rappelle un peu l'effet d'une vague de mousse.<\/p>\n<p>Conseils pour l'impression : Si le nom et le num\u00e9ro figurant sur l'image correspondent exactement \u00e0 ce que vous souhaitez, vous ne devez pas les saisir \u00e0 nouveau. Si ce n'est pas le cas, vous devez saisir le nom et le num\u00e9ro que vous souhaitez.<\/p>\n<p>Conseils pour le lavage : Il est recommand\u00e9 de laver les maillots de football \u00e0 la main. Si vous souhaitez utiliser la machine \u00e0 laver, pensez \u00e0 retourner les maillots de football avant de les laver. Remplissez la machine avec de l'eau froide et utilisez un cycle de lavage d\u00e9licat pour mieux prot\u00e9ger les couleurs.<\/p>","protected":false},"excerpt":{"rendered":"<p>Das Chelsea Fu\u00dfballtrikots kinder 24-25 stellt eine Premiere in der Geschichte des Vereins dar. Es kombiniert das traditionelle Blau und Wei\u00df-Orange. Die Logos des Chelsea 24-25 Heimtrikots sind hellblau und mit \u201eTeam Orange\u201c umrandet. Beide haben einen 3D-Effekt. Was auff\u00e4llt, ist ein wellenf\u00f6rmiges Design, das ein wenig an den Effekt einer Schaumstoffwelle erinnert. Tipps zum [&hellip;]<\/p>","protected":false},"featured_media":20743,"comment_status":"open","ping_status":"closed","template":"","meta":[],"product_brand":[],"product_cat":[162],"product_tag":[20,1280,831,832,163,1221,24,94],"class_list":{"0":"post-20741","1":"product","2":"type-product","3":"status-publish","4":"has-post-thumbnail","6":"product_cat-chelsea-kindertrikot","7":"product_tag-coole-fussballtrikots","8":"product_tag-chelsea-fc-24-25-trikot","9":"product_tag-chelsea-fussballtrikots-kinder","10":"product_tag-chelsea-trikot-fuer-kinder","11":"product_tag-chelsea-trikotsatz-fuer-kinder","12":"product_tag-cole-palmer-trikots","13":"product_tag-guenstiges-fussballtrikot","14":"product_tag-kinder-fussball-trikotsatz","16":"first","17":"instock","18":"shipping-taxable","19":"purchasable","20":"product-type-variable"},"_links":{"self":[{"href":"https:\/\/www.billigtrikotde.com\/fr\/wp-json\/wp\/v2\/product\/20741","targetHints":{"allow":["GET"]}}],"collection":[{"href":"https:\/\/www.billigtrikotde.com\/fr\/wp-json\/wp\/v2\/product"}],"about":[{"href":"https:\/\/www.billigtrikotde.com\/fr\/wp-json\/wp\/v2\/types\/product"}],"replies":[{"embeddable":true,"href":"https:\/\/www.billigtrikotde.com\/fr\/wp-json\/wp\/v2\/comments?post=20741"}],"wp:featuredmedia":[{"embeddable":true,"href":"https:\/\/www.billigtrikotde.com\/fr\/wp-json\/wp\/v2\/media\/20743"}],"wp:attachment":[{"href":"https:\/\/www.billigtrikotde.com\/fr\/wp-json\/wp\/v2\/media?parent=20741"}],"wp:term":[{"taxonomy":"product_brand","embeddable":true,"href":"https:\/\/www.billigtrikotde.com\/fr\/wp-json\/wp\/v2\/product_brand?post=20741"},{"taxonomy":"product_cat","embeddable":true,"href":"https:\/\/www.billigtrikotde.com\/fr\/wp-json\/wp\/v2\/product_cat?post=20741"},{"taxonomy":"product_tag","embeddable":true,"href":"https:\/\/www.billigtrikotde.com\/fr\/wp-json\/wp\/v2\/product_tag?post=20741"}],"curies":[{"name":"wp","href":"https:\/\/api.w.org\/{rel}","templated":true}]}}