{"id":20736,"date":"2025-02-01T15:29:00","date_gmt":"2025-02-01T14:29:00","guid":{"rendered":"https:\/\/www.billigtrikotde.com\/?post_type=product&#038;p=20736"},"modified":"2025-03-01T09:23:27","modified_gmt":"2025-03-01T08:23:27","slug":"kindertrikot-tottenham-hotspur-ausweich-trikotsatz-james-maddison-10","status":"publish","type":"product","link":"https:\/\/www.billigtrikotde.com\/fr\/kindertrikot-tottenham-hotspur-ausweich-trikotsatz-james-maddison-10\/","title":{"rendered":"Maillot enfant Tottenham Hotspur Jeu de maillot \u00e9vasion 2024-25 Vert James Maddison 10"},"content":{"rendered":"<p>Le design du troisi\u00e8me maillot de l'\u00e9quipe d'\u00e9vasion de Tottenham Hotspur pour enfants est subtilement inspir\u00e9 des sept ormes qui se dressent depuis des si\u00e8cles dans le sud de Tottenham. Ces arbres fascinent les habitants depuis des g\u00e9n\u00e9rations et sont profond\u00e9ment enracin\u00e9s dans le folklore. Selon la l\u00e9gende, les ormes originaux ont \u00e9t\u00e9 plant\u00e9s au 14e si\u00e8cle par sept s\u0153urs d'une famille locale, ce qui ajoute une touche mystique \u00e0 l'histoire de la r\u00e9gion.<\/p>\n<p>En int\u00e9grant des \u00e9l\u00e9ments de cette l\u00e9gende locale dans le design du maillot, Tottenham Hotspur souhaite montrer qu'il s'engage \u00e0 pr\u00e9server son attachement \u00e0 la communaut\u00e9. Le motif sur le tissu vert sert de repr\u00e9sentation visuelle du lien profond\u00e9ment enracin\u00e9 du club avec son code postal N17 et les environs, qui sont sa patrie depuis plus d'un si\u00e8cle.<\/p>","protected":false},"excerpt":{"rendered":"<p>Das Design des dritten Trikots der Kindertrikot Tottenham Hotspur Ausweich Trikotsatz ist subtil inspiriert von den sieben Ulmen, die seit Jahrhunderten in South Tottenham stehen. Diese B\u00e4ume faszinieren die Anwohner seit Generationen und sind tief in der Folklore verwurzelt. Der Legende nach wurden die urspr\u00fcnglichen Ulmen im 14. Jahrhundert von sieben Schwestern einer einheimischen Familie [&hellip;]<\/p>","protected":false},"featured_media":20738,"comment_status":"open","ping_status":"closed","template":"","meta":[],"product_brand":[],"product_cat":[102],"product_tag":[20,574,24,1402,94,652,104,105],"class_list":{"0":"post-20736","1":"product","2":"type-product","3":"status-publish","4":"has-post-thumbnail","6":"product_cat-tottenham-hotspur-kindertrikot","7":"product_tag-coole-fussballtrikots","8":"product_tag-fussballtrikot-deutschland","9":"product_tag-guenstiges-fussballtrikot","10":"product_tag-james-maddison-trikots","11":"product_tag-kinder-fussball-trikotsatz","12":"product_tag-tottenham-hotspur-fussballtrikot","13":"product_tag-tottenham-hotspur-trikots","14":"product_tag-tottenham-hotspur-trikotsatz-fuer-kinder","16":"first","17":"instock","18":"shipping-taxable","19":"purchasable","20":"product-type-variable"},"_links":{"self":[{"href":"https:\/\/www.billigtrikotde.com\/fr\/wp-json\/wp\/v2\/product\/20736","targetHints":{"allow":["GET"]}}],"collection":[{"href":"https:\/\/www.billigtrikotde.com\/fr\/wp-json\/wp\/v2\/product"}],"about":[{"href":"https:\/\/www.billigtrikotde.com\/fr\/wp-json\/wp\/v2\/types\/product"}],"replies":[{"embeddable":true,"href":"https:\/\/www.billigtrikotde.com\/fr\/wp-json\/wp\/v2\/comments?post=20736"}],"wp:featuredmedia":[{"embeddable":true,"href":"https:\/\/www.billigtrikotde.com\/fr\/wp-json\/wp\/v2\/media\/20738"}],"wp:attachment":[{"href":"https:\/\/www.billigtrikotde.com\/fr\/wp-json\/wp\/v2\/media?parent=20736"}],"wp:term":[{"taxonomy":"product_brand","embeddable":true,"href":"https:\/\/www.billigtrikotde.com\/fr\/wp-json\/wp\/v2\/product_brand?post=20736"},{"taxonomy":"product_cat","embeddable":true,"href":"https:\/\/www.billigtrikotde.com\/fr\/wp-json\/wp\/v2\/product_cat?post=20736"},{"taxonomy":"product_tag","embeddable":true,"href":"https:\/\/www.billigtrikotde.com\/fr\/wp-json\/wp\/v2\/product_tag?post=20736"}],"curies":[{"name":"wp","href":"https:\/\/api.w.org\/{rel}","templated":true}]}}