{"id":20718,"date":"2025-01-29T05:34:16","date_gmt":"2025-01-29T04:34:16","guid":{"rendered":"https:\/\/www.billigtrikotde.com\/?post_type=product&#038;p=20718"},"modified":"2025-03-01T09:14:59","modified_gmt":"2025-03-01T08:14:59","slug":"fussball-trikot-guenstig-kinder-tottenham-hotspur-auswaerts-trikotsatz-2024-25-james-maddison-10","status":"publish","type":"product","link":"https:\/\/www.billigtrikotde.com\/fr\/fussball-trikot-guenstig-kinder-tottenham-hotspur-auswaerts-trikotsatz-2024-25-james-maddison-10\/","title":{"rendered":"Maillot de foot pas cher enfants Tottenham Hotspur Jeu de maillot ext\u00e9rieur 2024-25 James Maddison 10"},"content":{"rendered":"<p>Dans un changement audacieux par rapport au design traditionnel du maillot de football pas cher enfants Tottenham Hotspur, le blason du club occupe une place centrale sur le maillot ext\u00e9rieur Tottenham Hotspur 24\/25. Ce placement innovant ajoute une touche de modernit\u00e9 au design classique et comble l'\u00e9cart entre la riche histoire de Tottenham et ses ambitions tourn\u00e9es vers l'avenir. Les manches et l'encolure sont orn\u00e9es d'une bande jaune et blanche, un \u00e9l\u00e9ment de design qui sera pr\u00e9sent sur tous les maillots du club la saison prochaine.<\/p>\n<p>Conseils pour l'impression : Si le nom et le num\u00e9ro figurant sur l'image correspondent exactement \u00e0 ce que vous souhaitez, vous ne devez pas les saisir \u00e0 nouveau. Si ce n'est pas le cas, vous devez saisir le nom et le num\u00e9ro que vous souhaitez.<\/p>\n<p>Conseils pour le lavage : Il est recommand\u00e9 de laver les maillots de football \u00e0 la main. Si vous souhaitez utiliser la machine \u00e0 laver, pensez \u00e0 retourner les maillots de football avant de les laver. Remplissez la machine avec de l'eau froide et utilisez un cycle de lavage d\u00e9licat pour mieux prot\u00e9ger les couleurs.<\/p>","protected":false},"excerpt":{"rendered":"<p>In einer mutigen Abkehr vom traditionellen Fussball trikot g\u00fcnstig Kinder Tottenham Hotspur design von Tottenham Hotspur steht das Vereinswappen auf dem Tottenham Hotspur 24\/25-Ausw\u00e4rtstrikot im Mittelpunkt. Diese innovative Platzierung verleiht dem klassischen Design eine moderne Note und \u00fcberbr\u00fcckt die L\u00fccke zwischen Tottenhams reicher Geschichte und seinen zukunftsweisenden Ambitionen. Die \u00c4rmel und der Ausschnitt sind mit [&hellip;]<\/p>","protected":false},"featured_media":20720,"comment_status":"open","ping_status":"closed","template":"","meta":[],"product_brand":[],"product_cat":[102],"product_tag":[20,574,24,1402,94,652,104,105],"class_list":{"0":"post-20718","1":"product","2":"type-product","3":"status-publish","4":"has-post-thumbnail","6":"product_cat-tottenham-hotspur-kindertrikot","7":"product_tag-coole-fussballtrikots","8":"product_tag-fussballtrikot-deutschland","9":"product_tag-guenstiges-fussballtrikot","10":"product_tag-james-maddison-trikots","11":"product_tag-kinder-fussball-trikotsatz","12":"product_tag-tottenham-hotspur-fussballtrikot","13":"product_tag-tottenham-hotspur-trikots","14":"product_tag-tottenham-hotspur-trikotsatz-fuer-kinder","16":"first","17":"instock","18":"shipping-taxable","19":"purchasable","20":"product-type-variable"},"_links":{"self":[{"href":"https:\/\/www.billigtrikotde.com\/fr\/wp-json\/wp\/v2\/product\/20718","targetHints":{"allow":["GET"]}}],"collection":[{"href":"https:\/\/www.billigtrikotde.com\/fr\/wp-json\/wp\/v2\/product"}],"about":[{"href":"https:\/\/www.billigtrikotde.com\/fr\/wp-json\/wp\/v2\/types\/product"}],"replies":[{"embeddable":true,"href":"https:\/\/www.billigtrikotde.com\/fr\/wp-json\/wp\/v2\/comments?post=20718"}],"wp:featuredmedia":[{"embeddable":true,"href":"https:\/\/www.billigtrikotde.com\/fr\/wp-json\/wp\/v2\/media\/20720"}],"wp:attachment":[{"href":"https:\/\/www.billigtrikotde.com\/fr\/wp-json\/wp\/v2\/media?parent=20718"}],"wp:term":[{"taxonomy":"product_brand","embeddable":true,"href":"https:\/\/www.billigtrikotde.com\/fr\/wp-json\/wp\/v2\/product_brand?post=20718"},{"taxonomy":"product_cat","embeddable":true,"href":"https:\/\/www.billigtrikotde.com\/fr\/wp-json\/wp\/v2\/product_cat?post=20718"},{"taxonomy":"product_tag","embeddable":true,"href":"https:\/\/www.billigtrikotde.com\/fr\/wp-json\/wp\/v2\/product_tag?post=20718"}],"curies":[{"name":"wp","href":"https:\/\/api.w.org\/{rel}","templated":true}]}}