{"id":20700,"date":"2025-01-29T04:53:02","date_gmt":"2025-01-29T03:53:02","guid":{"rendered":"https:\/\/www.billigtrikotde.com\/?post_type=product&#038;p=20700"},"modified":"2025-02-08T15:17:34","modified_gmt":"2025-02-08T14:17:34","slug":"kinder-fussballtrikots-tottenham-hotspur-heim-trikotsatz-2024-25-archie-gray-14","status":"publish","type":"product","link":"https:\/\/www.billigtrikotde.com\/fr\/kinder-fussballtrikots-tottenham-hotspur-heim-trikotsatz-2024-25-archie-gray-14\/","title":{"rendered":"Maillots de Football Enfants Tottenham Hotspur Jeu de Maillots Domicile 2024-25 Archie Gray 14"},"content":{"rendered":"<p>Le design du maillot domicile Tottenham Hotspur 24\/25 abordable pr\u00e9sente des manches bleu marine tout au long, qui reviennent au maillot blanc \u00ab Lilywhite \u00bb. Ce design c\u00e9l\u00e8bre les couleurs embl\u00e9matiques du club du Nord de Londres.<\/p>\n<p>Le maillot arbore un nouveau design de col rond de Soccer et des poignets \u00e0 rayures fines. Tous les d\u00e9tails du maillot sont dans les accents bleu marine traditionnels de Tottenham et s'harmonisent avec le short bleu fonc\u00e9 et les chaussettes blanches pour un look classique de Spurs.<\/p>\n<p>Conseils pour l'impression : Si le nom et le num\u00e9ro figurant sur l'image correspondent exactement \u00e0 ce que vous souhaitez, vous ne devez pas les saisir \u00e0 nouveau. Si ce n'est pas le cas, vous devez saisir le nom et le num\u00e9ro que vous souhaitez.<\/p>\n<p>Conseils pour le lavage : Il est recommand\u00e9 de laver les maillots de football \u00e0 la main. Si vous souhaitez utiliser la machine \u00e0 laver, pensez \u00e0 retourner les maillots de football avant de les laver. Remplissez la machine avec de l'eau froide et utilisez un cycle de lavage d\u00e9licat pour mieux prot\u00e9ger les couleurs.<\/p>","protected":false},"excerpt":{"rendered":"<p>Le design du maillot domicile 24\/25 de Tottenham Hotspur, abordable, pr\u00e9sente des manches bleu marine tout au long qui reviennent au maillot blanc \u00ab Lilywhite \u00bb. Ce design c\u00e9l\u00e8bre les couleurs embl\u00e9matiques du club du Nord de Londres. Le maillot arbore un nouveau col ras du cou sign\u00e9 Soccer et des poignets \u00e0 rayures finement ray\u00e9es. Tous les d\u00e9tails du maillot sont retenus dans les accents bleu marine traditionnels de Tottenham et s'harmonisent avec le short bleu fonc\u00e9 et [\u2026]<\/p>","protected":false},"featured_media":20702,"comment_status":"open","ping_status":"closed","template":"","meta":[],"product_brand":[],"product_cat":[102],"product_tag":[1400,20,574,24,94,652,104,105],"class_list":{"0":"post-20700","1":"product","2":"type-product","3":"status-publish","4":"has-post-thumbnail","6":"product_cat-tottenham-hotspur-kindertrikot","7":"product_tag-archie-gray-trikots","8":"product_tag-coole-fussballtrikots","9":"product_tag-fussballtrikot-deutschland","10":"product_tag-guenstiges-fussballtrikot","11":"product_tag-kinder-fussball-trikotsatz","12":"product_tag-tottenham-hotspur-fussballtrikot","13":"product_tag-tottenham-hotspur-trikots","14":"product_tag-tottenham-hotspur-trikotsatz-fuer-kinder","16":"first","17":"instock","18":"shipping-taxable","19":"purchasable","20":"product-type-variable"},"_links":{"self":[{"href":"https:\/\/www.billigtrikotde.com\/fr\/wp-json\/wp\/v2\/product\/20700","targetHints":{"allow":["GET"]}}],"collection":[{"href":"https:\/\/www.billigtrikotde.com\/fr\/wp-json\/wp\/v2\/product"}],"about":[{"href":"https:\/\/www.billigtrikotde.com\/fr\/wp-json\/wp\/v2\/types\/product"}],"replies":[{"embeddable":true,"href":"https:\/\/www.billigtrikotde.com\/fr\/wp-json\/wp\/v2\/comments?post=20700"}],"wp:featuredmedia":[{"embeddable":true,"href":"https:\/\/www.billigtrikotde.com\/fr\/wp-json\/wp\/v2\/media\/20702"}],"wp:attachment":[{"href":"https:\/\/www.billigtrikotde.com\/fr\/wp-json\/wp\/v2\/media?parent=20700"}],"wp:term":[{"taxonomy":"product_brand","embeddable":true,"href":"https:\/\/www.billigtrikotde.com\/fr\/wp-json\/wp\/v2\/product_brand?post=20700"},{"taxonomy":"product_cat","embeddable":true,"href":"https:\/\/www.billigtrikotde.com\/fr\/wp-json\/wp\/v2\/product_cat?post=20700"},{"taxonomy":"product_tag","embeddable":true,"href":"https:\/\/www.billigtrikotde.com\/fr\/wp-json\/wp\/v2\/product_tag?post=20700"}],"curies":[{"name":"wp","href":"https:\/\/api.w.org\/{rel}","templated":true}]}}