{"id":20685,"date":"2025-01-26T08:33:01","date_gmt":"2025-01-26T07:33:01","guid":{"rendered":"https:\/\/www.billigtrikotde.com\/?post_type=product&#038;p=20685"},"modified":"2025-01-26T08:57:42","modified_gmt":"2025-01-26T07:57:42","slug":"guenstige-kindertrikot-real-madrid-ausweich-trikotsatz-2024-25-vinicius-junior-7","status":"publish","type":"product","link":"https:\/\/www.billigtrikotde.com\/fr\/guenstige-kindertrikot-real-madrid-ausweich-trikotsatz-2024-25-vinicius-junior-7\/","title":{"rendered":"Maillot enfant pas cher Real Madrid \u00e9vasion jeu de maillot 2024-25 Vinicius Junior 7"},"content":{"rendered":"<p>Le troisi\u00e8me maillot bon march\u00e9 du Real Madrid 2024\/25 se caract\u00e9rise par un sch\u00e9ma de couleurs gris fonc\u00e9 raffin\u00e9, qui se distingue nettement des designs pr\u00e9c\u00e9dents. La caract\u00e9ristique la plus marquante du nouveau maillot du Real Madrid est un motif complexe repr\u00e9sentant les initiales du club \"RMCF\", un \u00e9l\u00e9ment de design unique inspir\u00e9 des plaques de rue traditionnelles de Madrid, qui cr\u00e9e un lien fort entre l'\u00e9quipe et sa ville natale. Le monogramme r\u00e9p\u00e9t\u00e9 sur tout le maillot donne de la profondeur et du caract\u00e8re au dernier maillot du Real Madrid 2024\/25.Plusieurs d\u00e9tails remarquables ont \u00e9t\u00e9 int\u00e9gr\u00e9s dans le design du troisi\u00e8me maillot 24\/25 du Real Madrid. Le maillot est dot\u00e9 d'un col polo tricot\u00e9 \u00e0 plat et d'une fermeture \u00e0 boutons qui ajoute une touche d'\u00e9l\u00e9gance \u00e0 l'esth\u00e9tique g\u00e9n\u00e9rale.<\/p>\n<p>Conseils pour l'impression : Si le nom et le num\u00e9ro figurant sur l'image correspondent exactement \u00e0 ce que vous souhaitez, vous ne devez pas les saisir \u00e0 nouveau. Si ce n'est pas le cas, vous devez saisir le nom et le num\u00e9ro que vous souhaitez.<\/p>\n<p>Conseils pour le lavage : Il est recommand\u00e9 de laver les maillots de football \u00e0 la main. Si vous souhaitez utiliser la machine \u00e0 laver, pensez \u00e0 retourner les maillots de football avant de les laver. Remplissez la machine avec de l'eau froide et utilisez un cycle de lavage d\u00e9licat pour mieux prot\u00e9ger les couleurs.<\/p>","protected":false},"excerpt":{"rendered":"<p>Das g\u00fcnstige dritte Trikot von Real Madrid 2024\/25 zeichnet sich durch ein raffiniertes dunkelgraues Farbschema aus, das sich deutlich von fr\u00fcheren Designs unterscheidet. Das herausragende Merkmal des neuen Trikots von Real Madrid ist ein kompliziertes Muster mit den Initialen des Vereins \u201eRMCF\u201c.Dieses einzigartige Designelement ist von traditionellen Madrider Stra\u00dfenschildern inspiriert und schafft eine starke Verbindung [&hellip;]<\/p>","protected":false},"featured_media":20687,"comment_status":"open","ping_status":"closed","template":"","meta":[],"product_brand":[],"product_cat":[165],"product_tag":[20,574,24,94,879,880,47,166,1302],"class_list":{"0":"post-20685","1":"product","2":"type-product","3":"status-publish","4":"has-post-thumbnail","6":"product_cat-real-madrid-kindertrikot","7":"product_tag-coole-fussballtrikots","8":"product_tag-fussballtrikot-deutschland","9":"product_tag-guenstiges-fussballtrikot","10":"product_tag-kinder-fussball-trikotsatz","11":"product_tag-real-madrid-fussballtrikots-kinder","12":"product_tag-real-madrid-trikot-fuer-kinder","13":"product_tag-real-madrid-trikots","14":"product_tag-real-madrid-trikotsatz-fuer-kinder","15":"product_tag-vinicius-junior-trikots","17":"first","18":"instock","19":"shipping-taxable","20":"purchasable","21":"product-type-variable"},"_links":{"self":[{"href":"https:\/\/www.billigtrikotde.com\/fr\/wp-json\/wp\/v2\/product\/20685","targetHints":{"allow":["GET"]}}],"collection":[{"href":"https:\/\/www.billigtrikotde.com\/fr\/wp-json\/wp\/v2\/product"}],"about":[{"href":"https:\/\/www.billigtrikotde.com\/fr\/wp-json\/wp\/v2\/types\/product"}],"replies":[{"embeddable":true,"href":"https:\/\/www.billigtrikotde.com\/fr\/wp-json\/wp\/v2\/comments?post=20685"}],"wp:featuredmedia":[{"embeddable":true,"href":"https:\/\/www.billigtrikotde.com\/fr\/wp-json\/wp\/v2\/media\/20687"}],"wp:attachment":[{"href":"https:\/\/www.billigtrikotde.com\/fr\/wp-json\/wp\/v2\/media?parent=20685"}],"wp:term":[{"taxonomy":"product_brand","embeddable":true,"href":"https:\/\/www.billigtrikotde.com\/fr\/wp-json\/wp\/v2\/product_brand?post=20685"},{"taxonomy":"product_cat","embeddable":true,"href":"https:\/\/www.billigtrikotde.com\/fr\/wp-json\/wp\/v2\/product_cat?post=20685"},{"taxonomy":"product_tag","embeddable":true,"href":"https:\/\/www.billigtrikotde.com\/fr\/wp-json\/wp\/v2\/product_tag?post=20685"}],"curies":[{"name":"wp","href":"https:\/\/api.w.org\/{rel}","templated":true}]}}